{"id":88906,"date":"2022-01-27T09:16:48","date_gmt":"2022-01-27T07:16:48","guid":{"rendered":"https:\/\/jfrog.com\/assets\/8-reasons-for-devops-to-use-a-binary-repository-manager\/"},"modified":"2022-01-27T09:22:35","modified_gmt":"2022-01-27T07:22:35","slug":"8-reasons-for-devops-to-use-a-binary-repository-manager","status":"publish","type":"page","link":"https:\/\/jfrog.com\/fr\/8-reasons-for-devops-to-use-a-binary-repository-manager\/","title":{"rendered":"8\u00a0Raisons d\u2019Utiliser un Gestionnaire de D\u00e9p\u00f4t de Binaires avec DevOps"},"content":{"rendered":"","protected":false},"excerpt":{"rendered":"","protected":false},"author":289,"featured_media":0,"parent":0,"menu_order":1163,"comment_status":"closed","ping_status":"closed","template":"templates\/resource-gated.php","meta":{"inline_featured_image":false,"footnotes":""},"class_list":["post-88906","page","type-page","status-publish","hentry"],"yoast_head":"<!-- This site is optimized with the Yoast SEO Premium plugin v22.6 (Yoast SEO v22.6) - https:\/\/yoast.com\/wordpress\/plugins\/seo\/ -->\n<title>8\u00a0Raisons d\u2019Utiliser un Gestionnaire de D\u00e9p\u00f4t de Binaires avec DevOps | JFrog<\/title>\n<meta name=\"description\" content=\"Dans ce livre blanc, d\u00e9couvrez le point de rencontre entre le d\u00e9veloppement et la livraison de logiciels. Nous vous pr\u00e9sentons 8\u00a0pratiques essentielles de cette approche DevOps centr\u00e9e sur les binaires. Vous apprendrez comment r\u00e9duire les frictions, int\u00e9grer la s\u00e9curit\u00e9 dans les \u00e9tapes cl\u00e9s du cycle de vie et acc\u00e9l\u00e9rer la livraison des logiciels.\" \/>\n<meta name=\"robots\" content=\"index, follow, max-snippet:-1, max-image-preview:large, max-video-preview:-1\" \/>\n<link rel=\"canonical\" href=\"https:\/\/jfrog.com\/fr\/wp-json\/wp\/v2\/pages\/88906\" \/>\n<meta property=\"og:locale\" content=\"fr_FR\" \/>\n<meta property=\"og:type\" content=\"article\" \/>\n<meta property=\"og:title\" content=\"[Livre Blanc]\u00a0: 8\u00a0Raisons d\u2019Utiliser un Gestionnaire de D\u00e9p\u00f4t de Binaires avec DevOps\" \/>\n<meta property=\"og:description\" content=\"Dans ce livre blanc, d\u00e9couvrez le point de rencontre entre le d\u00e9veloppement et la livraison de logiciels. Nous vous pr\u00e9sentons 8\u00a0pratiques essentielles de cette approche DevOps centr\u00e9e sur les binaires. Vous apprendrez comment r\u00e9duire les frictions, int\u00e9grer la s\u00e9curit\u00e9 dans les \u00e9tapes cl\u00e9s du cycle de vie et acc\u00e9l\u00e9rer la livraison des logiciels.\" \/>\n<meta property=\"og:url\" content=\"https:\/\/jfrog.com\/fr\/8-reasons-for-devops-to-use-a-binary-repository-manager\/\" \/>\n<meta property=\"og:site_name\" content=\"JFrog\" \/>\n<meta property=\"article:publisher\" content=\"https:\/\/www.facebook.com\/artifrog\" \/>\n<meta property=\"article:modified_time\" content=\"2022-01-27T07:22:35+00:00\" \/>\n<meta property=\"og:image\" content=\"https:\/\/media.jfrog.com\/wp-content\/uploads\/2017\/11\/27231426\/8-Reasons-for-DevOps-to-use-a-Binary-Repository-Manager.png\" \/>\n<meta name=\"twitter:card\" content=\"summary_large_image\" \/>\n<meta name=\"twitter:title\" content=\"[Livre Blanc]\u00a0: 8\u00a0Raisons d\u2019Utiliser un Gestionnaire de D\u00e9p\u00f4t de Binaires avec DevOps\" \/>\n<meta name=\"twitter:description\" content=\"Dans ce livre blanc, d\u00e9couvrez le point de rencontre entre le d\u00e9veloppement et la livraison de logiciels. Nous vous pr\u00e9sentons 8\u00a0pratiques essentielles de cette approche DevOps centr\u00e9e sur les binaires. Vous apprendrez comment r\u00e9duire les frictions, int\u00e9grer la s\u00e9curit\u00e9 dans les \u00e9tapes cl\u00e9s du cycle de vie et acc\u00e9l\u00e9rer la livraison des logiciels.\" \/>\n<meta name=\"twitter:image\" content=\"https:\/\/media.jfrog.com\/wp-content\/uploads\/2017\/11\/27224222\/8-Reasons-LifeCycle.png\" \/>\n<meta name=\"twitter:site\" content=\"@jfrog\" \/>\n<script type=\"application\/ld+json\" class=\"yoast-schema-graph\">{\"@context\":\"https:\/\/schema.org\",\"@graph\":[{\"@type\":\"WebPage\",\"@id\":\"https:\/\/jfrog.com\/fr\/8-reasons-for-devops-to-use-a-binary-repository-manager\/\",\"url\":\"https:\/\/jfrog.com\/fr\/8-reasons-for-devops-to-use-a-binary-repository-manager\/\",\"name\":\"8\u00a0Raisons d\u2019Utiliser un Gestionnaire de D\u00e9p\u00f4t de Binaires avec DevOps | JFrog\",\"isPartOf\":{\"@id\":\"https:\/\/jfrog.com\/fr\/#website\"},\"datePublished\":\"2022-01-27T07:16:48+00:00\",\"dateModified\":\"2022-01-27T07:22:35+00:00\",\"description\":\"Dans ce livre blanc, d\u00e9couvrez le point de rencontre entre le d\u00e9veloppement et la livraison de logiciels. Nous vous pr\u00e9sentons 8\u00a0pratiques essentielles de cette approche DevOps centr\u00e9e sur les binaires. Vous apprendrez comment r\u00e9duire les frictions, int\u00e9grer la s\u00e9curit\u00e9 dans les \u00e9tapes cl\u00e9s du cycle de vie et acc\u00e9l\u00e9rer la livraison des logiciels.\",\"breadcrumb\":{\"@id\":\"https:\/\/jfrog.com\/fr\/8-reasons-for-devops-to-use-a-binary-repository-manager\/#breadcrumb\"},\"inLanguage\":\"fr-FR\",\"potentialAction\":[{\"@type\":\"ReadAction\",\"target\":[\"https:\/\/jfrog.com\/fr\/8-reasons-for-devops-to-use-a-binary-repository-manager\/\"]}]},{\"@type\":\"BreadcrumbList\",\"@id\":\"https:\/\/jfrog.com\/fr\/8-reasons-for-devops-to-use-a-binary-repository-manager\/#breadcrumb\",\"itemListElement\":[{\"@type\":\"ListItem\",\"position\":1,\"name\":\"Home\",\"item\":\"https:\/\/jfrog.com\/fr\/\"},{\"@type\":\"ListItem\",\"position\":2,\"name\":\"Assets &#8211; fr\",\"item\":\"https:\/\/jfrog.com\/fr\/assets\/\"},{\"@type\":\"ListItem\",\"position\":3,\"name\":\"8\u00a0Raisons d\u2019Utiliser un Gestionnaire de D\u00e9p\u00f4t de Binaires avec DevOps\"}]},{\"@type\":\"WebSite\",\"@id\":\"https:\/\/jfrog.com\/fr\/#website\",\"url\":\"https:\/\/jfrog.com\/fr\/\",\"name\":\"JFrog\",\"description\":\"Deliver Trusted Software Releases at Speed and Scale\",\"publisher\":{\"@id\":\"https:\/\/jfrog.com\/fr\/#organization\"},\"potentialAction\":[{\"@type\":\"SearchAction\",\"target\":{\"@type\":\"EntryPoint\",\"urlTemplate\":\"https:\/\/jfrog.com\/fr\/?s={search_term_string}\"},\"query-input\":\"required name=search_term_string\"}],\"inLanguage\":\"fr-FR\"},{\"@type\":\"Organization\",\"@id\":\"https:\/\/jfrog.com\/fr\/#organization\",\"name\":\"JFrog\",\"url\":\"https:\/\/jfrog.com\/fr\/\",\"logo\":{\"@type\":\"ImageObject\",\"inLanguage\":\"fr-FR\",\"@id\":\"https:\/\/jfrog.com\/fr\/#\/schema\/logo\/image\/\",\"url\":\"https:\/\/speedmedia2.jfrog.com\/08612fe1-9391-4cf3-ac1a-6dd49c36b276\/media.jfrog.com\/wp-content\/uploads\/2025\/05\/27095207\/Logo.svg\",\"contentUrl\":\"https:\/\/speedmedia2.jfrog.com\/08612fe1-9391-4cf3-ac1a-6dd49c36b276\/media.jfrog.com\/wp-content\/uploads\/2025\/05\/27095207\/Logo.svg\",\"width\":74,\"height\":73,\"caption\":\"JFrog\"},\"image\":{\"@id\":\"https:\/\/jfrog.com\/fr\/#\/schema\/logo\/image\/\"},\"sameAs\":[\"https:\/\/www.facebook.com\/artifrog\",\"https:\/\/x.com\/jfrog\",\"https:\/\/www.linkedin.com\/company\/455737\",\"https:\/\/www.youtube.com\/channel\/UCh2hNg76zo3d1qQqTWIQxDg\",\"https:\/\/www.wikidata.org\/wiki\/Q98608948\"],\"description\":\"We set out on our Liquid Software journey in 2008, with the mission to transform the way enterprises manage and release software updates. The world expects software to update continuously, securely, non-intrusively and without user intervention. This hyper-connected experience can only be enabled by automation with an end-to-end DevOps platform and a binary-centric focus. With this in mind, we\u2019ve developed the JFrog Platform, ushering in a new era of DevOps and DevSecOps standards that power continuous updates. More than a decade after our founding, with thousands of customers and millions of users globally, JFrog has become the \u201cDatabase of DevOps\u201d and the de-facto standard in release and update management.\",\"legalName\":\"Jfrog, Inc.\",\"numberOfEmployees\":{\"@type\":\"QuantitativeValue\",\"minValue\":\"1001\",\"maxValue\":\"5000\"}}]}<\/script>\n<!-- \/ Yoast SEO Premium plugin. -->","yoast_head_json":{"title":"8\u00a0Raisons d\u2019Utiliser un Gestionnaire de D\u00e9p\u00f4t de Binaires avec DevOps | JFrog","description":"Dans ce livre blanc, d\u00e9couvrez le point de rencontre entre le d\u00e9veloppement et la livraison de logiciels. Nous vous pr\u00e9sentons 8\u00a0pratiques essentielles de cette approche DevOps centr\u00e9e sur les binaires. Vous apprendrez comment r\u00e9duire les frictions, int\u00e9grer la s\u00e9curit\u00e9 dans les \u00e9tapes cl\u00e9s du cycle de vie et acc\u00e9l\u00e9rer la livraison des logiciels.","robots":{"index":"index","follow":"follow","max-snippet":"max-snippet:-1","max-image-preview":"max-image-preview:large","max-video-preview":"max-video-preview:-1"},"canonical":"https:\/\/jfrog.com\/fr\/wp-json\/wp\/v2\/pages\/88906","og_locale":"fr_FR","og_type":"article","og_title":"[Livre Blanc]\u00a0: 8\u00a0Raisons d\u2019Utiliser un Gestionnaire de D\u00e9p\u00f4t de Binaires avec DevOps","og_description":"Dans ce livre blanc, d\u00e9couvrez le point de rencontre entre le d\u00e9veloppement et la livraison de logiciels. Nous vous pr\u00e9sentons 8\u00a0pratiques essentielles de cette approche DevOps centr\u00e9e sur les binaires. Vous apprendrez comment r\u00e9duire les frictions, int\u00e9grer la s\u00e9curit\u00e9 dans les \u00e9tapes cl\u00e9s du cycle de vie et acc\u00e9l\u00e9rer la livraison des logiciels.","og_url":"https:\/\/jfrog.com\/fr\/8-reasons-for-devops-to-use-a-binary-repository-manager\/","og_site_name":"JFrog","article_publisher":"https:\/\/www.facebook.com\/artifrog","article_modified_time":"2022-01-27T07:22:35+00:00","og_image":[{"url":"https:\/\/media.jfrog.com\/wp-content\/uploads\/2017\/11\/27231426\/8-Reasons-for-DevOps-to-use-a-Binary-Repository-Manager.png"}],"twitter_card":"summary_large_image","twitter_title":"[Livre Blanc]\u00a0: 8\u00a0Raisons d\u2019Utiliser un Gestionnaire de D\u00e9p\u00f4t de Binaires avec DevOps","twitter_description":"Dans ce livre blanc, d\u00e9couvrez le point de rencontre entre le d\u00e9veloppement et la livraison de logiciels. Nous vous pr\u00e9sentons 8\u00a0pratiques essentielles de cette approche DevOps centr\u00e9e sur les binaires. Vous apprendrez comment r\u00e9duire les frictions, int\u00e9grer la s\u00e9curit\u00e9 dans les \u00e9tapes cl\u00e9s du cycle de vie et acc\u00e9l\u00e9rer la livraison des logiciels.","twitter_image":"https:\/\/media.jfrog.com\/wp-content\/uploads\/2017\/11\/27224222\/8-Reasons-LifeCycle.png","twitter_site":"@jfrog","schema":{"@context":"https:\/\/schema.org","@graph":[{"@type":"WebPage","@id":"https:\/\/jfrog.com\/fr\/8-reasons-for-devops-to-use-a-binary-repository-manager\/","url":"https:\/\/jfrog.com\/fr\/8-reasons-for-devops-to-use-a-binary-repository-manager\/","name":"8\u00a0Raisons d\u2019Utiliser un Gestionnaire de D\u00e9p\u00f4t de Binaires avec DevOps | JFrog","isPartOf":{"@id":"https:\/\/jfrog.com\/fr\/#website"},"datePublished":"2022-01-27T07:16:48+00:00","dateModified":"2022-01-27T07:22:35+00:00","description":"Dans ce livre blanc, d\u00e9couvrez le point de rencontre entre le d\u00e9veloppement et la livraison de logiciels. Nous vous pr\u00e9sentons 8\u00a0pratiques essentielles de cette approche DevOps centr\u00e9e sur les binaires. Vous apprendrez comment r\u00e9duire les frictions, int\u00e9grer la s\u00e9curit\u00e9 dans les \u00e9tapes cl\u00e9s du cycle de vie et acc\u00e9l\u00e9rer la livraison des logiciels.","breadcrumb":{"@id":"https:\/\/jfrog.com\/fr\/8-reasons-for-devops-to-use-a-binary-repository-manager\/#breadcrumb"},"inLanguage":"fr-FR","potentialAction":[{"@type":"ReadAction","target":["https:\/\/jfrog.com\/fr\/8-reasons-for-devops-to-use-a-binary-repository-manager\/"]}]},{"@type":"BreadcrumbList","@id":"https:\/\/jfrog.com\/fr\/8-reasons-for-devops-to-use-a-binary-repository-manager\/#breadcrumb","itemListElement":[{"@type":"ListItem","position":1,"name":"Home","item":"https:\/\/jfrog.com\/fr\/"},{"@type":"ListItem","position":2,"name":"Assets &#8211; fr","item":"https:\/\/jfrog.com\/fr\/assets\/"},{"@type":"ListItem","position":3,"name":"8\u00a0Raisons d\u2019Utiliser un Gestionnaire de D\u00e9p\u00f4t de Binaires avec DevOps"}]},{"@type":"WebSite","@id":"https:\/\/jfrog.com\/fr\/#website","url":"https:\/\/jfrog.com\/fr\/","name":"JFrog","description":"Deliver Trusted Software Releases at Speed and Scale","publisher":{"@id":"https:\/\/jfrog.com\/fr\/#organization"},"potentialAction":[{"@type":"SearchAction","target":{"@type":"EntryPoint","urlTemplate":"https:\/\/jfrog.com\/fr\/?s={search_term_string}"},"query-input":"required name=search_term_string"}],"inLanguage":"fr-FR"},{"@type":"Organization","@id":"https:\/\/jfrog.com\/fr\/#organization","name":"JFrog","url":"https:\/\/jfrog.com\/fr\/","logo":{"@type":"ImageObject","inLanguage":"fr-FR","@id":"https:\/\/jfrog.com\/fr\/#\/schema\/logo\/image\/","url":"https:\/\/speedmedia2.jfrog.com\/08612fe1-9391-4cf3-ac1a-6dd49c36b276\/media.jfrog.com\/wp-content\/uploads\/2025\/05\/27095207\/Logo.svg","contentUrl":"https:\/\/speedmedia2.jfrog.com\/08612fe1-9391-4cf3-ac1a-6dd49c36b276\/media.jfrog.com\/wp-content\/uploads\/2025\/05\/27095207\/Logo.svg","width":74,"height":73,"caption":"JFrog"},"image":{"@id":"https:\/\/jfrog.com\/fr\/#\/schema\/logo\/image\/"},"sameAs":["https:\/\/www.facebook.com\/artifrog","https:\/\/x.com\/jfrog","https:\/\/www.linkedin.com\/company\/455737","https:\/\/www.youtube.com\/channel\/UCh2hNg76zo3d1qQqTWIQxDg","https:\/\/www.wikidata.org\/wiki\/Q98608948"],"description":"We set out on our Liquid Software journey in 2008, with the mission to transform the way enterprises manage and release software updates. The world expects software to update continuously, securely, non-intrusively and without user intervention. This hyper-connected experience can only be enabled by automation with an end-to-end DevOps platform and a binary-centric focus. With this in mind, we\u2019ve developed the JFrog Platform, ushering in a new era of DevOps and DevSecOps standards that power continuous updates. More than a decade after our founding, with thousands of customers and millions of users globally, JFrog has become the \u201cDatabase of DevOps\u201d and the de-facto standard in release and update management.","legalName":"Jfrog, Inc.","numberOfEmployees":{"@type":"QuantitativeValue","minValue":"1001","maxValue":"5000"}}]}},"_links":{"self":[{"href":"https:\/\/jfrog.com\/fr\/wp-json\/wp\/v2\/pages\/88906","targetHints":{"allow":["GET"]}}],"collection":[{"href":"https:\/\/jfrog.com\/fr\/wp-json\/wp\/v2\/pages"}],"about":[{"href":"https:\/\/jfrog.com\/fr\/wp-json\/wp\/v2\/types\/page"}],"author":[{"embeddable":true,"href":"https:\/\/jfrog.com\/fr\/wp-json\/wp\/v2\/users\/289"}],"replies":[{"embeddable":true,"href":"https:\/\/jfrog.com\/fr\/wp-json\/wp\/v2\/comments?post=88906"}],"version-history":[{"count":2,"href":"https:\/\/jfrog.com\/fr\/wp-json\/wp\/v2\/pages\/88906\/revisions"}],"predecessor-version":[{"id":88909,"href":"https:\/\/jfrog.com\/fr\/wp-json\/wp\/v2\/pages\/88906\/revisions\/88909"}],"wp:attachment":[{"href":"https:\/\/jfrog.com\/fr\/wp-json\/wp\/v2\/media?parent=88906"}],"curies":[{"name":"wp","href":"https:\/\/api.w.org\/{rel}","templated":true}]}}