{"id":84609,"date":"2021-11-14T12:14:36","date_gmt":"2021-11-14T10:14:36","guid":{"rendered":"https:\/\/jfrog.com\/distribution-2\/"},"modified":"2025-07-02T08:20:40","modified_gmt":"2025-07-02T06:20:40","slug":"distribution","status":"publish","type":"page","link":"https:\/\/jfrog.com\/fr\/distribution\/","title":{"rendered":"JFrog Distribution"},"content":{"rendered":"","protected":false},"excerpt":{"rendered":"","protected":false},"author":161,"featured_media":0,"parent":0,"menu_order":931,"comment_status":"closed","ping_status":"closed","template":"templates\/distribution_design202110.php","meta":{"inline_featured_image":false,"footnotes":""},"class_list":["post-84609","page","type-page","status-publish","hentry"],"yoast_head":"<!-- This site is optimized with the Yoast SEO Premium plugin v22.6 (Yoast SEO v22.6) - https:\/\/yoast.com\/wordpress\/plugins\/seo\/ -->\n<title>JFrog Distribution\u00a0: Faites \u00e9voluer votre logiciel selon vos besoins et de mani\u00e8re imm\u00e9diate\u00a0!<\/title>\n<meta name=\"description\" content=\"Acc\u00e9l\u00e9rez les d\u00e9ploiements et les t\u00e9l\u00e9chargements dans l\u2019ensemble de votre cycle de d\u00e9veloppement logiciel : dans les environnements hybrides, les p\u00e9riph\u00e9ries, les sites distants, sur les appareils et plus encore.\" \/>\n<meta name=\"robots\" content=\"index, follow, max-snippet:-1, max-image-preview:large, max-video-preview:-1\" \/>\n<link rel=\"canonical\" href=\"https:\/\/jfrog.com\/fr\/wp-json\/wp\/v2\/pages\/84609\" \/>\n<meta property=\"og:locale\" content=\"fr_FR\" \/>\n<meta property=\"og:type\" content=\"article\" \/>\n<meta property=\"og:title\" content=\"JFrog Distribution\" \/>\n<meta property=\"og:description\" content=\"Acc\u00e9l\u00e9rez les d\u00e9ploiements et les t\u00e9l\u00e9chargements dans l\u2019ensemble de votre cycle de d\u00e9veloppement logiciel : dans les environnements hybrides, les p\u00e9riph\u00e9ries, les sites distants, sur les appareils et plus encore.\" \/>\n<meta property=\"og:url\" content=\"https:\/\/jfrog.com\/fr\/distribution\/\" \/>\n<meta property=\"og:site_name\" content=\"JFrog\" \/>\n<meta property=\"article:publisher\" content=\"https:\/\/www.facebook.com\/artifrog\" \/>\n<meta property=\"article:modified_time\" content=\"2025-07-02T06:20:40+00:00\" \/>\n<meta property=\"og:image\" content=\"https:\/\/speedmedia2.jfrog.com\/08612fe1-9391-4cf3-ac1a-6dd49c36b276\/media.jfrog.com\/wp-content\/uploads\/2018\/06\/20132021\/JFROG.png\" \/>\n\t<meta property=\"og:image:width\" content=\"1200\" \/>\n\t<meta property=\"og:image:height\" content=\"628\" \/>\n\t<meta property=\"og:image:type\" content=\"image\/png\" \/>\n<meta name=\"twitter:card\" content=\"summary_large_image\" \/>\n<meta name=\"twitter:site\" content=\"@jfrog\" \/>\n<script type=\"application\/ld+json\" class=\"yoast-schema-graph\">{\"@context\":\"https:\/\/schema.org\",\"@graph\":[{\"@type\":\"WebPage\",\"@id\":\"https:\/\/jfrog.com\/fr\/distribution\/\",\"url\":\"https:\/\/jfrog.com\/fr\/distribution\/\",\"name\":\"JFrog Distribution\u00a0: Faites \u00e9voluer votre logiciel selon vos besoins et de mani\u00e8re imm\u00e9diate\u00a0!\",\"isPartOf\":{\"@id\":\"https:\/\/jfrog.com\/fr\/#website\"},\"datePublished\":\"2021-11-14T10:14:36+00:00\",\"dateModified\":\"2025-07-02T06:20:40+00:00\",\"description\":\"Acc\u00e9l\u00e9rez les d\u00e9ploiements et les t\u00e9l\u00e9chargements dans l\u2019ensemble de votre cycle de d\u00e9veloppement logiciel : dans les environnements hybrides, les p\u00e9riph\u00e9ries, les sites distants, sur les appareils et plus encore.\",\"breadcrumb\":{\"@id\":\"https:\/\/jfrog.com\/fr\/distribution\/#breadcrumb\"},\"inLanguage\":\"fr-FR\",\"potentialAction\":[{\"@type\":\"ReadAction\",\"target\":[\"https:\/\/jfrog.com\/fr\/distribution\/\"]}]},{\"@type\":\"BreadcrumbList\",\"@id\":\"https:\/\/jfrog.com\/fr\/distribution\/#breadcrumb\",\"itemListElement\":[{\"@type\":\"ListItem\",\"position\":1,\"name\":\"Home\",\"item\":\"https:\/\/jfrog.com\/fr\/\"},{\"@type\":\"ListItem\",\"position\":2,\"name\":\"JFrog Distribution\"}]},{\"@type\":\"WebSite\",\"@id\":\"https:\/\/jfrog.com\/fr\/#website\",\"url\":\"https:\/\/jfrog.com\/fr\/\",\"name\":\"JFrog\",\"description\":\"Deliver Trusted Software Releases at Speed and Scale\",\"publisher\":{\"@id\":\"https:\/\/jfrog.com\/fr\/#organization\"},\"potentialAction\":[{\"@type\":\"SearchAction\",\"target\":{\"@type\":\"EntryPoint\",\"urlTemplate\":\"https:\/\/jfrog.com\/fr\/?s={search_term_string}\"},\"query-input\":\"required name=search_term_string\"}],\"inLanguage\":\"fr-FR\"},{\"@type\":\"Organization\",\"@id\":\"https:\/\/jfrog.com\/fr\/#organization\",\"name\":\"JFrog\",\"url\":\"https:\/\/jfrog.com\/fr\/\",\"logo\":{\"@type\":\"ImageObject\",\"inLanguage\":\"fr-FR\",\"@id\":\"https:\/\/jfrog.com\/fr\/#\/schema\/logo\/image\/\",\"url\":\"https:\/\/speedmedia2.jfrog.com\/08612fe1-9391-4cf3-ac1a-6dd49c36b276\/media.jfrog.com\/wp-content\/uploads\/2025\/05\/27095207\/Logo.svg\",\"contentUrl\":\"https:\/\/speedmedia2.jfrog.com\/08612fe1-9391-4cf3-ac1a-6dd49c36b276\/media.jfrog.com\/wp-content\/uploads\/2025\/05\/27095207\/Logo.svg\",\"width\":74,\"height\":73,\"caption\":\"JFrog\"},\"image\":{\"@id\":\"https:\/\/jfrog.com\/fr\/#\/schema\/logo\/image\/\"},\"sameAs\":[\"https:\/\/www.facebook.com\/artifrog\",\"https:\/\/x.com\/jfrog\",\"https:\/\/www.linkedin.com\/company\/455737\",\"https:\/\/www.youtube.com\/channel\/UCh2hNg76zo3d1qQqTWIQxDg\",\"https:\/\/www.wikidata.org\/wiki\/Q98608948\"],\"description\":\"We set out on our Liquid Software journey in 2008, with the mission to transform the way enterprises manage and release software updates. The world expects software to update continuously, securely, non-intrusively and without user intervention. This hyper-connected experience can only be enabled by automation with an end-to-end DevOps platform and a binary-centric focus. With this in mind, we\u2019ve developed the JFrog Platform, ushering in a new era of DevOps and DevSecOps standards that power continuous updates. More than a decade after our founding, with thousands of customers and millions of users globally, JFrog has become the \u201cDatabase of DevOps\u201d and the de-facto standard in release and update management.\",\"legalName\":\"Jfrog, Inc.\",\"numberOfEmployees\":{\"@type\":\"QuantitativeValue\",\"minValue\":\"1001\",\"maxValue\":\"5000\"}}]}<\/script>\n<!-- \/ Yoast SEO Premium plugin. -->","yoast_head_json":{"title":"JFrog Distribution\u00a0: Faites \u00e9voluer votre logiciel selon vos besoins et de mani\u00e8re imm\u00e9diate\u00a0!","description":"Acc\u00e9l\u00e9rez les d\u00e9ploiements et les t\u00e9l\u00e9chargements dans l\u2019ensemble de votre cycle de d\u00e9veloppement logiciel : dans les environnements hybrides, les p\u00e9riph\u00e9ries, les sites distants, sur les appareils et plus encore.","robots":{"index":"index","follow":"follow","max-snippet":"max-snippet:-1","max-image-preview":"max-image-preview:large","max-video-preview":"max-video-preview:-1"},"canonical":"https:\/\/jfrog.com\/fr\/wp-json\/wp\/v2\/pages\/84609","og_locale":"fr_FR","og_type":"article","og_title":"JFrog Distribution","og_description":"Acc\u00e9l\u00e9rez les d\u00e9ploiements et les t\u00e9l\u00e9chargements dans l\u2019ensemble de votre cycle de d\u00e9veloppement logiciel : dans les environnements hybrides, les p\u00e9riph\u00e9ries, les sites distants, sur les appareils et plus encore.","og_url":"https:\/\/jfrog.com\/fr\/distribution\/","og_site_name":"JFrog","article_publisher":"https:\/\/www.facebook.com\/artifrog","article_modified_time":"2025-07-02T06:20:40+00:00","og_image":[{"width":1200,"height":628,"url":"https:\/\/speedmedia2.jfrog.com\/08612fe1-9391-4cf3-ac1a-6dd49c36b276\/media.jfrog.com\/wp-content\/uploads\/2018\/06\/20132021\/JFROG.png","type":"image\/png"}],"twitter_card":"summary_large_image","twitter_site":"@jfrog","schema":{"@context":"https:\/\/schema.org","@graph":[{"@type":"WebPage","@id":"https:\/\/jfrog.com\/fr\/distribution\/","url":"https:\/\/jfrog.com\/fr\/distribution\/","name":"JFrog Distribution\u00a0: Faites \u00e9voluer votre logiciel selon vos besoins et de mani\u00e8re imm\u00e9diate\u00a0!","isPartOf":{"@id":"https:\/\/jfrog.com\/fr\/#website"},"datePublished":"2021-11-14T10:14:36+00:00","dateModified":"2025-07-02T06:20:40+00:00","description":"Acc\u00e9l\u00e9rez les d\u00e9ploiements et les t\u00e9l\u00e9chargements dans l\u2019ensemble de votre cycle de d\u00e9veloppement logiciel : dans les environnements hybrides, les p\u00e9riph\u00e9ries, les sites distants, sur les appareils et plus encore.","breadcrumb":{"@id":"https:\/\/jfrog.com\/fr\/distribution\/#breadcrumb"},"inLanguage":"fr-FR","potentialAction":[{"@type":"ReadAction","target":["https:\/\/jfrog.com\/fr\/distribution\/"]}]},{"@type":"BreadcrumbList","@id":"https:\/\/jfrog.com\/fr\/distribution\/#breadcrumb","itemListElement":[{"@type":"ListItem","position":1,"name":"Home","item":"https:\/\/jfrog.com\/fr\/"},{"@type":"ListItem","position":2,"name":"JFrog Distribution"}]},{"@type":"WebSite","@id":"https:\/\/jfrog.com\/fr\/#website","url":"https:\/\/jfrog.com\/fr\/","name":"JFrog","description":"Deliver Trusted Software Releases at Speed and Scale","publisher":{"@id":"https:\/\/jfrog.com\/fr\/#organization"},"potentialAction":[{"@type":"SearchAction","target":{"@type":"EntryPoint","urlTemplate":"https:\/\/jfrog.com\/fr\/?s={search_term_string}"},"query-input":"required name=search_term_string"}],"inLanguage":"fr-FR"},{"@type":"Organization","@id":"https:\/\/jfrog.com\/fr\/#organization","name":"JFrog","url":"https:\/\/jfrog.com\/fr\/","logo":{"@type":"ImageObject","inLanguage":"fr-FR","@id":"https:\/\/jfrog.com\/fr\/#\/schema\/logo\/image\/","url":"https:\/\/speedmedia2.jfrog.com\/08612fe1-9391-4cf3-ac1a-6dd49c36b276\/media.jfrog.com\/wp-content\/uploads\/2025\/05\/27095207\/Logo.svg","contentUrl":"https:\/\/speedmedia2.jfrog.com\/08612fe1-9391-4cf3-ac1a-6dd49c36b276\/media.jfrog.com\/wp-content\/uploads\/2025\/05\/27095207\/Logo.svg","width":74,"height":73,"caption":"JFrog"},"image":{"@id":"https:\/\/jfrog.com\/fr\/#\/schema\/logo\/image\/"},"sameAs":["https:\/\/www.facebook.com\/artifrog","https:\/\/x.com\/jfrog","https:\/\/www.linkedin.com\/company\/455737","https:\/\/www.youtube.com\/channel\/UCh2hNg76zo3d1qQqTWIQxDg","https:\/\/www.wikidata.org\/wiki\/Q98608948"],"description":"We set out on our Liquid Software journey in 2008, with the mission to transform the way enterprises manage and release software updates. The world expects software to update continuously, securely, non-intrusively and without user intervention. This hyper-connected experience can only be enabled by automation with an end-to-end DevOps platform and a binary-centric focus. With this in mind, we\u2019ve developed the JFrog Platform, ushering in a new era of DevOps and DevSecOps standards that power continuous updates. More than a decade after our founding, with thousands of customers and millions of users globally, JFrog has become the \u201cDatabase of DevOps\u201d and the de-facto standard in release and update management.","legalName":"Jfrog, Inc.","numberOfEmployees":{"@type":"QuantitativeValue","minValue":"1001","maxValue":"5000"}}]}},"_links":{"self":[{"href":"https:\/\/jfrog.com\/fr\/wp-json\/wp\/v2\/pages\/84609","targetHints":{"allow":["GET"]}}],"collection":[{"href":"https:\/\/jfrog.com\/fr\/wp-json\/wp\/v2\/pages"}],"about":[{"href":"https:\/\/jfrog.com\/fr\/wp-json\/wp\/v2\/types\/page"}],"author":[{"embeddable":true,"href":"https:\/\/jfrog.com\/fr\/wp-json\/wp\/v2\/users\/161"}],"replies":[{"embeddable":true,"href":"https:\/\/jfrog.com\/fr\/wp-json\/wp\/v2\/comments?post=84609"}],"version-history":[{"count":10,"href":"https:\/\/jfrog.com\/fr\/wp-json\/wp\/v2\/pages\/84609\/revisions"}],"predecessor-version":[{"id":155044,"href":"https:\/\/jfrog.com\/fr\/wp-json\/wp\/v2\/pages\/84609\/revisions\/155044"}],"wp:attachment":[{"href":"https:\/\/jfrog.com\/fr\/wp-json\/wp\/v2\/media?parent=84609"}],"curies":[{"name":"wp","href":"https:\/\/api.w.org\/{rel}","templated":true}]}}