{"id":77944,"date":"2021-06-23T12:39:51","date_gmt":"2021-06-23T10:39:51","guid":{"rendered":"https:\/\/jfrog.com\/?page_id=77944"},"modified":"2022-04-10T14:49:34","modified_gmt":"2022-04-10T12:49:34","slug":"cloud-native-aws","status":"publish","type":"page","link":"https:\/\/jfrog.com\/fr\/artifactory\/cloud-native-aws\/","title":{"rendered":"Artifactory Cloud AWS"},"content":{"rendered":"<h2 style=\"text-align: center;margin-top: -20px\">Livrez des Logiciels <span class=\"green\">Plus Rapidement<\/span><\/h2>\n<div style=\"text-align: center;max-width: 790px;margin: 0 auto;padding-top: 15px\">JFrog Artifactory Cloud h\u00e9berg\u00e9 sur AWS offre aux d\u00e9veloppeurs et aux ing\u00e9nieurs DevOps un contr\u00f4le, des informations et une gestion complets des artefacts binaires tout au long du cycle de vie du d\u00e9veloppement logiciel. Artifactory Cloud sur AWS apporte de la transparence et du contr\u00f4le \u00e0 l\u2019ensemble du processus de build et de livraison, pour permettre d&#8217;exploiter toute la puissance du d\u00e9veloppement bas\u00e9 sur le Cloud.<\/div>\n<div class=\"row justify-content-center\" style=\"margin-top: 60px\">\n<div class=\"col-md-6 col-lg-3\" style=\"text-align: center\">\n<p><img decoding=\"async\" class=\"alignnone wp-image-55406\" style=\"margin-bottom: -20px\" src=\"https:\/\/media.jfrog.com\/wp-content\/uploads\/2020\/03\/20125658\/Radically-Universal.png\" alt=\"Universal tools\" width=\"200\" height=\"200\" srcset=\"https:\/\/speedmedia2.jfrog.com\/08612fe1-9391-4cf3-ac1a-6dd49c36b276\/media.jfrog.com\/wp-content\/uploads\/2020\/03\/20125658\/Radically-Universal.png?speedsize=w_300 300w, https:\/\/speedmedia2.jfrog.com\/08612fe1-9391-4cf3-ac1a-6dd49c36b276\/media.jfrog.com\/wp-content\/uploads\/2020\/03\/20125658\/Radically-Universal.png?speedsize=w_150,h_150 150w\" sizes=\"(max-width: 200px) 100vw, 200px\" \/><\/p>\n<h3 style=\"text-align: center;font-family: 'Exo', 'Helvetica Neue Light', 'Helvetica Neue', 'Helvetica', 'Arial', sans-serif;font-size: 1.25rem;margin-bottom: 0;font-weight: bold;letter-spacing: -0.4px\">Radicalement Universel<\/h3>\n<p><span style=\"font-weight: 400\">Prend enti\u00e8rement en charge toutes les principales<br \/>\ntechnologies de d\u00e9veloppement, outils<br \/>\nde build et serveurs CI<\/span><\/p>\n<\/div>\n<div class=\"col-md-6 col-lg-3\">\n<p><img decoding=\"async\" class=\"aligncenter wp-image-55409\" style=\"margin-bottom: -20px\" src=\"https:\/\/media.jfrog.com\/wp-content\/uploads\/2020\/03\/20125657\/Empowers-Automation.png\" alt=\"Software Automation\" width=\"200\" height=\"200\" srcset=\"https:\/\/speedmedia2.jfrog.com\/08612fe1-9391-4cf3-ac1a-6dd49c36b276\/media.jfrog.com\/wp-content\/uploads\/2020\/03\/20125657\/Empowers-Automation.png?speedsize=w_160 160w, https:\/\/speedmedia2.jfrog.com\/08612fe1-9391-4cf3-ac1a-6dd49c36b276\/media.jfrog.com\/wp-content\/uploads\/2020\/03\/20125657\/Empowers-Automation.png?speedsize=w_150,h_150 150w\" sizes=\"(max-width: 200px) 100vw, 200px\" \/><\/p>\n<h3 style=\"text-align: center;font-family: 'Exo', 'Helvetica Neue Light', 'Helvetica Neue', 'Helvetica', 'Arial', sans-serif;font-size: 1.25rem;font-weight: bold;letter-spacing: -0.4px;margin-bottom: 0\">B\u00e2ti pour l&#8217;Automatisation<\/h3>\n<div style=\"text-align: center\"><span style=\"font-weight: 400\">Permet l\u2019automatisation compl\u00e8te de votre<br \/>\npipeline de d\u00e9ploiement logiciel avec une<br \/>\nAPI REST puissante<\/span><\/div>\n<\/div>\n<div class=\"col-md-6 col-lg-3\">\n<p><img decoding=\"async\" class=\"aligncenter wp-image-55410\" style=\"margin-bottom: -20px\" src=\"https:\/\/media.jfrog.com\/wp-content\/uploads\/2020\/03\/20125657\/Cloud-Native.png\" alt=\"Cloud Native\" width=\"200\" height=\"200\" srcset=\"https:\/\/speedmedia2.jfrog.com\/08612fe1-9391-4cf3-ac1a-6dd49c36b276\/media.jfrog.com\/wp-content\/uploads\/2020\/03\/20125657\/Cloud-Native.png?speedsize=w_160 160w, https:\/\/speedmedia2.jfrog.com\/08612fe1-9391-4cf3-ac1a-6dd49c36b276\/media.jfrog.com\/wp-content\/uploads\/2020\/03\/20125657\/Cloud-Native.png?speedsize=w_150,h_150 150w\" sizes=\"(max-width: 200px) 100vw, 200px\" \/><\/p>\n<h3 style=\"text-align: center;font-family: 'Exo', 'Helvetica Neue Light', 'Helvetica Neue', 'Helvetica', 'Arial', sans-serif;font-size: 1.25rem;margin-bottom: 0;font-weight: bold;letter-spacing: -0.4px\">Cloud Natif<\/h3>\n<div style=\"text-align: center\">Rassemblez la gestion des d\u00e9p\u00f4ts d\u2019Artifactory Cloud avec vos autres services sur AWS<\/div>\n<div><\/div>\n<\/div>\n<\/div>\n<div class=\"row justify-content-center\">\n<div class=\"col-md-6 col-lg-3\">\n<p><img decoding=\"async\" class=\"aligncenter wp-image-55411\" style=\"margin-bottom: -20px\" src=\"https:\/\/media.jfrog.com\/wp-content\/uploads\/2020\/03\/20125657\/Unlimited-Repository-11.png\" alt=\"Cloud Container Registry\" width=\"200\" height=\"200\" srcset=\"https:\/\/speedmedia2.jfrog.com\/08612fe1-9391-4cf3-ac1a-6dd49c36b276\/media.jfrog.com\/wp-content\/uploads\/2020\/03\/20125657\/Unlimited-Repository-11.png?speedsize=w_160 160w, https:\/\/speedmedia2.jfrog.com\/08612fe1-9391-4cf3-ac1a-6dd49c36b276\/media.jfrog.com\/wp-content\/uploads\/2020\/03\/20125657\/Unlimited-Repository-11.png?speedsize=w_150,h_150 150w\" sizes=\"(max-width: 200px) 100vw, 200px\" \/><\/p>\n<h3 style=\"text-align: center;font-family: 'Exo', 'Helvetica Neue Light', 'Helvetica Neue', 'Helvetica', 'Arial', sans-serif;margin-bottom: 0;font-size: 1.25rem;font-weight: bold;letter-spacing: -0.4px\">Registre de Conteneurs Cloud<\/h3>\n<div style=\"text-align: center\">En tant que <a href=\"https:\/\/jfrog.com\/fr\/integration\/kubernetes-docker-registry\/\">registre Docker Kubernetes<\/a>, Artifactory Cloud provisionne votre cluster K8s avec les charts et les images n\u00e9cessaires pour orchestrer votre application Docker AWS<\/div>\n<div><\/div>\n<\/div>\n<div class=\"col-md-6 col-lg-3\">\n<p><img decoding=\"async\" class=\"aligncenter wp-image-55438 size-full\" style=\"margin-bottom: -20px\" src=\"https:\/\/media.jfrog.com\/wp-content\/uploads\/2020\/03\/20125656\/Folder-icon.png\" alt=\"Repository storage\" width=\"200\" height=\"200\" \/><\/p>\n<h3 style=\"text-align: center;font-family: 'Exo', 'Helvetica Neue Light', 'Helvetica Neue', 'Helvetica', 'Arial', sans-serif;margin-bottom: 0;font-size: 1.25rem;font-weight: bold;letter-spacing: -0.4px\">D\u00e9p\u00f4ts Illimit\u00e9s<\/h3>\n<div style=\"text-align: center\">Faites en sorte que vos d\u00e9p\u00f4ts se d\u00e9veloppent au m\u00eame rythme que vos \u00e9quipes, \u00e0 l\u2019aide du stockage massivement scalable sur Amazon\u00a0S3<\/div>\n<\/div>\n<\/div>\n","protected":false},"excerpt":{"rendered":"<p>Livrez des Logiciels Plus Rapidement JFrog Artifactory Cloud h\u00e9berg\u00e9 sur AWS offre aux d\u00e9veloppeurs et aux ing\u00e9nieurs DevOps un contr\u00f4le, des informations et une gestion complets des artefacts binaires tout au long du cycle de vie du d\u00e9veloppement logiciel. Artifactory Cloud sur AWS apporte de la transparence et du contr\u00f4le \u00e0 l\u2019ensemble du processus de &hellip;<\/p>\n","protected":false},"author":96,"featured_media":0,"parent":148314,"menu_order":1307,"comment_status":"closed","ping_status":"closed","template":"templates\/blank-page.php","meta":{"inline_featured_image":false,"footnotes":""},"class_list":["post-77944","page","type-page","status-publish","hentry"],"yoast_head":"<!-- This site is optimized with the Yoast SEO Premium plugin v22.6 (Yoast SEO v22.6) - https:\/\/yoast.com\/wordpress\/plugins\/seo\/ -->\n<title>DevOps Cloud Natif sur Amazon Web Services | JFrog Artifactory<\/title>\n<meta name=\"description\" content=\"JFrog Artifactory est la solution Cloud native sur AWS pour un pipeline de livraison de logiciels enti\u00e8rement automatis\u00e9\" \/>\n<meta name=\"robots\" content=\"index, follow, max-snippet:-1, max-image-preview:large, max-video-preview:-1\" \/>\n<link rel=\"canonical\" href=\"https:\/\/jfrog.com\/fr\/wp-json\/wp\/v2\/pages\/77944\" \/>\n<meta property=\"og:locale\" content=\"fr_FR\" \/>\n<meta property=\"og:type\" content=\"article\" \/>\n<meta property=\"og:title\" content=\"Artifactory Cloud AWS\" \/>\n<meta property=\"og:description\" content=\"JFrog Artifactory est la solution Cloud native sur AWS pour un pipeline de livraison de logiciels enti\u00e8rement automatis\u00e9\" \/>\n<meta property=\"og:url\" content=\"https:\/\/jfrog.com\/fr\/artifactory\/cloud-native-aws\/\" \/>\n<meta property=\"og:site_name\" content=\"JFrog\" \/>\n<meta property=\"article:publisher\" content=\"https:\/\/www.facebook.com\/artifrog\" \/>\n<meta property=\"article:modified_time\" content=\"2022-04-10T12:49:34+00:00\" \/>\n<meta property=\"og:image\" content=\"https:\/\/jfrog.com\/wp-content\/uploads\/2020\/03\/Radically-Universal.png\" \/>\n<meta name=\"twitter:card\" content=\"summary_large_image\" \/>\n<meta name=\"twitter:site\" content=\"@jfrog\" \/>\n<meta name=\"twitter:label1\" content=\"Est. reading time\" \/>\n\t<meta name=\"twitter:data1\" content=\"1 minute\" \/>\n<script type=\"application\/ld+json\" class=\"yoast-schema-graph\">{\"@context\":\"https:\/\/schema.org\",\"@graph\":[{\"@type\":\"WebPage\",\"@id\":\"https:\/\/jfrog.com\/fr\/artifactory\/cloud-native-aws\/\",\"url\":\"https:\/\/jfrog.com\/fr\/artifactory\/cloud-native-aws\/\",\"name\":\"DevOps Cloud Natif sur Amazon Web Services | JFrog Artifactory\",\"isPartOf\":{\"@id\":\"https:\/\/jfrog.com\/fr\/#website\"},\"primaryImageOfPage\":{\"@id\":\"https:\/\/jfrog.com\/fr\/artifactory\/cloud-native-aws\/#primaryimage\"},\"image\":{\"@id\":\"https:\/\/jfrog.com\/fr\/artifactory\/cloud-native-aws\/#primaryimage\"},\"thumbnailUrl\":\"https:\/\/jfrog.com\/wp-content\/uploads\/2020\/03\/Radically-Universal.png\",\"datePublished\":\"2021-06-23T10:39:51+00:00\",\"dateModified\":\"2022-04-10T12:49:34+00:00\",\"description\":\"JFrog Artifactory est la solution Cloud native sur AWS pour un pipeline de livraison de logiciels enti\u00e8rement automatis\u00e9\",\"breadcrumb\":{\"@id\":\"https:\/\/jfrog.com\/fr\/artifactory\/cloud-native-aws\/#breadcrumb\"},\"inLanguage\":\"fr-FR\",\"potentialAction\":[{\"@type\":\"ReadAction\",\"target\":[\"https:\/\/jfrog.com\/fr\/artifactory\/cloud-native-aws\/\"]}]},{\"@type\":\"ImageObject\",\"inLanguage\":\"fr-FR\",\"@id\":\"https:\/\/jfrog.com\/fr\/artifactory\/cloud-native-aws\/#primaryimage\",\"url\":\"https:\/\/jfrog.com\/wp-content\/uploads\/2020\/03\/Radically-Universal.png\",\"contentUrl\":\"https:\/\/jfrog.com\/wp-content\/uploads\/2020\/03\/Radically-Universal.png\"},{\"@type\":\"BreadcrumbList\",\"@id\":\"https:\/\/jfrog.com\/fr\/artifactory\/cloud-native-aws\/#breadcrumb\",\"itemListElement\":[{\"@type\":\"ListItem\",\"position\":1,\"name\":\"Home\",\"item\":\"https:\/\/jfrog.com\/fr\/\"},{\"@type\":\"ListItem\",\"position\":2,\"name\":\"Artifactory &#8211; Principal\",\"item\":\"https:\/\/jfrog.com\/fr\/artifactory\/\"},{\"@type\":\"ListItem\",\"position\":3,\"name\":\"Artifactory Cloud AWS\"}]},{\"@type\":\"WebSite\",\"@id\":\"https:\/\/jfrog.com\/fr\/#website\",\"url\":\"https:\/\/jfrog.com\/fr\/\",\"name\":\"JFrog\",\"description\":\"Deliver Trusted Software Releases at Speed and Scale\",\"publisher\":{\"@id\":\"https:\/\/jfrog.com\/fr\/#organization\"},\"potentialAction\":[{\"@type\":\"SearchAction\",\"target\":{\"@type\":\"EntryPoint\",\"urlTemplate\":\"https:\/\/jfrog.com\/fr\/?s={search_term_string}\"},\"query-input\":\"required name=search_term_string\"}],\"inLanguage\":\"fr-FR\"},{\"@type\":\"Organization\",\"@id\":\"https:\/\/jfrog.com\/fr\/#organization\",\"name\":\"JFrog\",\"url\":\"https:\/\/jfrog.com\/fr\/\",\"logo\":{\"@type\":\"ImageObject\",\"inLanguage\":\"fr-FR\",\"@id\":\"https:\/\/jfrog.com\/fr\/#\/schema\/logo\/image\/\",\"url\":\"https:\/\/speedmedia2.jfrog.com\/08612fe1-9391-4cf3-ac1a-6dd49c36b276\/media.jfrog.com\/wp-content\/uploads\/2025\/05\/27095207\/Logo.svg\",\"contentUrl\":\"https:\/\/speedmedia2.jfrog.com\/08612fe1-9391-4cf3-ac1a-6dd49c36b276\/media.jfrog.com\/wp-content\/uploads\/2025\/05\/27095207\/Logo.svg\",\"width\":74,\"height\":73,\"caption\":\"JFrog\"},\"image\":{\"@id\":\"https:\/\/jfrog.com\/fr\/#\/schema\/logo\/image\/\"},\"sameAs\":[\"https:\/\/www.facebook.com\/artifrog\",\"https:\/\/x.com\/jfrog\",\"https:\/\/www.linkedin.com\/company\/455737\",\"https:\/\/www.youtube.com\/channel\/UCh2hNg76zo3d1qQqTWIQxDg\",\"https:\/\/www.wikidata.org\/wiki\/Q98608948\"],\"description\":\"We set out on our Liquid Software journey in 2008, with the mission to transform the way enterprises manage and release software updates. The world expects software to update continuously, securely, non-intrusively and without user intervention. This hyper-connected experience can only be enabled by automation with an end-to-end DevOps platform and a binary-centric focus. With this in mind, we\u2019ve developed the JFrog Platform, ushering in a new era of DevOps and DevSecOps standards that power continuous updates. More than a decade after our founding, with thousands of customers and millions of users globally, JFrog has become the \u201cDatabase of DevOps\u201d and the de-facto standard in release and update management.\",\"legalName\":\"Jfrog, Inc.\",\"numberOfEmployees\":{\"@type\":\"QuantitativeValue\",\"minValue\":\"1001\",\"maxValue\":\"5000\"}}]}<\/script>\n<!-- \/ Yoast SEO Premium plugin. -->","yoast_head_json":{"title":"DevOps Cloud Natif sur Amazon Web Services | JFrog Artifactory","description":"JFrog Artifactory est la solution Cloud native sur AWS pour un pipeline de livraison de logiciels enti\u00e8rement automatis\u00e9","robots":{"index":"index","follow":"follow","max-snippet":"max-snippet:-1","max-image-preview":"max-image-preview:large","max-video-preview":"max-video-preview:-1"},"canonical":"https:\/\/jfrog.com\/fr\/wp-json\/wp\/v2\/pages\/77944","og_locale":"fr_FR","og_type":"article","og_title":"Artifactory Cloud AWS","og_description":"JFrog Artifactory est la solution Cloud native sur AWS pour un pipeline de livraison de logiciels enti\u00e8rement automatis\u00e9","og_url":"https:\/\/jfrog.com\/fr\/artifactory\/cloud-native-aws\/","og_site_name":"JFrog","article_publisher":"https:\/\/www.facebook.com\/artifrog","article_modified_time":"2022-04-10T12:49:34+00:00","og_image":[{"url":"https:\/\/jfrog.com\/wp-content\/uploads\/2020\/03\/Radically-Universal.png"}],"twitter_card":"summary_large_image","twitter_site":"@jfrog","twitter_misc":{"Est. reading time":"1 minute"},"schema":{"@context":"https:\/\/schema.org","@graph":[{"@type":"WebPage","@id":"https:\/\/jfrog.com\/fr\/artifactory\/cloud-native-aws\/","url":"https:\/\/jfrog.com\/fr\/artifactory\/cloud-native-aws\/","name":"DevOps Cloud Natif sur Amazon Web Services | JFrog Artifactory","isPartOf":{"@id":"https:\/\/jfrog.com\/fr\/#website"},"primaryImageOfPage":{"@id":"https:\/\/jfrog.com\/fr\/artifactory\/cloud-native-aws\/#primaryimage"},"image":{"@id":"https:\/\/jfrog.com\/fr\/artifactory\/cloud-native-aws\/#primaryimage"},"thumbnailUrl":"https:\/\/jfrog.com\/wp-content\/uploads\/2020\/03\/Radically-Universal.png","datePublished":"2021-06-23T10:39:51+00:00","dateModified":"2022-04-10T12:49:34+00:00","description":"JFrog Artifactory est la solution Cloud native sur AWS pour un pipeline de livraison de logiciels enti\u00e8rement automatis\u00e9","breadcrumb":{"@id":"https:\/\/jfrog.com\/fr\/artifactory\/cloud-native-aws\/#breadcrumb"},"inLanguage":"fr-FR","potentialAction":[{"@type":"ReadAction","target":["https:\/\/jfrog.com\/fr\/artifactory\/cloud-native-aws\/"]}]},{"@type":"ImageObject","inLanguage":"fr-FR","@id":"https:\/\/jfrog.com\/fr\/artifactory\/cloud-native-aws\/#primaryimage","url":"https:\/\/jfrog.com\/wp-content\/uploads\/2020\/03\/Radically-Universal.png","contentUrl":"https:\/\/jfrog.com\/wp-content\/uploads\/2020\/03\/Radically-Universal.png"},{"@type":"BreadcrumbList","@id":"https:\/\/jfrog.com\/fr\/artifactory\/cloud-native-aws\/#breadcrumb","itemListElement":[{"@type":"ListItem","position":1,"name":"Home","item":"https:\/\/jfrog.com\/fr\/"},{"@type":"ListItem","position":2,"name":"Artifactory &#8211; Principal","item":"https:\/\/jfrog.com\/fr\/artifactory\/"},{"@type":"ListItem","position":3,"name":"Artifactory Cloud AWS"}]},{"@type":"WebSite","@id":"https:\/\/jfrog.com\/fr\/#website","url":"https:\/\/jfrog.com\/fr\/","name":"JFrog","description":"Deliver Trusted Software Releases at Speed and Scale","publisher":{"@id":"https:\/\/jfrog.com\/fr\/#organization"},"potentialAction":[{"@type":"SearchAction","target":{"@type":"EntryPoint","urlTemplate":"https:\/\/jfrog.com\/fr\/?s={search_term_string}"},"query-input":"required name=search_term_string"}],"inLanguage":"fr-FR"},{"@type":"Organization","@id":"https:\/\/jfrog.com\/fr\/#organization","name":"JFrog","url":"https:\/\/jfrog.com\/fr\/","logo":{"@type":"ImageObject","inLanguage":"fr-FR","@id":"https:\/\/jfrog.com\/fr\/#\/schema\/logo\/image\/","url":"https:\/\/speedmedia2.jfrog.com\/08612fe1-9391-4cf3-ac1a-6dd49c36b276\/media.jfrog.com\/wp-content\/uploads\/2025\/05\/27095207\/Logo.svg","contentUrl":"https:\/\/speedmedia2.jfrog.com\/08612fe1-9391-4cf3-ac1a-6dd49c36b276\/media.jfrog.com\/wp-content\/uploads\/2025\/05\/27095207\/Logo.svg","width":74,"height":73,"caption":"JFrog"},"image":{"@id":"https:\/\/jfrog.com\/fr\/#\/schema\/logo\/image\/"},"sameAs":["https:\/\/www.facebook.com\/artifrog","https:\/\/x.com\/jfrog","https:\/\/www.linkedin.com\/company\/455737","https:\/\/www.youtube.com\/channel\/UCh2hNg76zo3d1qQqTWIQxDg","https:\/\/www.wikidata.org\/wiki\/Q98608948"],"description":"We set out on our Liquid Software journey in 2008, with the mission to transform the way enterprises manage and release software updates. The world expects software to update continuously, securely, non-intrusively and without user intervention. This hyper-connected experience can only be enabled by automation with an end-to-end DevOps platform and a binary-centric focus. With this in mind, we\u2019ve developed the JFrog Platform, ushering in a new era of DevOps and DevSecOps standards that power continuous updates. More than a decade after our founding, with thousands of customers and millions of users globally, JFrog has become the \u201cDatabase of DevOps\u201d and the de-facto standard in release and update management.","legalName":"Jfrog, Inc.","numberOfEmployees":{"@type":"QuantitativeValue","minValue":"1001","maxValue":"5000"}}]}},"_links":{"self":[{"href":"https:\/\/jfrog.com\/fr\/wp-json\/wp\/v2\/pages\/77944","targetHints":{"allow":["GET"]}}],"collection":[{"href":"https:\/\/jfrog.com\/fr\/wp-json\/wp\/v2\/pages"}],"about":[{"href":"https:\/\/jfrog.com\/fr\/wp-json\/wp\/v2\/types\/page"}],"author":[{"embeddable":true,"href":"https:\/\/jfrog.com\/fr\/wp-json\/wp\/v2\/users\/96"}],"replies":[{"embeddable":true,"href":"https:\/\/jfrog.com\/fr\/wp-json\/wp\/v2\/comments?post=77944"}],"version-history":[{"count":4,"href":"https:\/\/jfrog.com\/fr\/wp-json\/wp\/v2\/pages\/77944\/revisions"}],"predecessor-version":[{"id":92435,"href":"https:\/\/jfrog.com\/fr\/wp-json\/wp\/v2\/pages\/77944\/revisions\/92435"}],"up":[{"embeddable":true,"href":"https:\/\/jfrog.com\/fr\/wp-json\/wp\/v2\/pages\/148314"}],"wp:attachment":[{"href":"https:\/\/jfrog.com\/fr\/wp-json\/wp\/v2\/media?parent=77944"}],"curies":[{"name":"wp","href":"https:\/\/api.w.org\/{rel}","templated":true}]}}