{"id":72651,"date":"2021-04-05T10:35:46","date_gmt":"2021-04-05T08:35:46","guid":{"rendered":"https:\/\/jfrog.com\/?page_id=72651"},"modified":"2022-04-12T16:37:51","modified_gmt":"2022-04-12T14:37:51","slug":"pipelines","status":"publish","type":"page","link":"https:\/\/jfrog.com\/fr\/pipelines\/","title":{"rendered":"JFrog Pipelines"},"content":{"rendered":"","protected":false},"excerpt":{"rendered":"","protected":false},"author":144,"featured_media":0,"parent":0,"menu_order":1276,"comment_status":"closed","ping_status":"closed","template":"templates\/pipeline_new.php","meta":{"inline_featured_image":false,"footnotes":""},"class_list":["post-72651","page","type-page","status-publish","hentry"],"yoast_head":"<!-- This site is optimized with the Yoast SEO Premium plugin v22.6 (Yoast SEO v22.6) - https:\/\/yoast.com\/wordpress\/plugins\/seo\/ -->\n<title>Pipeline DevOps | JFrog Pipelines<\/title>\n<meta name=\"description\" content=\"D\u00e9couvrez ce qui fait de JFrog Pipelines la solution d\u2019automatisation et d\u2019orchestration de pipelines DevOps de nouvelle g\u00e9n\u00e9ration. Cr\u00e9ez des workflows simples, et assemblez et d\u00e9ployez des logiciels \u00e0 partir d\u2019un seul endroit.\" \/>\n<meta name=\"robots\" content=\"index, follow, max-snippet:-1, max-image-preview:large, max-video-preview:-1\" \/>\n<link rel=\"canonical\" href=\"https:\/\/jfrog.com\/fr\/wp-json\/wp\/v2\/pages\/72651\" \/>\n<meta property=\"og:locale\" content=\"fr_FR\" \/>\n<meta property=\"og:type\" content=\"article\" \/>\n<meta property=\"og:title\" content=\"JFrog Pipelines\u00a0: Automatisation de Pipeline DevOps Cloud Native pour CI\/CD\" \/>\n<meta property=\"og:description\" content=\"JFrog Pipelines est une solution d\u2019automatisation pour le build, les tests et le d\u00e9ploiement de logiciels dans le cadre de votre pipeline CI\/CD. Elle organise et optimise de bout en bout tous les processus cl\u00e9s de votre pipeline DevOps.\" \/>\n<meta property=\"og:url\" content=\"https:\/\/jfrog.com\/fr\/pipelines\/\" \/>\n<meta property=\"og:site_name\" content=\"JFrog\" \/>\n<meta property=\"article:publisher\" content=\"https:\/\/www.facebook.com\/artifrog\" \/>\n<meta property=\"article:modified_time\" content=\"2022-04-12T14:37:51+00:00\" \/>\n<meta property=\"og:image\" content=\"https:\/\/media.jfrog.com\/wp-content\/uploads\/2020\/03\/17031910\/Pipelinesplatformsocial-03.png\" \/>\n<meta name=\"twitter:card\" content=\"summary_large_image\" \/>\n<meta name=\"twitter:title\" content=\"JFrog Pipelines\u00a0: Automatisation de Pipeline DevOps Cloud Native pour CI\/CD\" \/>\n<meta name=\"twitter:description\" content=\"JFrog Pipelines est une solution d\u2019automatisation pour le build, les tests et le d\u00e9ploiement de logiciels dans le cadre de votre pipeline CI\/CD. Elle organise et optimise de bout en bout tous les processus cl\u00e9s de votre pipeline DevOps.\" \/>\n<meta name=\"twitter:site\" content=\"@jfrog\" \/>\n<script type=\"application\/ld+json\" class=\"yoast-schema-graph\">{\"@context\":\"https:\/\/schema.org\",\"@graph\":[{\"@type\":\"WebPage\",\"@id\":\"https:\/\/jfrog.com\/fr\/pipelines\/\",\"url\":\"https:\/\/jfrog.com\/fr\/pipelines\/\",\"name\":\"Pipeline DevOps | JFrog Pipelines\",\"isPartOf\":{\"@id\":\"https:\/\/jfrog.com\/fr\/#website\"},\"datePublished\":\"2021-04-05T08:35:46+00:00\",\"dateModified\":\"2022-04-12T14:37:51+00:00\",\"description\":\"D\u00e9couvrez ce qui fait de JFrog Pipelines la solution d\u2019automatisation et d\u2019orchestration de pipelines DevOps de nouvelle g\u00e9n\u00e9ration. Cr\u00e9ez des workflows simples, et assemblez et d\u00e9ployez des logiciels \u00e0 partir d\u2019un seul endroit.\",\"breadcrumb\":{\"@id\":\"https:\/\/jfrog.com\/fr\/pipelines\/#breadcrumb\"},\"inLanguage\":\"fr-FR\",\"potentialAction\":[{\"@type\":\"ReadAction\",\"target\":[\"https:\/\/jfrog.com\/fr\/pipelines\/\"]}]},{\"@type\":\"BreadcrumbList\",\"@id\":\"https:\/\/jfrog.com\/fr\/pipelines\/#breadcrumb\",\"itemListElement\":[{\"@type\":\"ListItem\",\"position\":1,\"name\":\"Home\",\"item\":\"https:\/\/jfrog.com\/fr\/\"},{\"@type\":\"ListItem\",\"position\":2,\"name\":\"JFrog Pipelines\"}]},{\"@type\":\"WebSite\",\"@id\":\"https:\/\/jfrog.com\/fr\/#website\",\"url\":\"https:\/\/jfrog.com\/fr\/\",\"name\":\"JFrog\",\"description\":\"Deliver Trusted Software Releases at Speed and Scale\",\"publisher\":{\"@id\":\"https:\/\/jfrog.com\/fr\/#organization\"},\"potentialAction\":[{\"@type\":\"SearchAction\",\"target\":{\"@type\":\"EntryPoint\",\"urlTemplate\":\"https:\/\/jfrog.com\/fr\/?s={search_term_string}\"},\"query-input\":\"required name=search_term_string\"}],\"inLanguage\":\"fr-FR\"},{\"@type\":\"Organization\",\"@id\":\"https:\/\/jfrog.com\/fr\/#organization\",\"name\":\"JFrog\",\"url\":\"https:\/\/jfrog.com\/fr\/\",\"logo\":{\"@type\":\"ImageObject\",\"inLanguage\":\"fr-FR\",\"@id\":\"https:\/\/jfrog.com\/fr\/#\/schema\/logo\/image\/\",\"url\":\"https:\/\/speedmedia2.jfrog.com\/08612fe1-9391-4cf3-ac1a-6dd49c36b276\/media.jfrog.com\/wp-content\/uploads\/2025\/05\/27095207\/Logo.svg\",\"contentUrl\":\"https:\/\/speedmedia2.jfrog.com\/08612fe1-9391-4cf3-ac1a-6dd49c36b276\/media.jfrog.com\/wp-content\/uploads\/2025\/05\/27095207\/Logo.svg\",\"width\":74,\"height\":73,\"caption\":\"JFrog\"},\"image\":{\"@id\":\"https:\/\/jfrog.com\/fr\/#\/schema\/logo\/image\/\"},\"sameAs\":[\"https:\/\/www.facebook.com\/artifrog\",\"https:\/\/x.com\/jfrog\",\"https:\/\/www.linkedin.com\/company\/455737\",\"https:\/\/www.youtube.com\/channel\/UCh2hNg76zo3d1qQqTWIQxDg\",\"https:\/\/www.wikidata.org\/wiki\/Q98608948\"],\"description\":\"We set out on our Liquid Software journey in 2008, with the mission to transform the way enterprises manage and release software updates. The world expects software to update continuously, securely, non-intrusively and without user intervention. This hyper-connected experience can only be enabled by automation with an end-to-end DevOps platform and a binary-centric focus. With this in mind, we\u2019ve developed the JFrog Platform, ushering in a new era of DevOps and DevSecOps standards that power continuous updates. More than a decade after our founding, with thousands of customers and millions of users globally, JFrog has become the \u201cDatabase of DevOps\u201d and the de-facto standard in release and update management.\",\"legalName\":\"Jfrog, Inc.\",\"numberOfEmployees\":{\"@type\":\"QuantitativeValue\",\"minValue\":\"1001\",\"maxValue\":\"5000\"}}]}<\/script>\n<!-- \/ Yoast SEO Premium plugin. -->","yoast_head_json":{"title":"Pipeline DevOps | JFrog Pipelines","description":"D\u00e9couvrez ce qui fait de JFrog Pipelines la solution d\u2019automatisation et d\u2019orchestration de pipelines DevOps de nouvelle g\u00e9n\u00e9ration. Cr\u00e9ez des workflows simples, et assemblez et d\u00e9ployez des logiciels \u00e0 partir d\u2019un seul endroit.","robots":{"index":"index","follow":"follow","max-snippet":"max-snippet:-1","max-image-preview":"max-image-preview:large","max-video-preview":"max-video-preview:-1"},"canonical":"https:\/\/jfrog.com\/fr\/wp-json\/wp\/v2\/pages\/72651","og_locale":"fr_FR","og_type":"article","og_title":"JFrog Pipelines\u00a0: Automatisation de Pipeline DevOps Cloud Native pour CI\/CD","og_description":"JFrog Pipelines est une solution d\u2019automatisation pour le build, les tests et le d\u00e9ploiement de logiciels dans le cadre de votre pipeline CI\/CD. Elle organise et optimise de bout en bout tous les processus cl\u00e9s de votre pipeline DevOps.","og_url":"https:\/\/jfrog.com\/fr\/pipelines\/","og_site_name":"JFrog","article_publisher":"https:\/\/www.facebook.com\/artifrog","article_modified_time":"2022-04-12T14:37:51+00:00","og_image":[{"url":"https:\/\/media.jfrog.com\/wp-content\/uploads\/2020\/03\/17031910\/Pipelinesplatformsocial-03.png"}],"twitter_card":"summary_large_image","twitter_title":"JFrog Pipelines\u00a0: Automatisation de Pipeline DevOps Cloud Native pour CI\/CD","twitter_description":"JFrog Pipelines est une solution d\u2019automatisation pour le build, les tests et le d\u00e9ploiement de logiciels dans le cadre de votre pipeline CI\/CD. Elle organise et optimise de bout en bout tous les processus cl\u00e9s de votre pipeline DevOps.","twitter_site":"@jfrog","schema":{"@context":"https:\/\/schema.org","@graph":[{"@type":"WebPage","@id":"https:\/\/jfrog.com\/fr\/pipelines\/","url":"https:\/\/jfrog.com\/fr\/pipelines\/","name":"Pipeline DevOps | JFrog Pipelines","isPartOf":{"@id":"https:\/\/jfrog.com\/fr\/#website"},"datePublished":"2021-04-05T08:35:46+00:00","dateModified":"2022-04-12T14:37:51+00:00","description":"D\u00e9couvrez ce qui fait de JFrog Pipelines la solution d\u2019automatisation et d\u2019orchestration de pipelines DevOps de nouvelle g\u00e9n\u00e9ration. Cr\u00e9ez des workflows simples, et assemblez et d\u00e9ployez des logiciels \u00e0 partir d\u2019un seul endroit.","breadcrumb":{"@id":"https:\/\/jfrog.com\/fr\/pipelines\/#breadcrumb"},"inLanguage":"fr-FR","potentialAction":[{"@type":"ReadAction","target":["https:\/\/jfrog.com\/fr\/pipelines\/"]}]},{"@type":"BreadcrumbList","@id":"https:\/\/jfrog.com\/fr\/pipelines\/#breadcrumb","itemListElement":[{"@type":"ListItem","position":1,"name":"Home","item":"https:\/\/jfrog.com\/fr\/"},{"@type":"ListItem","position":2,"name":"JFrog Pipelines"}]},{"@type":"WebSite","@id":"https:\/\/jfrog.com\/fr\/#website","url":"https:\/\/jfrog.com\/fr\/","name":"JFrog","description":"Deliver Trusted Software Releases at Speed and Scale","publisher":{"@id":"https:\/\/jfrog.com\/fr\/#organization"},"potentialAction":[{"@type":"SearchAction","target":{"@type":"EntryPoint","urlTemplate":"https:\/\/jfrog.com\/fr\/?s={search_term_string}"},"query-input":"required name=search_term_string"}],"inLanguage":"fr-FR"},{"@type":"Organization","@id":"https:\/\/jfrog.com\/fr\/#organization","name":"JFrog","url":"https:\/\/jfrog.com\/fr\/","logo":{"@type":"ImageObject","inLanguage":"fr-FR","@id":"https:\/\/jfrog.com\/fr\/#\/schema\/logo\/image\/","url":"https:\/\/speedmedia2.jfrog.com\/08612fe1-9391-4cf3-ac1a-6dd49c36b276\/media.jfrog.com\/wp-content\/uploads\/2025\/05\/27095207\/Logo.svg","contentUrl":"https:\/\/speedmedia2.jfrog.com\/08612fe1-9391-4cf3-ac1a-6dd49c36b276\/media.jfrog.com\/wp-content\/uploads\/2025\/05\/27095207\/Logo.svg","width":74,"height":73,"caption":"JFrog"},"image":{"@id":"https:\/\/jfrog.com\/fr\/#\/schema\/logo\/image\/"},"sameAs":["https:\/\/www.facebook.com\/artifrog","https:\/\/x.com\/jfrog","https:\/\/www.linkedin.com\/company\/455737","https:\/\/www.youtube.com\/channel\/UCh2hNg76zo3d1qQqTWIQxDg","https:\/\/www.wikidata.org\/wiki\/Q98608948"],"description":"We set out on our Liquid Software journey in 2008, with the mission to transform the way enterprises manage and release software updates. The world expects software to update continuously, securely, non-intrusively and without user intervention. This hyper-connected experience can only be enabled by automation with an end-to-end DevOps platform and a binary-centric focus. With this in mind, we\u2019ve developed the JFrog Platform, ushering in a new era of DevOps and DevSecOps standards that power continuous updates. More than a decade after our founding, with thousands of customers and millions of users globally, JFrog has become the \u201cDatabase of DevOps\u201d and the de-facto standard in release and update management.","legalName":"Jfrog, Inc.","numberOfEmployees":{"@type":"QuantitativeValue","minValue":"1001","maxValue":"5000"}}]}},"_links":{"self":[{"href":"https:\/\/jfrog.com\/fr\/wp-json\/wp\/v2\/pages\/72651","targetHints":{"allow":["GET"]}}],"collection":[{"href":"https:\/\/jfrog.com\/fr\/wp-json\/wp\/v2\/pages"}],"about":[{"href":"https:\/\/jfrog.com\/fr\/wp-json\/wp\/v2\/types\/page"}],"author":[{"embeddable":true,"href":"https:\/\/jfrog.com\/fr\/wp-json\/wp\/v2\/users\/144"}],"replies":[{"embeddable":true,"href":"https:\/\/jfrog.com\/fr\/wp-json\/wp\/v2\/comments?post=72651"}],"version-history":[{"count":10,"href":"https:\/\/jfrog.com\/fr\/wp-json\/wp\/v2\/pages\/72651\/revisions"}],"predecessor-version":[{"id":92574,"href":"https:\/\/jfrog.com\/fr\/wp-json\/wp\/v2\/pages\/72651\/revisions\/92574"}],"wp:attachment":[{"href":"https:\/\/jfrog.com\/fr\/wp-json\/wp\/v2\/media?parent=72651"}],"curies":[{"name":"wp","href":"https:\/\/api.w.org\/{rel}","templated":true}]}}