{"id":166691,"date":"2026-05-12T15:16:44","date_gmt":"2026-05-12T13:16:44","guid":{"rendered":"https:\/\/jfrog.com\/ecosysteme-de-partenaires-jfrog-conseil-integrations-et-alliances-cloud\/"},"modified":"2026-05-14T15:11:32","modified_gmt":"2026-05-14T13:11:32","slug":"partners","status":"publish","type":"page","link":"https:\/\/jfrog.com\/fr\/partners\/","title":{"rendered":"\u00c9cosyst\u00e8me de partenaires JFrog | Conseil, int\u00e9grations et alliances cloud"},"content":{"rendered":"","protected":false},"excerpt":{"rendered":"","protected":false},"author":10,"featured_media":0,"parent":0,"menu_order":31,"comment_status":"closed","ping_status":"closed","template":"templates\/lp-v2025.php","meta":{"inline_featured_image":false,"footnotes":""},"class_list":["post-166691","page","type-page","status-publish","hentry"],"yoast_head":"<!-- This site is optimized with the Yoast SEO Premium plugin v22.6 (Yoast SEO v22.6) - https:\/\/yoast.com\/wordpress\/plugins\/seo\/ -->\n<title>\u00c9cosyst\u00e8me de partenaires JFrog | Conseil, int\u00e9grations et alliances cloud<\/title>\n<meta name=\"description\" content=\"Explorez l\u2019\u00e9cosyst\u00e8me de partenaires JFrog. Entrez en contact avec des consultants experts, d\u00e9couvrez des int\u00e9grations technologiques certifi\u00e9es et tirez parti d\u2019alliances strat\u00e9giques avec des fournisseurs cloud pour acc\u00e9l\u00e9rer votre DevSecOps.\" \/>\n<meta name=\"robots\" content=\"index, follow, max-snippet:-1, max-image-preview:large, max-video-preview:-1\" \/>\n<link rel=\"canonical\" href=\"https:\/\/jfrog.com\/fr\/wp-json\/wp\/v2\/pages\/166691\" \/>\n<meta property=\"og:locale\" content=\"fr_FR\" \/>\n<meta property=\"og:type\" content=\"article\" \/>\n<meta property=\"og:title\" content=\"\u00c9cosyst\u00e8me de partenaires JFrog | Conseil, int\u00e9grations et alliances cloud\" \/>\n<meta property=\"og:description\" content=\"Explorez l\u2019\u00e9cosyst\u00e8me de partenaires JFrog. Entrez en contact avec des consultants experts, d\u00e9couvrez des int\u00e9grations technologiques certifi\u00e9es et tirez parti d\u2019alliances strat\u00e9giques avec des fournisseurs cloud pour acc\u00e9l\u00e9rer votre DevSecOps.\" \/>\n<meta property=\"og:url\" content=\"https:\/\/jfrog.com\/fr\/partners\/\" \/>\n<meta property=\"og:site_name\" content=\"JFrog\" \/>\n<meta property=\"article:publisher\" content=\"https:\/\/www.facebook.com\/artifrog\" \/>\n<meta property=\"article:modified_time\" content=\"2026-05-14T13:11:32+00:00\" \/>\n<meta property=\"og:image\" content=\"https:\/\/speedmedia2.jfrog.com\/08612fe1-9391-4cf3-ac1a-6dd49c36b276\/media.jfrog.com\/wp-content\/uploads\/2018\/06\/20132021\/JFROG.png\" \/>\n\t<meta property=\"og:image:width\" content=\"1200\" \/>\n\t<meta property=\"og:image:height\" content=\"628\" \/>\n\t<meta property=\"og:image:type\" content=\"image\/png\" \/>\n<meta name=\"twitter:card\" content=\"summary_large_image\" \/>\n<meta name=\"twitter:site\" content=\"@jfrog\" \/>\n<script type=\"application\/ld+json\" class=\"yoast-schema-graph\">{\"@context\":\"https:\/\/schema.org\",\"@graph\":[{\"@type\":\"WebPage\",\"@id\":\"https:\/\/jfrog.com\/fr\/partners\/\",\"url\":\"https:\/\/jfrog.com\/fr\/partners\/\",\"name\":\"\u00c9cosyst\u00e8me de partenaires JFrog | Conseil, int\u00e9grations et alliances cloud\",\"isPartOf\":{\"@id\":\"https:\/\/jfrog.com\/fr\/#website\"},\"datePublished\":\"2026-05-12T13:16:44+00:00\",\"dateModified\":\"2026-05-14T13:11:32+00:00\",\"description\":\"Explorez l\u2019\u00e9cosyst\u00e8me de partenaires JFrog. Entrez en contact avec des consultants experts, d\u00e9couvrez des int\u00e9grations technologiques certifi\u00e9es et tirez parti d\u2019alliances strat\u00e9giques avec des fournisseurs cloud pour acc\u00e9l\u00e9rer votre DevSecOps.\",\"breadcrumb\":{\"@id\":\"https:\/\/jfrog.com\/fr\/partners\/#breadcrumb\"},\"inLanguage\":\"fr-FR\",\"potentialAction\":[{\"@type\":\"ReadAction\",\"target\":[\"https:\/\/jfrog.com\/fr\/partners\/\"]}]},{\"@type\":\"BreadcrumbList\",\"@id\":\"https:\/\/jfrog.com\/fr\/partners\/#breadcrumb\",\"itemListElement\":[{\"@type\":\"ListItem\",\"position\":1,\"name\":\"Home\",\"item\":\"https:\/\/jfrog.com\/fr\/\"},{\"@type\":\"ListItem\",\"position\":2,\"name\":\"\u00c9cosyst\u00e8me de partenaires JFrog | Conseil, int\u00e9grations et alliances cloud\"}]},{\"@type\":\"WebSite\",\"@id\":\"https:\/\/jfrog.com\/fr\/#website\",\"url\":\"https:\/\/jfrog.com\/fr\/\",\"name\":\"JFrog\",\"description\":\"Deliver Trusted Software Releases at Speed and Scale\",\"publisher\":{\"@id\":\"https:\/\/jfrog.com\/fr\/#organization\"},\"potentialAction\":[{\"@type\":\"SearchAction\",\"target\":{\"@type\":\"EntryPoint\",\"urlTemplate\":\"https:\/\/jfrog.com\/fr\/?s={search_term_string}\"},\"query-input\":\"required name=search_term_string\"}],\"inLanguage\":\"fr-FR\"},{\"@type\":\"Organization\",\"@id\":\"https:\/\/jfrog.com\/fr\/#organization\",\"name\":\"JFrog\",\"url\":\"https:\/\/jfrog.com\/fr\/\",\"logo\":{\"@type\":\"ImageObject\",\"inLanguage\":\"fr-FR\",\"@id\":\"https:\/\/jfrog.com\/fr\/#\/schema\/logo\/image\/\",\"url\":\"https:\/\/speedmedia2.jfrog.com\/08612fe1-9391-4cf3-ac1a-6dd49c36b276\/media.jfrog.com\/wp-content\/uploads\/2025\/05\/27095207\/Logo.svg\",\"contentUrl\":\"https:\/\/speedmedia2.jfrog.com\/08612fe1-9391-4cf3-ac1a-6dd49c36b276\/media.jfrog.com\/wp-content\/uploads\/2025\/05\/27095207\/Logo.svg\",\"width\":74,\"height\":73,\"caption\":\"JFrog\"},\"image\":{\"@id\":\"https:\/\/jfrog.com\/fr\/#\/schema\/logo\/image\/\"},\"sameAs\":[\"https:\/\/www.facebook.com\/artifrog\",\"https:\/\/x.com\/jfrog\",\"https:\/\/www.linkedin.com\/company\/455737\",\"https:\/\/www.youtube.com\/channel\/UCh2hNg76zo3d1qQqTWIQxDg\",\"https:\/\/www.wikidata.org\/wiki\/Q98608948\"],\"description\":\"We set out on our Liquid Software journey in 2008, with the mission to transform the way enterprises manage and release software updates. The world expects software to update continuously, securely, non-intrusively and without user intervention. This hyper-connected experience can only be enabled by automation with an end-to-end DevOps platform and a binary-centric focus. With this in mind, we\u2019ve developed the JFrog Platform, ushering in a new era of DevOps and DevSecOps standards that power continuous updates. More than a decade after our founding, with thousands of customers and millions of users globally, JFrog has become the \u201cDatabase of DevOps\u201d and the de-facto standard in release and update management.\",\"legalName\":\"Jfrog, Inc.\",\"numberOfEmployees\":{\"@type\":\"QuantitativeValue\",\"minValue\":\"1001\",\"maxValue\":\"5000\"}}]}<\/script>\n<!-- \/ Yoast SEO Premium plugin. -->","yoast_head_json":{"title":"\u00c9cosyst\u00e8me de partenaires JFrog | Conseil, int\u00e9grations et alliances cloud","description":"Explorez l\u2019\u00e9cosyst\u00e8me de partenaires JFrog. Entrez en contact avec des consultants experts, d\u00e9couvrez des int\u00e9grations technologiques certifi\u00e9es et tirez parti d\u2019alliances strat\u00e9giques avec des fournisseurs cloud pour acc\u00e9l\u00e9rer votre DevSecOps.","robots":{"index":"index","follow":"follow","max-snippet":"max-snippet:-1","max-image-preview":"max-image-preview:large","max-video-preview":"max-video-preview:-1"},"canonical":"https:\/\/jfrog.com\/fr\/wp-json\/wp\/v2\/pages\/166691","og_locale":"fr_FR","og_type":"article","og_title":"\u00c9cosyst\u00e8me de partenaires JFrog | Conseil, int\u00e9grations et alliances cloud","og_description":"Explorez l\u2019\u00e9cosyst\u00e8me de partenaires JFrog. Entrez en contact avec des consultants experts, d\u00e9couvrez des int\u00e9grations technologiques certifi\u00e9es et tirez parti d\u2019alliances strat\u00e9giques avec des fournisseurs cloud pour acc\u00e9l\u00e9rer votre DevSecOps.","og_url":"https:\/\/jfrog.com\/fr\/partners\/","og_site_name":"JFrog","article_publisher":"https:\/\/www.facebook.com\/artifrog","article_modified_time":"2026-05-14T13:11:32+00:00","og_image":[{"width":1200,"height":628,"url":"https:\/\/speedmedia2.jfrog.com\/08612fe1-9391-4cf3-ac1a-6dd49c36b276\/media.jfrog.com\/wp-content\/uploads\/2018\/06\/20132021\/JFROG.png","type":"image\/png"}],"twitter_card":"summary_large_image","twitter_site":"@jfrog","schema":{"@context":"https:\/\/schema.org","@graph":[{"@type":"WebPage","@id":"https:\/\/jfrog.com\/fr\/partners\/","url":"https:\/\/jfrog.com\/fr\/partners\/","name":"\u00c9cosyst\u00e8me de partenaires JFrog | Conseil, int\u00e9grations et alliances cloud","isPartOf":{"@id":"https:\/\/jfrog.com\/fr\/#website"},"datePublished":"2026-05-12T13:16:44+00:00","dateModified":"2026-05-14T13:11:32+00:00","description":"Explorez l\u2019\u00e9cosyst\u00e8me de partenaires JFrog. Entrez en contact avec des consultants experts, d\u00e9couvrez des int\u00e9grations technologiques certifi\u00e9es et tirez parti d\u2019alliances strat\u00e9giques avec des fournisseurs cloud pour acc\u00e9l\u00e9rer votre DevSecOps.","breadcrumb":{"@id":"https:\/\/jfrog.com\/fr\/partners\/#breadcrumb"},"inLanguage":"fr-FR","potentialAction":[{"@type":"ReadAction","target":["https:\/\/jfrog.com\/fr\/partners\/"]}]},{"@type":"BreadcrumbList","@id":"https:\/\/jfrog.com\/fr\/partners\/#breadcrumb","itemListElement":[{"@type":"ListItem","position":1,"name":"Home","item":"https:\/\/jfrog.com\/fr\/"},{"@type":"ListItem","position":2,"name":"\u00c9cosyst\u00e8me de partenaires JFrog | Conseil, int\u00e9grations et alliances cloud"}]},{"@type":"WebSite","@id":"https:\/\/jfrog.com\/fr\/#website","url":"https:\/\/jfrog.com\/fr\/","name":"JFrog","description":"Deliver Trusted Software Releases at Speed and Scale","publisher":{"@id":"https:\/\/jfrog.com\/fr\/#organization"},"potentialAction":[{"@type":"SearchAction","target":{"@type":"EntryPoint","urlTemplate":"https:\/\/jfrog.com\/fr\/?s={search_term_string}"},"query-input":"required name=search_term_string"}],"inLanguage":"fr-FR"},{"@type":"Organization","@id":"https:\/\/jfrog.com\/fr\/#organization","name":"JFrog","url":"https:\/\/jfrog.com\/fr\/","logo":{"@type":"ImageObject","inLanguage":"fr-FR","@id":"https:\/\/jfrog.com\/fr\/#\/schema\/logo\/image\/","url":"https:\/\/speedmedia2.jfrog.com\/08612fe1-9391-4cf3-ac1a-6dd49c36b276\/media.jfrog.com\/wp-content\/uploads\/2025\/05\/27095207\/Logo.svg","contentUrl":"https:\/\/speedmedia2.jfrog.com\/08612fe1-9391-4cf3-ac1a-6dd49c36b276\/media.jfrog.com\/wp-content\/uploads\/2025\/05\/27095207\/Logo.svg","width":74,"height":73,"caption":"JFrog"},"image":{"@id":"https:\/\/jfrog.com\/fr\/#\/schema\/logo\/image\/"},"sameAs":["https:\/\/www.facebook.com\/artifrog","https:\/\/x.com\/jfrog","https:\/\/www.linkedin.com\/company\/455737","https:\/\/www.youtube.com\/channel\/UCh2hNg76zo3d1qQqTWIQxDg","https:\/\/www.wikidata.org\/wiki\/Q98608948"],"description":"We set out on our Liquid Software journey in 2008, with the mission to transform the way enterprises manage and release software updates. The world expects software to update continuously, securely, non-intrusively and without user intervention. This hyper-connected experience can only be enabled by automation with an end-to-end DevOps platform and a binary-centric focus. With this in mind, we\u2019ve developed the JFrog Platform, ushering in a new era of DevOps and DevSecOps standards that power continuous updates. More than a decade after our founding, with thousands of customers and millions of users globally, JFrog has become the \u201cDatabase of DevOps\u201d and the de-facto standard in release and update management.","legalName":"Jfrog, Inc.","numberOfEmployees":{"@type":"QuantitativeValue","minValue":"1001","maxValue":"5000"}}]}},"_links":{"self":[{"href":"https:\/\/jfrog.com\/fr\/wp-json\/wp\/v2\/pages\/166691","targetHints":{"allow":["GET"]}}],"collection":[{"href":"https:\/\/jfrog.com\/fr\/wp-json\/wp\/v2\/pages"}],"about":[{"href":"https:\/\/jfrog.com\/fr\/wp-json\/wp\/v2\/types\/page"}],"author":[{"embeddable":true,"href":"https:\/\/jfrog.com\/fr\/wp-json\/wp\/v2\/users\/10"}],"replies":[{"embeddable":true,"href":"https:\/\/jfrog.com\/fr\/wp-json\/wp\/v2\/comments?post=166691"}],"version-history":[{"count":4,"href":"https:\/\/jfrog.com\/fr\/wp-json\/wp\/v2\/pages\/166691\/revisions"}],"predecessor-version":[{"id":166840,"href":"https:\/\/jfrog.com\/fr\/wp-json\/wp\/v2\/pages\/166691\/revisions\/166840"}],"wp:attachment":[{"href":"https:\/\/jfrog.com\/fr\/wp-json\/wp\/v2\/media?parent=166691"}],"curies":[{"name":"wp","href":"https:\/\/api.w.org\/{rel}","templated":true}]}}