{"id":159846,"date":"2025-11-04T12:15:13","date_gmt":"2025-11-04T10:15:13","guid":{"rendered":"https:\/\/jfrog.com\/jfrog-and-github\/"},"modified":"2025-11-05T08:51:35","modified_gmt":"2025-11-05T06:51:35","slug":"jfrog-and-github","status":"publish","type":"page","link":"https:\/\/jfrog.com\/fr\/jfrog-and-github\/","title":{"rendered":"JFrog et Github"},"content":{"rendered":"","protected":false},"excerpt":{"rendered":"","protected":false},"author":633,"featured_media":0,"parent":0,"menu_order":157,"comment_status":"closed","ping_status":"closed","template":"templates\/product-v2025.php","meta":{"inline_featured_image":false,"footnotes":""},"class_list":["post-159846","page","type-page","status-publish","hentry"],"yoast_head":"<!-- This site is optimized with the Yoast SEO Premium plugin v22.6 (Yoast SEO v22.6) - https:\/\/yoast.com\/wordpress\/plugins\/seo\/ -->\n<title>JFrog et GitHub rationalisent les workflows du d\u00e9veloppement logiciel<\/title>\n<meta name=\"description\" content=\"D\u00e9couvrez l\u2019int\u00e9gration fluide entre JFrog et GitHub. Am\u00e9liorez les workflows de d\u00e9veloppement, l\u2019int\u00e9gration continue et la s\u00e9curit\u00e9. Solution unifi\u00e9e pour la gestion de la cha\u00eene d\u2019approvisionnement logicielle.\" \/>\n<meta name=\"robots\" content=\"index, follow, max-snippet:-1, max-image-preview:large, max-video-preview:-1\" \/>\n<link rel=\"canonical\" href=\"https:\/\/jfrog.com\/fr\/wp-json\/wp\/v2\/pages\/159846\" \/>\n<meta property=\"og:locale\" content=\"fr_FR\" \/>\n<meta property=\"og:type\" content=\"article\" \/>\n<meta property=\"og:title\" content=\"JFrog et Github\" \/>\n<meta property=\"og:description\" content=\"D\u00e9couvrez l\u2019int\u00e9gration fluide entre JFrog et GitHub. Am\u00e9liorez les workflows de d\u00e9veloppement, l\u2019int\u00e9gration continue et la s\u00e9curit\u00e9. Solution unifi\u00e9e pour la gestion de la cha\u00eene d\u2019approvisionnement logicielle.\" \/>\n<meta property=\"og:url\" content=\"https:\/\/jfrog.com\/fr\/jfrog-and-github\/\" \/>\n<meta property=\"og:site_name\" content=\"JFrog\" \/>\n<meta property=\"article:publisher\" content=\"https:\/\/www.facebook.com\/artifrog\" \/>\n<meta property=\"article:modified_time\" content=\"2025-11-05T06:51:35+00:00\" \/>\n<meta property=\"og:image\" content=\"https:\/\/media.jfrog.com\/wp-content\/uploads\/2024\/05\/29143253\/LP_1200x630.png\" \/>\n<meta name=\"twitter:card\" content=\"summary_large_image\" \/>\n<meta name=\"twitter:site\" content=\"@jfrog\" \/>\n<script type=\"application\/ld+json\" class=\"yoast-schema-graph\">{\"@context\":\"https:\/\/schema.org\",\"@graph\":[{\"@type\":\"WebPage\",\"@id\":\"https:\/\/jfrog.com\/fr\/jfrog-and-github\/\",\"url\":\"https:\/\/jfrog.com\/fr\/jfrog-and-github\/\",\"name\":\"JFrog et GitHub rationalisent les workflows du d\u00e9veloppement logiciel\",\"isPartOf\":{\"@id\":\"https:\/\/jfrog.com\/fr\/#website\"},\"datePublished\":\"2025-11-04T10:15:13+00:00\",\"dateModified\":\"2025-11-05T06:51:35+00:00\",\"description\":\"D\u00e9couvrez l\u2019int\u00e9gration fluide entre JFrog et GitHub. Am\u00e9liorez les workflows de d\u00e9veloppement, l\u2019int\u00e9gration continue et la s\u00e9curit\u00e9. Solution unifi\u00e9e pour la gestion de la cha\u00eene d\u2019approvisionnement logicielle.\",\"breadcrumb\":{\"@id\":\"https:\/\/jfrog.com\/fr\/jfrog-and-github\/#breadcrumb\"},\"inLanguage\":\"fr-FR\",\"potentialAction\":[{\"@type\":\"ReadAction\",\"target\":[\"https:\/\/jfrog.com\/fr\/jfrog-and-github\/\"]}]},{\"@type\":\"BreadcrumbList\",\"@id\":\"https:\/\/jfrog.com\/fr\/jfrog-and-github\/#breadcrumb\",\"itemListElement\":[{\"@type\":\"ListItem\",\"position\":1,\"name\":\"Home\",\"item\":\"https:\/\/jfrog.com\/fr\/\"},{\"@type\":\"ListItem\",\"position\":2,\"name\":\"JFrog et Github\"}]},{\"@type\":\"WebSite\",\"@id\":\"https:\/\/jfrog.com\/fr\/#website\",\"url\":\"https:\/\/jfrog.com\/fr\/\",\"name\":\"JFrog\",\"description\":\"Deliver Trusted Software Releases at Speed and Scale\",\"publisher\":{\"@id\":\"https:\/\/jfrog.com\/fr\/#organization\"},\"potentialAction\":[{\"@type\":\"SearchAction\",\"target\":{\"@type\":\"EntryPoint\",\"urlTemplate\":\"https:\/\/jfrog.com\/fr\/?s={search_term_string}\"},\"query-input\":\"required name=search_term_string\"}],\"inLanguage\":\"fr-FR\"},{\"@type\":\"Organization\",\"@id\":\"https:\/\/jfrog.com\/fr\/#organization\",\"name\":\"JFrog\",\"url\":\"https:\/\/jfrog.com\/fr\/\",\"logo\":{\"@type\":\"ImageObject\",\"inLanguage\":\"fr-FR\",\"@id\":\"https:\/\/jfrog.com\/fr\/#\/schema\/logo\/image\/\",\"url\":\"https:\/\/speedmedia2.jfrog.com\/08612fe1-9391-4cf3-ac1a-6dd49c36b276\/media.jfrog.com\/wp-content\/uploads\/2025\/05\/27095207\/Logo.svg\",\"contentUrl\":\"https:\/\/speedmedia2.jfrog.com\/08612fe1-9391-4cf3-ac1a-6dd49c36b276\/media.jfrog.com\/wp-content\/uploads\/2025\/05\/27095207\/Logo.svg\",\"width\":74,\"height\":73,\"caption\":\"JFrog\"},\"image\":{\"@id\":\"https:\/\/jfrog.com\/fr\/#\/schema\/logo\/image\/\"},\"sameAs\":[\"https:\/\/www.facebook.com\/artifrog\",\"https:\/\/x.com\/jfrog\",\"https:\/\/www.linkedin.com\/company\/455737\",\"https:\/\/www.youtube.com\/channel\/UCh2hNg76zo3d1qQqTWIQxDg\",\"https:\/\/www.wikidata.org\/wiki\/Q98608948\"],\"description\":\"We set out on our Liquid Software journey in 2008, with the mission to transform the way enterprises manage and release software updates. The world expects software to update continuously, securely, non-intrusively and without user intervention. This hyper-connected experience can only be enabled by automation with an end-to-end DevOps platform and a binary-centric focus. With this in mind, we\u2019ve developed the JFrog Platform, ushering in a new era of DevOps and DevSecOps standards that power continuous updates. More than a decade after our founding, with thousands of customers and millions of users globally, JFrog has become the \u201cDatabase of DevOps\u201d and the de-facto standard in release and update management.\",\"legalName\":\"Jfrog, Inc.\",\"numberOfEmployees\":{\"@type\":\"QuantitativeValue\",\"minValue\":\"1001\",\"maxValue\":\"5000\"}}]}<\/script>\n<!-- \/ Yoast SEO Premium plugin. -->","yoast_head_json":{"title":"JFrog et GitHub rationalisent les workflows du d\u00e9veloppement logiciel","description":"D\u00e9couvrez l\u2019int\u00e9gration fluide entre JFrog et GitHub. Am\u00e9liorez les workflows de d\u00e9veloppement, l\u2019int\u00e9gration continue et la s\u00e9curit\u00e9. Solution unifi\u00e9e pour la gestion de la cha\u00eene d\u2019approvisionnement logicielle.","robots":{"index":"index","follow":"follow","max-snippet":"max-snippet:-1","max-image-preview":"max-image-preview:large","max-video-preview":"max-video-preview:-1"},"canonical":"https:\/\/jfrog.com\/fr\/wp-json\/wp\/v2\/pages\/159846","og_locale":"fr_FR","og_type":"article","og_title":"JFrog et Github","og_description":"D\u00e9couvrez l\u2019int\u00e9gration fluide entre JFrog et GitHub. Am\u00e9liorez les workflows de d\u00e9veloppement, l\u2019int\u00e9gration continue et la s\u00e9curit\u00e9. Solution unifi\u00e9e pour la gestion de la cha\u00eene d\u2019approvisionnement logicielle.","og_url":"https:\/\/jfrog.com\/fr\/jfrog-and-github\/","og_site_name":"JFrog","article_publisher":"https:\/\/www.facebook.com\/artifrog","article_modified_time":"2025-11-05T06:51:35+00:00","og_image":[{"url":"https:\/\/media.jfrog.com\/wp-content\/uploads\/2024\/05\/29143253\/LP_1200x630.png"}],"twitter_card":"summary_large_image","twitter_site":"@jfrog","schema":{"@context":"https:\/\/schema.org","@graph":[{"@type":"WebPage","@id":"https:\/\/jfrog.com\/fr\/jfrog-and-github\/","url":"https:\/\/jfrog.com\/fr\/jfrog-and-github\/","name":"JFrog et GitHub rationalisent les workflows du d\u00e9veloppement logiciel","isPartOf":{"@id":"https:\/\/jfrog.com\/fr\/#website"},"datePublished":"2025-11-04T10:15:13+00:00","dateModified":"2025-11-05T06:51:35+00:00","description":"D\u00e9couvrez l\u2019int\u00e9gration fluide entre JFrog et GitHub. Am\u00e9liorez les workflows de d\u00e9veloppement, l\u2019int\u00e9gration continue et la s\u00e9curit\u00e9. Solution unifi\u00e9e pour la gestion de la cha\u00eene d\u2019approvisionnement logicielle.","breadcrumb":{"@id":"https:\/\/jfrog.com\/fr\/jfrog-and-github\/#breadcrumb"},"inLanguage":"fr-FR","potentialAction":[{"@type":"ReadAction","target":["https:\/\/jfrog.com\/fr\/jfrog-and-github\/"]}]},{"@type":"BreadcrumbList","@id":"https:\/\/jfrog.com\/fr\/jfrog-and-github\/#breadcrumb","itemListElement":[{"@type":"ListItem","position":1,"name":"Home","item":"https:\/\/jfrog.com\/fr\/"},{"@type":"ListItem","position":2,"name":"JFrog et Github"}]},{"@type":"WebSite","@id":"https:\/\/jfrog.com\/fr\/#website","url":"https:\/\/jfrog.com\/fr\/","name":"JFrog","description":"Deliver Trusted Software Releases at Speed and Scale","publisher":{"@id":"https:\/\/jfrog.com\/fr\/#organization"},"potentialAction":[{"@type":"SearchAction","target":{"@type":"EntryPoint","urlTemplate":"https:\/\/jfrog.com\/fr\/?s={search_term_string}"},"query-input":"required name=search_term_string"}],"inLanguage":"fr-FR"},{"@type":"Organization","@id":"https:\/\/jfrog.com\/fr\/#organization","name":"JFrog","url":"https:\/\/jfrog.com\/fr\/","logo":{"@type":"ImageObject","inLanguage":"fr-FR","@id":"https:\/\/jfrog.com\/fr\/#\/schema\/logo\/image\/","url":"https:\/\/speedmedia2.jfrog.com\/08612fe1-9391-4cf3-ac1a-6dd49c36b276\/media.jfrog.com\/wp-content\/uploads\/2025\/05\/27095207\/Logo.svg","contentUrl":"https:\/\/speedmedia2.jfrog.com\/08612fe1-9391-4cf3-ac1a-6dd49c36b276\/media.jfrog.com\/wp-content\/uploads\/2025\/05\/27095207\/Logo.svg","width":74,"height":73,"caption":"JFrog"},"image":{"@id":"https:\/\/jfrog.com\/fr\/#\/schema\/logo\/image\/"},"sameAs":["https:\/\/www.facebook.com\/artifrog","https:\/\/x.com\/jfrog","https:\/\/www.linkedin.com\/company\/455737","https:\/\/www.youtube.com\/channel\/UCh2hNg76zo3d1qQqTWIQxDg","https:\/\/www.wikidata.org\/wiki\/Q98608948"],"description":"We set out on our Liquid Software journey in 2008, with the mission to transform the way enterprises manage and release software updates. The world expects software to update continuously, securely, non-intrusively and without user intervention. This hyper-connected experience can only be enabled by automation with an end-to-end DevOps platform and a binary-centric focus. With this in mind, we\u2019ve developed the JFrog Platform, ushering in a new era of DevOps and DevSecOps standards that power continuous updates. More than a decade after our founding, with thousands of customers and millions of users globally, JFrog has become the \u201cDatabase of DevOps\u201d and the de-facto standard in release and update management.","legalName":"Jfrog, Inc.","numberOfEmployees":{"@type":"QuantitativeValue","minValue":"1001","maxValue":"5000"}}]}},"_links":{"self":[{"href":"https:\/\/jfrog.com\/fr\/wp-json\/wp\/v2\/pages\/159846","targetHints":{"allow":["GET"]}}],"collection":[{"href":"https:\/\/jfrog.com\/fr\/wp-json\/wp\/v2\/pages"}],"about":[{"href":"https:\/\/jfrog.com\/fr\/wp-json\/wp\/v2\/types\/page"}],"author":[{"embeddable":true,"href":"https:\/\/jfrog.com\/fr\/wp-json\/wp\/v2\/users\/633"}],"replies":[{"embeddable":true,"href":"https:\/\/jfrog.com\/fr\/wp-json\/wp\/v2\/comments?post=159846"}],"version-history":[{"count":6,"href":"https:\/\/jfrog.com\/fr\/wp-json\/wp\/v2\/pages\/159846\/revisions"}],"predecessor-version":[{"id":159881,"href":"https:\/\/jfrog.com\/fr\/wp-json\/wp\/v2\/pages\/159846\/revisions\/159881"}],"wp:attachment":[{"href":"https:\/\/jfrog.com\/fr\/wp-json\/wp\/v2\/media?parent=159846"}],"curies":[{"name":"wp","href":"https:\/\/api.w.org\/{rel}","templated":true}]}}