{"id":156619,"date":"2025-08-27T11:19:18","date_gmt":"2025-08-27T09:19:18","guid":{"rendered":"https:\/\/jfrog.com\/platform\/schedule-a-demo\/"},"modified":"2026-02-04T09:35:46","modified_gmt":"2026-02-04T07:35:46","slug":"schedule-a-demo","status":"publish","type":"page","link":"https:\/\/jfrog.com\/fr\/platform\/schedule-a-demo\/","title":{"rendered":"Plateforme \u2013 Planifier une D\u00e9mo"},"content":{"rendered":"<p>Fournissez des versions logicielles fiables.<\/p>\n<p>D\u00e9couvrez comment une plateforme de cha\u00eene d&#8217;approvisionnement logicielle universelle, hybride et int\u00e9grale peut vous aider \u00e0 livrer des logiciels de qualit\u00e9 et s\u00e9curis\u00e9s.<\/p>\n<ul>\n<li>Gestion des artefacts et des packages d\u00e9finissant l&#8217;industrie<\/li>\n<li>S\u00e9curit\u00e9 applicative holistique de bout en bout<\/li>\n<li>CI\/CD de niveau entreprise<\/li>\n<li>Distribution de Logiciels<\/li>\n<li>Gestion des appareils IoT<\/li>\n<li><em>et plus encore&#8230;<\/em><\/li>\n<\/ul>\n<p>Parlez aux experts d\u00e8s aujourd\u2019hui\u00a0!<\/p>\n","protected":false},"excerpt":{"rendered":"<p>Fournissez des versions logicielles fiables. D\u00e9couvrez comment une plateforme de cha\u00eene d&#8217;approvisionnement logicielle universelle, hybride et int\u00e9grale peut vous aider \u00e0 livrer des logiciels de qualit\u00e9 et s\u00e9curis\u00e9s. Gestion des artefacts et des packages d\u00e9finissant l&#8217;industrie S\u00e9curit\u00e9 applicative holistique de bout en bout CI\/CD de niveau entreprise Distribution de Logiciels Gestion des appareils IoT et &hellip;<\/p>\n","protected":false},"author":158,"featured_media":0,"parent":131715,"menu_order":1000,"comment_status":"closed","ping_status":"closed","template":"templates\/lp-v2025.php","meta":{"inline_featured_image":false,"footnotes":""},"class_list":["post-156619","page","type-page","status-publish","hentry"],"yoast_head":"<!-- This site is optimized with the Yoast SEO Premium plugin v22.6 (Yoast SEO v22.6) - https:\/\/yoast.com\/wordpress\/plugins\/seo\/ -->\n<title>Plateforme \u2013 Planifier une D\u00e9mo | JFrog<\/title>\n<meta name=\"robots\" content=\"index, follow, max-snippet:-1, max-image-preview:large, max-video-preview:-1\" \/>\n<link rel=\"canonical\" href=\"https:\/\/jfrog.com\/fr\/wp-json\/wp\/v2\/pages\/156619\" \/>\n<meta property=\"og:locale\" content=\"fr_FR\" \/>\n<meta property=\"og:type\" content=\"article\" \/>\n<meta property=\"og:title\" content=\"Plateforme \u2013 Planifier une D\u00e9mo\" \/>\n<meta property=\"og:description\" content=\"Fournissez des versions logicielles fiables. D\u00e9couvrez comment une plateforme de cha\u00eene d&#8217;approvisionnement logicielle universelle, hybride et int\u00e9grale peut vous aider \u00e0 livrer des logiciels de qualit\u00e9 et s\u00e9curis\u00e9s. Gestion des artefacts et des packages d\u00e9finissant l&#8217;industrie S\u00e9curit\u00e9 applicative holistique de bout en bout CI\/CD de niveau entreprise Distribution de Logiciels Gestion des appareils IoT et &hellip;\" \/>\n<meta property=\"og:url\" content=\"https:\/\/jfrog.com\/fr\/platform\/schedule-a-demo\/\" \/>\n<meta property=\"og:site_name\" content=\"JFrog\" \/>\n<meta property=\"article:publisher\" content=\"https:\/\/www.facebook.com\/artifrog\" \/>\n<meta property=\"article:modified_time\" content=\"2026-02-04T07:35:46+00:00\" \/>\n<meta property=\"og:image\" content=\"https:\/\/speedmedia2.jfrog.com\/08612fe1-9391-4cf3-ac1a-6dd49c36b276\/media.jfrog.com\/wp-content\/uploads\/2018\/06\/20132021\/JFROG.png\" \/>\n\t<meta property=\"og:image:width\" content=\"1200\" \/>\n\t<meta property=\"og:image:height\" content=\"628\" \/>\n\t<meta property=\"og:image:type\" content=\"image\/png\" \/>\n<meta name=\"twitter:card\" content=\"summary_large_image\" \/>\n<meta name=\"twitter:site\" content=\"@jfrog\" \/>\n<meta name=\"twitter:label1\" content=\"Est. reading time\" \/>\n\t<meta name=\"twitter:data1\" content=\"1 minute\" \/>\n<script type=\"application\/ld+json\" class=\"yoast-schema-graph\">{\"@context\":\"https:\/\/schema.org\",\"@graph\":[{\"@type\":\"WebPage\",\"@id\":\"https:\/\/jfrog.com\/fr\/platform\/schedule-a-demo\/\",\"url\":\"https:\/\/jfrog.com\/fr\/platform\/schedule-a-demo\/\",\"name\":\"Plateforme \u2013 Planifier une D\u00e9mo | JFrog\",\"isPartOf\":{\"@id\":\"https:\/\/jfrog.com\/fr\/#website\"},\"datePublished\":\"2025-08-27T09:19:18+00:00\",\"dateModified\":\"2026-02-04T07:35:46+00:00\",\"breadcrumb\":{\"@id\":\"https:\/\/jfrog.com\/fr\/platform\/schedule-a-demo\/#breadcrumb\"},\"inLanguage\":\"fr-FR\",\"potentialAction\":[{\"@type\":\"ReadAction\",\"target\":[\"https:\/\/jfrog.com\/fr\/platform\/schedule-a-demo\/\"]}]},{\"@type\":\"BreadcrumbList\",\"@id\":\"https:\/\/jfrog.com\/fr\/platform\/schedule-a-demo\/#breadcrumb\",\"itemListElement\":[{\"@type\":\"ListItem\",\"position\":1,\"name\":\"Home\",\"item\":\"https:\/\/jfrog.com\/fr\/\"},{\"@type\":\"ListItem\",\"position\":2,\"name\":\"La plateforme de cha\u00eene d\u2019approvisionnement logicielle\",\"item\":\"https:\/\/jfrog.com\/fr\/platform\/\"},{\"@type\":\"ListItem\",\"position\":3,\"name\":\"Plateforme \u2013 Planifier une D\u00e9mo\"}]},{\"@type\":\"WebSite\",\"@id\":\"https:\/\/jfrog.com\/fr\/#website\",\"url\":\"https:\/\/jfrog.com\/fr\/\",\"name\":\"JFrog\",\"description\":\"Deliver Trusted Software Releases at Speed and Scale\",\"publisher\":{\"@id\":\"https:\/\/jfrog.com\/fr\/#organization\"},\"potentialAction\":[{\"@type\":\"SearchAction\",\"target\":{\"@type\":\"EntryPoint\",\"urlTemplate\":\"https:\/\/jfrog.com\/fr\/?s={search_term_string}\"},\"query-input\":\"required name=search_term_string\"}],\"inLanguage\":\"fr-FR\"},{\"@type\":\"Organization\",\"@id\":\"https:\/\/jfrog.com\/fr\/#organization\",\"name\":\"JFrog\",\"url\":\"https:\/\/jfrog.com\/fr\/\",\"logo\":{\"@type\":\"ImageObject\",\"inLanguage\":\"fr-FR\",\"@id\":\"https:\/\/jfrog.com\/fr\/#\/schema\/logo\/image\/\",\"url\":\"https:\/\/speedmedia2.jfrog.com\/08612fe1-9391-4cf3-ac1a-6dd49c36b276\/media.jfrog.com\/wp-content\/uploads\/2025\/05\/27095207\/Logo.svg\",\"contentUrl\":\"https:\/\/speedmedia2.jfrog.com\/08612fe1-9391-4cf3-ac1a-6dd49c36b276\/media.jfrog.com\/wp-content\/uploads\/2025\/05\/27095207\/Logo.svg\",\"width\":74,\"height\":73,\"caption\":\"JFrog\"},\"image\":{\"@id\":\"https:\/\/jfrog.com\/fr\/#\/schema\/logo\/image\/\"},\"sameAs\":[\"https:\/\/www.facebook.com\/artifrog\",\"https:\/\/x.com\/jfrog\",\"https:\/\/www.linkedin.com\/company\/455737\",\"https:\/\/www.youtube.com\/channel\/UCh2hNg76zo3d1qQqTWIQxDg\",\"https:\/\/www.wikidata.org\/wiki\/Q98608948\"],\"description\":\"We set out on our Liquid Software journey in 2008, with the mission to transform the way enterprises manage and release software updates. The world expects software to update continuously, securely, non-intrusively and without user intervention. This hyper-connected experience can only be enabled by automation with an end-to-end DevOps platform and a binary-centric focus. With this in mind, we\u2019ve developed the JFrog Platform, ushering in a new era of DevOps and DevSecOps standards that power continuous updates. More than a decade after our founding, with thousands of customers and millions of users globally, JFrog has become the \u201cDatabase of DevOps\u201d and the de-facto standard in release and update management.\",\"legalName\":\"Jfrog, Inc.\",\"numberOfEmployees\":{\"@type\":\"QuantitativeValue\",\"minValue\":\"1001\",\"maxValue\":\"5000\"}}]}<\/script>\n<!-- \/ Yoast SEO Premium plugin. -->","yoast_head_json":{"title":"Plateforme \u2013 Planifier une D\u00e9mo | JFrog","robots":{"index":"index","follow":"follow","max-snippet":"max-snippet:-1","max-image-preview":"max-image-preview:large","max-video-preview":"max-video-preview:-1"},"canonical":"https:\/\/jfrog.com\/fr\/wp-json\/wp\/v2\/pages\/156619","og_locale":"fr_FR","og_type":"article","og_title":"Plateforme \u2013 Planifier une D\u00e9mo","og_description":"Fournissez des versions logicielles fiables. D\u00e9couvrez comment une plateforme de cha\u00eene d&#8217;approvisionnement logicielle universelle, hybride et int\u00e9grale peut vous aider \u00e0 livrer des logiciels de qualit\u00e9 et s\u00e9curis\u00e9s. Gestion des artefacts et des packages d\u00e9finissant l&#8217;industrie S\u00e9curit\u00e9 applicative holistique de bout en bout CI\/CD de niveau entreprise Distribution de Logiciels Gestion des appareils IoT et &hellip;","og_url":"https:\/\/jfrog.com\/fr\/platform\/schedule-a-demo\/","og_site_name":"JFrog","article_publisher":"https:\/\/www.facebook.com\/artifrog","article_modified_time":"2026-02-04T07:35:46+00:00","og_image":[{"width":1200,"height":628,"url":"https:\/\/speedmedia2.jfrog.com\/08612fe1-9391-4cf3-ac1a-6dd49c36b276\/media.jfrog.com\/wp-content\/uploads\/2018\/06\/20132021\/JFROG.png","type":"image\/png"}],"twitter_card":"summary_large_image","twitter_site":"@jfrog","twitter_misc":{"Est. reading time":"1 minute"},"schema":{"@context":"https:\/\/schema.org","@graph":[{"@type":"WebPage","@id":"https:\/\/jfrog.com\/fr\/platform\/schedule-a-demo\/","url":"https:\/\/jfrog.com\/fr\/platform\/schedule-a-demo\/","name":"Plateforme \u2013 Planifier une D\u00e9mo | JFrog","isPartOf":{"@id":"https:\/\/jfrog.com\/fr\/#website"},"datePublished":"2025-08-27T09:19:18+00:00","dateModified":"2026-02-04T07:35:46+00:00","breadcrumb":{"@id":"https:\/\/jfrog.com\/fr\/platform\/schedule-a-demo\/#breadcrumb"},"inLanguage":"fr-FR","potentialAction":[{"@type":"ReadAction","target":["https:\/\/jfrog.com\/fr\/platform\/schedule-a-demo\/"]}]},{"@type":"BreadcrumbList","@id":"https:\/\/jfrog.com\/fr\/platform\/schedule-a-demo\/#breadcrumb","itemListElement":[{"@type":"ListItem","position":1,"name":"Home","item":"https:\/\/jfrog.com\/fr\/"},{"@type":"ListItem","position":2,"name":"La plateforme de cha\u00eene d\u2019approvisionnement logicielle","item":"https:\/\/jfrog.com\/fr\/platform\/"},{"@type":"ListItem","position":3,"name":"Plateforme \u2013 Planifier une D\u00e9mo"}]},{"@type":"WebSite","@id":"https:\/\/jfrog.com\/fr\/#website","url":"https:\/\/jfrog.com\/fr\/","name":"JFrog","description":"Deliver Trusted Software Releases at Speed and Scale","publisher":{"@id":"https:\/\/jfrog.com\/fr\/#organization"},"potentialAction":[{"@type":"SearchAction","target":{"@type":"EntryPoint","urlTemplate":"https:\/\/jfrog.com\/fr\/?s={search_term_string}"},"query-input":"required name=search_term_string"}],"inLanguage":"fr-FR"},{"@type":"Organization","@id":"https:\/\/jfrog.com\/fr\/#organization","name":"JFrog","url":"https:\/\/jfrog.com\/fr\/","logo":{"@type":"ImageObject","inLanguage":"fr-FR","@id":"https:\/\/jfrog.com\/fr\/#\/schema\/logo\/image\/","url":"https:\/\/speedmedia2.jfrog.com\/08612fe1-9391-4cf3-ac1a-6dd49c36b276\/media.jfrog.com\/wp-content\/uploads\/2025\/05\/27095207\/Logo.svg","contentUrl":"https:\/\/speedmedia2.jfrog.com\/08612fe1-9391-4cf3-ac1a-6dd49c36b276\/media.jfrog.com\/wp-content\/uploads\/2025\/05\/27095207\/Logo.svg","width":74,"height":73,"caption":"JFrog"},"image":{"@id":"https:\/\/jfrog.com\/fr\/#\/schema\/logo\/image\/"},"sameAs":["https:\/\/www.facebook.com\/artifrog","https:\/\/x.com\/jfrog","https:\/\/www.linkedin.com\/company\/455737","https:\/\/www.youtube.com\/channel\/UCh2hNg76zo3d1qQqTWIQxDg","https:\/\/www.wikidata.org\/wiki\/Q98608948"],"description":"We set out on our Liquid Software journey in 2008, with the mission to transform the way enterprises manage and release software updates. The world expects software to update continuously, securely, non-intrusively and without user intervention. This hyper-connected experience can only be enabled by automation with an end-to-end DevOps platform and a binary-centric focus. With this in mind, we\u2019ve developed the JFrog Platform, ushering in a new era of DevOps and DevSecOps standards that power continuous updates. More than a decade after our founding, with thousands of customers and millions of users globally, JFrog has become the \u201cDatabase of DevOps\u201d and the de-facto standard in release and update management.","legalName":"Jfrog, Inc.","numberOfEmployees":{"@type":"QuantitativeValue","minValue":"1001","maxValue":"5000"}}]}},"_links":{"self":[{"href":"https:\/\/jfrog.com\/fr\/wp-json\/wp\/v2\/pages\/156619","targetHints":{"allow":["GET"]}}],"collection":[{"href":"https:\/\/jfrog.com\/fr\/wp-json\/wp\/v2\/pages"}],"about":[{"href":"https:\/\/jfrog.com\/fr\/wp-json\/wp\/v2\/types\/page"}],"author":[{"embeddable":true,"href":"https:\/\/jfrog.com\/fr\/wp-json\/wp\/v2\/users\/158"}],"replies":[{"embeddable":true,"href":"https:\/\/jfrog.com\/fr\/wp-json\/wp\/v2\/comments?post=156619"}],"version-history":[{"count":2,"href":"https:\/\/jfrog.com\/fr\/wp-json\/wp\/v2\/pages\/156619\/revisions"}],"predecessor-version":[{"id":156621,"href":"https:\/\/jfrog.com\/fr\/wp-json\/wp\/v2\/pages\/156619\/revisions\/156621"}],"up":[{"embeddable":true,"href":"https:\/\/jfrog.com\/fr\/wp-json\/wp\/v2\/pages\/131715"}],"wp:attachment":[{"href":"https:\/\/jfrog.com\/fr\/wp-json\/wp\/v2\/media?parent=156619"}],"curies":[{"name":"wp","href":"https:\/\/api.w.org\/{rel}","templated":true}]}}