{"id":154881,"date":"2025-06-30T06:15:25","date_gmt":"2025-06-30T04:15:25","guid":{"rendered":"https:\/\/jfrog.com\/rlm-2\/"},"modified":"2025-07-01T11:37:58","modified_gmt":"2025-07-01T09:37:58","slug":"rlm","status":"publish","type":"page","link":"https:\/\/jfrog.com\/fr\/rlm\/","title":{"rendered":"RLM"},"content":{"rendered":"","protected":false},"excerpt":{"rendered":"","protected":false},"author":663,"featured_media":0,"parent":0,"menu_order":144,"comment_status":"closed","ping_status":"closed","template":"templates\/product-v2025.php","meta":{"inline_featured_image":false,"footnotes":""},"class_list":["post-154881","page","type-page","status-publish","hentry"],"yoast_head":"<!-- This site is optimized with the Yoast SEO Premium plugin v22.6 (Yoast SEO v22.6) - https:\/\/yoast.com\/wordpress\/plugins\/seo\/ -->\n<title>Gestion du cycle de vie des versions JFrog | Rationalisez la gouvernance du cycle de d\u00e9veloppement logiciel<\/title>\n<meta name=\"description\" content=\"Moins de 160\u00a0caract\u00e8res. Un r\u00e9sum\u00e9 de la page. C\u2019est ce que les utilisateurs verront dans les moteurs de recherche. Si la description correspond \u00e0 ce qu\u2019ils recherchent, ils sont plus susceptibles de cliquer sur le lien. Gestion du cycle de vie des versions JFrog\u00a0: Acc\u00e9l\u00e9rez la publication de versions logicielles de confiance gr\u00e2ce \u00e0 une gouvernance automatis\u00e9e et \u00e0 des audits simplifi\u00e9s. Rationalisez votre SDLC (cycle de d\u00e9veloppement logiciel), assurez la conformit\u00e9 et renforcez la confiance dans les versions, le tout au sein de la plateforme JFrog.\" \/>\n<meta name=\"robots\" content=\"index, follow, max-snippet:-1, max-image-preview:large, max-video-preview:-1\" \/>\n<link rel=\"canonical\" href=\"https:\/\/jfrog.com\/fr\/wp-json\/wp\/v2\/pages\/154881\" \/>\n<meta property=\"og:locale\" content=\"fr_FR\" \/>\n<meta property=\"og:type\" content=\"article\" \/>\n<meta property=\"og:title\" content=\"RLM\" \/>\n<meta property=\"og:description\" content=\"Moins de 160\u00a0caract\u00e8res. Un r\u00e9sum\u00e9 de la page. C\u2019est ce que les utilisateurs verront dans les moteurs de recherche. Si la description correspond \u00e0 ce qu\u2019ils recherchent, ils sont plus susceptibles de cliquer sur le lien. Gestion du cycle de vie des versions JFrog\u00a0: Acc\u00e9l\u00e9rez la publication de versions logicielles de confiance gr\u00e2ce \u00e0 une gouvernance automatis\u00e9e et \u00e0 des audits simplifi\u00e9s. Rationalisez votre SDLC (cycle de d\u00e9veloppement logiciel), assurez la conformit\u00e9 et renforcez la confiance dans les versions, le tout au sein de la plateforme JFrog.\" \/>\n<meta property=\"og:url\" content=\"https:\/\/jfrog.com\/fr\/rlm\/\" \/>\n<meta property=\"og:site_name\" content=\"JFrog\" \/>\n<meta property=\"article:publisher\" content=\"https:\/\/www.facebook.com\/artifrog\" \/>\n<meta property=\"article:modified_time\" content=\"2025-07-01T09:37:58+00:00\" \/>\n<meta property=\"og:image\" content=\"https:\/\/speedmedia2.jfrog.com\/08612fe1-9391-4cf3-ac1a-6dd49c36b276\/media.jfrog.com\/wp-content\/uploads\/2018\/06\/20132021\/JFROG.png\" \/>\n\t<meta property=\"og:image:width\" content=\"1200\" \/>\n\t<meta property=\"og:image:height\" content=\"628\" \/>\n\t<meta property=\"og:image:type\" content=\"image\/png\" \/>\n<meta name=\"twitter:card\" content=\"summary_large_image\" \/>\n<meta name=\"twitter:site\" content=\"@jfrog\" \/>\n<script type=\"application\/ld+json\" class=\"yoast-schema-graph\">{\"@context\":\"https:\/\/schema.org\",\"@graph\":[{\"@type\":\"WebPage\",\"@id\":\"https:\/\/jfrog.com\/fr\/rlm\/\",\"url\":\"https:\/\/jfrog.com\/fr\/rlm\/\",\"name\":\"Gestion du cycle de vie des versions JFrog | Rationalisez la gouvernance du cycle de d\u00e9veloppement logiciel\",\"isPartOf\":{\"@id\":\"https:\/\/jfrog.com\/fr\/#website\"},\"datePublished\":\"2025-06-30T04:15:25+00:00\",\"dateModified\":\"2025-07-01T09:37:58+00:00\",\"description\":\"Moins de 160\u00a0caract\u00e8res. Un r\u00e9sum\u00e9 de la page. C\u2019est ce que les utilisateurs verront dans les moteurs de recherche. Si la description correspond \u00e0 ce qu\u2019ils recherchent, ils sont plus susceptibles de cliquer sur le lien. Gestion du cycle de vie des versions JFrog\u00a0: Acc\u00e9l\u00e9rez la publication de versions logicielles de confiance gr\u00e2ce \u00e0 une gouvernance automatis\u00e9e et \u00e0 des audits simplifi\u00e9s. Rationalisez votre SDLC (cycle de d\u00e9veloppement logiciel), assurez la conformit\u00e9 et renforcez la confiance dans les versions, le tout au sein de la plateforme JFrog.\",\"breadcrumb\":{\"@id\":\"https:\/\/jfrog.com\/fr\/rlm\/#breadcrumb\"},\"inLanguage\":\"fr-FR\",\"potentialAction\":[{\"@type\":\"ReadAction\",\"target\":[\"https:\/\/jfrog.com\/fr\/rlm\/\"]}]},{\"@type\":\"BreadcrumbList\",\"@id\":\"https:\/\/jfrog.com\/fr\/rlm\/#breadcrumb\",\"itemListElement\":[{\"@type\":\"ListItem\",\"position\":1,\"name\":\"Home\",\"item\":\"https:\/\/jfrog.com\/fr\/\"},{\"@type\":\"ListItem\",\"position\":2,\"name\":\"RLM\"}]},{\"@type\":\"WebSite\",\"@id\":\"https:\/\/jfrog.com\/fr\/#website\",\"url\":\"https:\/\/jfrog.com\/fr\/\",\"name\":\"JFrog\",\"description\":\"Deliver Trusted Software Releases at Speed and Scale\",\"publisher\":{\"@id\":\"https:\/\/jfrog.com\/fr\/#organization\"},\"potentialAction\":[{\"@type\":\"SearchAction\",\"target\":{\"@type\":\"EntryPoint\",\"urlTemplate\":\"https:\/\/jfrog.com\/fr\/?s={search_term_string}\"},\"query-input\":\"required name=search_term_string\"}],\"inLanguage\":\"fr-FR\"},{\"@type\":\"Organization\",\"@id\":\"https:\/\/jfrog.com\/fr\/#organization\",\"name\":\"JFrog\",\"url\":\"https:\/\/jfrog.com\/fr\/\",\"logo\":{\"@type\":\"ImageObject\",\"inLanguage\":\"fr-FR\",\"@id\":\"https:\/\/jfrog.com\/fr\/#\/schema\/logo\/image\/\",\"url\":\"https:\/\/speedmedia2.jfrog.com\/08612fe1-9391-4cf3-ac1a-6dd49c36b276\/media.jfrog.com\/wp-content\/uploads\/2025\/05\/27095207\/Logo.svg\",\"contentUrl\":\"https:\/\/speedmedia2.jfrog.com\/08612fe1-9391-4cf3-ac1a-6dd49c36b276\/media.jfrog.com\/wp-content\/uploads\/2025\/05\/27095207\/Logo.svg\",\"width\":74,\"height\":73,\"caption\":\"JFrog\"},\"image\":{\"@id\":\"https:\/\/jfrog.com\/fr\/#\/schema\/logo\/image\/\"},\"sameAs\":[\"https:\/\/www.facebook.com\/artifrog\",\"https:\/\/x.com\/jfrog\",\"https:\/\/www.linkedin.com\/company\/455737\",\"https:\/\/www.youtube.com\/channel\/UCh2hNg76zo3d1qQqTWIQxDg\",\"https:\/\/www.wikidata.org\/wiki\/Q98608948\"],\"description\":\"We set out on our Liquid Software journey in 2008, with the mission to transform the way enterprises manage and release software updates. The world expects software to update continuously, securely, non-intrusively and without user intervention. This hyper-connected experience can only be enabled by automation with an end-to-end DevOps platform and a binary-centric focus. With this in mind, we\u2019ve developed the JFrog Platform, ushering in a new era of DevOps and DevSecOps standards that power continuous updates. More than a decade after our founding, with thousands of customers and millions of users globally, JFrog has become the \u201cDatabase of DevOps\u201d and the de-facto standard in release and update management.\",\"legalName\":\"Jfrog, Inc.\",\"numberOfEmployees\":{\"@type\":\"QuantitativeValue\",\"minValue\":\"1001\",\"maxValue\":\"5000\"}}]}<\/script>\n<!-- \/ Yoast SEO Premium plugin. -->","yoast_head_json":{"title":"Gestion du cycle de vie des versions JFrog | Rationalisez la gouvernance du cycle de d\u00e9veloppement logiciel","description":"Moins de 160\u00a0caract\u00e8res. Un r\u00e9sum\u00e9 de la page. C\u2019est ce que les utilisateurs verront dans les moteurs de recherche. Si la description correspond \u00e0 ce qu\u2019ils recherchent, ils sont plus susceptibles de cliquer sur le lien. Gestion du cycle de vie des versions JFrog\u00a0: Acc\u00e9l\u00e9rez la publication de versions logicielles de confiance gr\u00e2ce \u00e0 une gouvernance automatis\u00e9e et \u00e0 des audits simplifi\u00e9s. Rationalisez votre SDLC (cycle de d\u00e9veloppement logiciel), assurez la conformit\u00e9 et renforcez la confiance dans les versions, le tout au sein de la plateforme JFrog.","robots":{"index":"index","follow":"follow","max-snippet":"max-snippet:-1","max-image-preview":"max-image-preview:large","max-video-preview":"max-video-preview:-1"},"canonical":"https:\/\/jfrog.com\/fr\/wp-json\/wp\/v2\/pages\/154881","og_locale":"fr_FR","og_type":"article","og_title":"RLM","og_description":"Moins de 160\u00a0caract\u00e8res. Un r\u00e9sum\u00e9 de la page. C\u2019est ce que les utilisateurs verront dans les moteurs de recherche. Si la description correspond \u00e0 ce qu\u2019ils recherchent, ils sont plus susceptibles de cliquer sur le lien. Gestion du cycle de vie des versions JFrog\u00a0: Acc\u00e9l\u00e9rez la publication de versions logicielles de confiance gr\u00e2ce \u00e0 une gouvernance automatis\u00e9e et \u00e0 des audits simplifi\u00e9s. Rationalisez votre SDLC (cycle de d\u00e9veloppement logiciel), assurez la conformit\u00e9 et renforcez la confiance dans les versions, le tout au sein de la plateforme JFrog.","og_url":"https:\/\/jfrog.com\/fr\/rlm\/","og_site_name":"JFrog","article_publisher":"https:\/\/www.facebook.com\/artifrog","article_modified_time":"2025-07-01T09:37:58+00:00","og_image":[{"width":1200,"height":628,"url":"https:\/\/speedmedia2.jfrog.com\/08612fe1-9391-4cf3-ac1a-6dd49c36b276\/media.jfrog.com\/wp-content\/uploads\/2018\/06\/20132021\/JFROG.png","type":"image\/png"}],"twitter_card":"summary_large_image","twitter_site":"@jfrog","schema":{"@context":"https:\/\/schema.org","@graph":[{"@type":"WebPage","@id":"https:\/\/jfrog.com\/fr\/rlm\/","url":"https:\/\/jfrog.com\/fr\/rlm\/","name":"Gestion du cycle de vie des versions JFrog | Rationalisez la gouvernance du cycle de d\u00e9veloppement logiciel","isPartOf":{"@id":"https:\/\/jfrog.com\/fr\/#website"},"datePublished":"2025-06-30T04:15:25+00:00","dateModified":"2025-07-01T09:37:58+00:00","description":"Moins de 160\u00a0caract\u00e8res. Un r\u00e9sum\u00e9 de la page. C\u2019est ce que les utilisateurs verront dans les moteurs de recherche. Si la description correspond \u00e0 ce qu\u2019ils recherchent, ils sont plus susceptibles de cliquer sur le lien. Gestion du cycle de vie des versions JFrog\u00a0: Acc\u00e9l\u00e9rez la publication de versions logicielles de confiance gr\u00e2ce \u00e0 une gouvernance automatis\u00e9e et \u00e0 des audits simplifi\u00e9s. Rationalisez votre SDLC (cycle de d\u00e9veloppement logiciel), assurez la conformit\u00e9 et renforcez la confiance dans les versions, le tout au sein de la plateforme JFrog.","breadcrumb":{"@id":"https:\/\/jfrog.com\/fr\/rlm\/#breadcrumb"},"inLanguage":"fr-FR","potentialAction":[{"@type":"ReadAction","target":["https:\/\/jfrog.com\/fr\/rlm\/"]}]},{"@type":"BreadcrumbList","@id":"https:\/\/jfrog.com\/fr\/rlm\/#breadcrumb","itemListElement":[{"@type":"ListItem","position":1,"name":"Home","item":"https:\/\/jfrog.com\/fr\/"},{"@type":"ListItem","position":2,"name":"RLM"}]},{"@type":"WebSite","@id":"https:\/\/jfrog.com\/fr\/#website","url":"https:\/\/jfrog.com\/fr\/","name":"JFrog","description":"Deliver Trusted Software Releases at Speed and Scale","publisher":{"@id":"https:\/\/jfrog.com\/fr\/#organization"},"potentialAction":[{"@type":"SearchAction","target":{"@type":"EntryPoint","urlTemplate":"https:\/\/jfrog.com\/fr\/?s={search_term_string}"},"query-input":"required name=search_term_string"}],"inLanguage":"fr-FR"},{"@type":"Organization","@id":"https:\/\/jfrog.com\/fr\/#organization","name":"JFrog","url":"https:\/\/jfrog.com\/fr\/","logo":{"@type":"ImageObject","inLanguage":"fr-FR","@id":"https:\/\/jfrog.com\/fr\/#\/schema\/logo\/image\/","url":"https:\/\/speedmedia2.jfrog.com\/08612fe1-9391-4cf3-ac1a-6dd49c36b276\/media.jfrog.com\/wp-content\/uploads\/2025\/05\/27095207\/Logo.svg","contentUrl":"https:\/\/speedmedia2.jfrog.com\/08612fe1-9391-4cf3-ac1a-6dd49c36b276\/media.jfrog.com\/wp-content\/uploads\/2025\/05\/27095207\/Logo.svg","width":74,"height":73,"caption":"JFrog"},"image":{"@id":"https:\/\/jfrog.com\/fr\/#\/schema\/logo\/image\/"},"sameAs":["https:\/\/www.facebook.com\/artifrog","https:\/\/x.com\/jfrog","https:\/\/www.linkedin.com\/company\/455737","https:\/\/www.youtube.com\/channel\/UCh2hNg76zo3d1qQqTWIQxDg","https:\/\/www.wikidata.org\/wiki\/Q98608948"],"description":"We set out on our Liquid Software journey in 2008, with the mission to transform the way enterprises manage and release software updates. The world expects software to update continuously, securely, non-intrusively and without user intervention. This hyper-connected experience can only be enabled by automation with an end-to-end DevOps platform and a binary-centric focus. With this in mind, we\u2019ve developed the JFrog Platform, ushering in a new era of DevOps and DevSecOps standards that power continuous updates. More than a decade after our founding, with thousands of customers and millions of users globally, JFrog has become the \u201cDatabase of DevOps\u201d and the de-facto standard in release and update management.","legalName":"Jfrog, Inc.","numberOfEmployees":{"@type":"QuantitativeValue","minValue":"1001","maxValue":"5000"}}]}},"_links":{"self":[{"href":"https:\/\/jfrog.com\/fr\/wp-json\/wp\/v2\/pages\/154881","targetHints":{"allow":["GET"]}}],"collection":[{"href":"https:\/\/jfrog.com\/fr\/wp-json\/wp\/v2\/pages"}],"about":[{"href":"https:\/\/jfrog.com\/fr\/wp-json\/wp\/v2\/types\/page"}],"author":[{"embeddable":true,"href":"https:\/\/jfrog.com\/fr\/wp-json\/wp\/v2\/users\/663"}],"replies":[{"embeddable":true,"href":"https:\/\/jfrog.com\/fr\/wp-json\/wp\/v2\/comments?post=154881"}],"version-history":[{"count":3,"href":"https:\/\/jfrog.com\/fr\/wp-json\/wp\/v2\/pages\/154881\/revisions"}],"predecessor-version":[{"id":155001,"href":"https:\/\/jfrog.com\/fr\/wp-json\/wp\/v2\/pages\/154881\/revisions\/155001"}],"wp:attachment":[{"href":"https:\/\/jfrog.com\/fr\/wp-json\/wp\/v2\/media?parent=154881"}],"curies":[{"name":"wp","href":"https:\/\/api.w.org\/{rel}","templated":true}]}}