{"id":148314,"date":"2025-02-09T11:17:52","date_gmt":"2025-02-09T09:17:52","guid":{"rendered":"https:\/\/jfrog.com\/artifactory-2\/"},"modified":"2026-01-08T10:31:32","modified_gmt":"2026-01-08T08:31:32","slug":"artifactory","status":"publish","type":"page","link":"https:\/\/jfrog.com\/fr\/artifactory\/","title":{"rendered":"Artifactory &#8211; Principal"},"content":{"rendered":"","protected":false},"excerpt":{"rendered":"","protected":false},"author":506,"featured_media":0,"parent":0,"menu_order":162,"comment_status":"closed","ping_status":"closed","template":"templates\/product-v2025.php","meta":{"inline_featured_image":false,"footnotes":""},"class_list":["post-148314","page","type-page","status-publish","hentry"],"yoast_head":"<!-- This site is optimized with the Yoast SEO Premium plugin v22.6 (Yoast SEO v22.6) - https:\/\/yoast.com\/wordpress\/plugins\/seo\/ -->\n<title>JFrog Artifactory - Gestionnaire universel de d\u00e9p\u00f4ts d\u2019artefacts<\/title>\n<meta name=\"description\" content=\"JFrog Artifactory est une solution d\u2019entreprise s\u00e9curis\u00e9e et \u00e9volutive pour la gestion du cycle de vie complet des artefacts logiciels, des binaires, des mod\u00e8les d\u2019IA\/ML, des conteneurs et des packages.\" \/>\n<meta name=\"robots\" content=\"index, follow, max-snippet:-1, max-image-preview:large, max-video-preview:-1\" \/>\n<link rel=\"canonical\" href=\"https:\/\/jfrog.com\/fr\/wp-json\/wp\/v2\/pages\/148314\" \/>\n<meta property=\"og:locale\" content=\"fr_FR\" \/>\n<meta property=\"og:type\" content=\"article\" \/>\n<meta property=\"og:title\" content=\"Artifactory - Gestion universelle d&amp;apos;artefacts\" \/>\n<meta property=\"og:description\" content=\"En tant que premier d\u00e9p\u00f4t universel au monde, JFrog Artifactory constitue le centre n\u00e9vralgique de la Plateforme JFrog, il fait office de source unique de v\u00e9rit\u00e9 pour tous les packages lorsqu\u2019ils traversent l\u2019ensemble du pipeline DevOps.\" \/>\n<meta property=\"og:url\" content=\"https:\/\/jfrog.com\/fr\/artifactory\/\" \/>\n<meta property=\"og:site_name\" content=\"JFrog\" \/>\n<meta property=\"article:publisher\" content=\"https:\/\/www.facebook.com\/artifrog\" \/>\n<meta property=\"article:modified_time\" content=\"2026-01-08T08:31:32+00:00\" \/>\n<meta property=\"og:image\" content=\"https:\/\/media.jfrog.com\/wp-content\/uploads\/2020\/03\/03200428\/Artifactmanagementsocial-06.jpg\" \/>\n<meta name=\"twitter:card\" content=\"summary_large_image\" \/>\n<meta name=\"twitter:title\" content=\"Artifactory - Gestion Universelle d&amp;apos;Artefacts\" \/>\n<meta name=\"twitter:description\" content=\"En tant que premier d\u00e9p\u00f4t universel au monde, JFrog Artifactory constitue le centre n\u00e9vralgique de la Plateforme JFrog, il fait office de source unique de v\u00e9rit\u00e9 pour tous les packages lorsqu\u2019ils traversent l\u2019ensemble du pipeline DevOps.\" \/>\n<meta name=\"twitter:image\" content=\"https:\/\/media.jfrog.com\/wp-content\/uploads\/2020\/03\/03200428\/Artifactmanagementsocial-06.jpg\" \/>\n<meta name=\"twitter:site\" content=\"@jfrog\" \/>\n<script type=\"application\/ld+json\" class=\"yoast-schema-graph\">{\"@context\":\"https:\/\/schema.org\",\"@graph\":[{\"@type\":\"WebPage\",\"@id\":\"https:\/\/jfrog.com\/fr\/artifactory\/\",\"url\":\"https:\/\/jfrog.com\/fr\/artifactory\/\",\"name\":\"JFrog Artifactory - Gestionnaire universel de d\u00e9p\u00f4ts d\u2019artefacts\",\"isPartOf\":{\"@id\":\"https:\/\/jfrog.com\/fr\/#website\"},\"datePublished\":\"2025-02-09T09:17:52+00:00\",\"dateModified\":\"2026-01-08T08:31:32+00:00\",\"description\":\"JFrog Artifactory est une solution d\u2019entreprise s\u00e9curis\u00e9e et \u00e9volutive pour la gestion du cycle de vie complet des artefacts logiciels, des binaires, des mod\u00e8les d\u2019IA\/ML, des conteneurs et des packages.\",\"breadcrumb\":{\"@id\":\"https:\/\/jfrog.com\/fr\/artifactory\/#breadcrumb\"},\"inLanguage\":\"fr-FR\",\"potentialAction\":[{\"@type\":\"ReadAction\",\"target\":[\"https:\/\/jfrog.com\/fr\/artifactory\/\"]}]},{\"@type\":\"BreadcrumbList\",\"@id\":\"https:\/\/jfrog.com\/fr\/artifactory\/#breadcrumb\",\"itemListElement\":[{\"@type\":\"ListItem\",\"position\":1,\"name\":\"Home\",\"item\":\"https:\/\/jfrog.com\/fr\/\"},{\"@type\":\"ListItem\",\"position\":2,\"name\":\"Artifactory &#8211; Principal\"}]},{\"@type\":\"WebSite\",\"@id\":\"https:\/\/jfrog.com\/fr\/#website\",\"url\":\"https:\/\/jfrog.com\/fr\/\",\"name\":\"JFrog\",\"description\":\"Deliver Trusted Software Releases at Speed and Scale\",\"publisher\":{\"@id\":\"https:\/\/jfrog.com\/fr\/#organization\"},\"potentialAction\":[{\"@type\":\"SearchAction\",\"target\":{\"@type\":\"EntryPoint\",\"urlTemplate\":\"https:\/\/jfrog.com\/fr\/?s={search_term_string}\"},\"query-input\":\"required name=search_term_string\"}],\"inLanguage\":\"fr-FR\"},{\"@type\":\"Organization\",\"@id\":\"https:\/\/jfrog.com\/fr\/#organization\",\"name\":\"JFrog\",\"url\":\"https:\/\/jfrog.com\/fr\/\",\"logo\":{\"@type\":\"ImageObject\",\"inLanguage\":\"fr-FR\",\"@id\":\"https:\/\/jfrog.com\/fr\/#\/schema\/logo\/image\/\",\"url\":\"https:\/\/speedmedia2.jfrog.com\/08612fe1-9391-4cf3-ac1a-6dd49c36b276\/media.jfrog.com\/wp-content\/uploads\/2025\/05\/27095207\/Logo.svg\",\"contentUrl\":\"https:\/\/speedmedia2.jfrog.com\/08612fe1-9391-4cf3-ac1a-6dd49c36b276\/media.jfrog.com\/wp-content\/uploads\/2025\/05\/27095207\/Logo.svg\",\"width\":74,\"height\":73,\"caption\":\"JFrog\"},\"image\":{\"@id\":\"https:\/\/jfrog.com\/fr\/#\/schema\/logo\/image\/\"},\"sameAs\":[\"https:\/\/www.facebook.com\/artifrog\",\"https:\/\/x.com\/jfrog\",\"https:\/\/www.linkedin.com\/company\/455737\",\"https:\/\/www.youtube.com\/channel\/UCh2hNg76zo3d1qQqTWIQxDg\",\"https:\/\/www.wikidata.org\/wiki\/Q98608948\"],\"description\":\"We set out on our Liquid Software journey in 2008, with the mission to transform the way enterprises manage and release software updates. The world expects software to update continuously, securely, non-intrusively and without user intervention. This hyper-connected experience can only be enabled by automation with an end-to-end DevOps platform and a binary-centric focus. With this in mind, we\u2019ve developed the JFrog Platform, ushering in a new era of DevOps and DevSecOps standards that power continuous updates. More than a decade after our founding, with thousands of customers and millions of users globally, JFrog has become the \u201cDatabase of DevOps\u201d and the de-facto standard in release and update management.\",\"legalName\":\"Jfrog, Inc.\",\"numberOfEmployees\":{\"@type\":\"QuantitativeValue\",\"minValue\":\"1001\",\"maxValue\":\"5000\"}}]}<\/script>\n<!-- \/ Yoast SEO Premium plugin. -->","yoast_head_json":{"title":"JFrog Artifactory - Gestionnaire universel de d\u00e9p\u00f4ts d\u2019artefacts","description":"JFrog Artifactory est une solution d\u2019entreprise s\u00e9curis\u00e9e et \u00e9volutive pour la gestion du cycle de vie complet des artefacts logiciels, des binaires, des mod\u00e8les d\u2019IA\/ML, des conteneurs et des packages.","robots":{"index":"index","follow":"follow","max-snippet":"max-snippet:-1","max-image-preview":"max-image-preview:large","max-video-preview":"max-video-preview:-1"},"canonical":"https:\/\/jfrog.com\/fr\/wp-json\/wp\/v2\/pages\/148314","og_locale":"fr_FR","og_type":"article","og_title":"Artifactory - Gestion universelle d&apos;artefacts","og_description":"En tant que premier d\u00e9p\u00f4t universel au monde, JFrog Artifactory constitue le centre n\u00e9vralgique de la Plateforme JFrog, il fait office de source unique de v\u00e9rit\u00e9 pour tous les packages lorsqu\u2019ils traversent l\u2019ensemble du pipeline DevOps.","og_url":"https:\/\/jfrog.com\/fr\/artifactory\/","og_site_name":"JFrog","article_publisher":"https:\/\/www.facebook.com\/artifrog","article_modified_time":"2026-01-08T08:31:32+00:00","og_image":[{"url":"https:\/\/media.jfrog.com\/wp-content\/uploads\/2020\/03\/03200428\/Artifactmanagementsocial-06.jpg"}],"twitter_card":"summary_large_image","twitter_title":"Artifactory - Gestion Universelle d&apos;Artefacts","twitter_description":"En tant que premier d\u00e9p\u00f4t universel au monde, JFrog Artifactory constitue le centre n\u00e9vralgique de la Plateforme JFrog, il fait office de source unique de v\u00e9rit\u00e9 pour tous les packages lorsqu\u2019ils traversent l\u2019ensemble du pipeline DevOps.","twitter_image":"https:\/\/media.jfrog.com\/wp-content\/uploads\/2020\/03\/03200428\/Artifactmanagementsocial-06.jpg","twitter_site":"@jfrog","schema":{"@context":"https:\/\/schema.org","@graph":[{"@type":"WebPage","@id":"https:\/\/jfrog.com\/fr\/artifactory\/","url":"https:\/\/jfrog.com\/fr\/artifactory\/","name":"JFrog Artifactory - Gestionnaire universel de d\u00e9p\u00f4ts d\u2019artefacts","isPartOf":{"@id":"https:\/\/jfrog.com\/fr\/#website"},"datePublished":"2025-02-09T09:17:52+00:00","dateModified":"2026-01-08T08:31:32+00:00","description":"JFrog Artifactory est une solution d\u2019entreprise s\u00e9curis\u00e9e et \u00e9volutive pour la gestion du cycle de vie complet des artefacts logiciels, des binaires, des mod\u00e8les d\u2019IA\/ML, des conteneurs et des packages.","breadcrumb":{"@id":"https:\/\/jfrog.com\/fr\/artifactory\/#breadcrumb"},"inLanguage":"fr-FR","potentialAction":[{"@type":"ReadAction","target":["https:\/\/jfrog.com\/fr\/artifactory\/"]}]},{"@type":"BreadcrumbList","@id":"https:\/\/jfrog.com\/fr\/artifactory\/#breadcrumb","itemListElement":[{"@type":"ListItem","position":1,"name":"Home","item":"https:\/\/jfrog.com\/fr\/"},{"@type":"ListItem","position":2,"name":"Artifactory &#8211; Principal"}]},{"@type":"WebSite","@id":"https:\/\/jfrog.com\/fr\/#website","url":"https:\/\/jfrog.com\/fr\/","name":"JFrog","description":"Deliver Trusted Software Releases at Speed and Scale","publisher":{"@id":"https:\/\/jfrog.com\/fr\/#organization"},"potentialAction":[{"@type":"SearchAction","target":{"@type":"EntryPoint","urlTemplate":"https:\/\/jfrog.com\/fr\/?s={search_term_string}"},"query-input":"required name=search_term_string"}],"inLanguage":"fr-FR"},{"@type":"Organization","@id":"https:\/\/jfrog.com\/fr\/#organization","name":"JFrog","url":"https:\/\/jfrog.com\/fr\/","logo":{"@type":"ImageObject","inLanguage":"fr-FR","@id":"https:\/\/jfrog.com\/fr\/#\/schema\/logo\/image\/","url":"https:\/\/speedmedia2.jfrog.com\/08612fe1-9391-4cf3-ac1a-6dd49c36b276\/media.jfrog.com\/wp-content\/uploads\/2025\/05\/27095207\/Logo.svg","contentUrl":"https:\/\/speedmedia2.jfrog.com\/08612fe1-9391-4cf3-ac1a-6dd49c36b276\/media.jfrog.com\/wp-content\/uploads\/2025\/05\/27095207\/Logo.svg","width":74,"height":73,"caption":"JFrog"},"image":{"@id":"https:\/\/jfrog.com\/fr\/#\/schema\/logo\/image\/"},"sameAs":["https:\/\/www.facebook.com\/artifrog","https:\/\/x.com\/jfrog","https:\/\/www.linkedin.com\/company\/455737","https:\/\/www.youtube.com\/channel\/UCh2hNg76zo3d1qQqTWIQxDg","https:\/\/www.wikidata.org\/wiki\/Q98608948"],"description":"We set out on our Liquid Software journey in 2008, with the mission to transform the way enterprises manage and release software updates. The world expects software to update continuously, securely, non-intrusively and without user intervention. This hyper-connected experience can only be enabled by automation with an end-to-end DevOps platform and a binary-centric focus. With this in mind, we\u2019ve developed the JFrog Platform, ushering in a new era of DevOps and DevSecOps standards that power continuous updates. More than a decade after our founding, with thousands of customers and millions of users globally, JFrog has become the \u201cDatabase of DevOps\u201d and the de-facto standard in release and update management.","legalName":"Jfrog, Inc.","numberOfEmployees":{"@type":"QuantitativeValue","minValue":"1001","maxValue":"5000"}}]}},"_links":{"self":[{"href":"https:\/\/jfrog.com\/fr\/wp-json\/wp\/v2\/pages\/148314","targetHints":{"allow":["GET"]}}],"collection":[{"href":"https:\/\/jfrog.com\/fr\/wp-json\/wp\/v2\/pages"}],"about":[{"href":"https:\/\/jfrog.com\/fr\/wp-json\/wp\/v2\/types\/page"}],"author":[{"embeddable":true,"href":"https:\/\/jfrog.com\/fr\/wp-json\/wp\/v2\/users\/506"}],"replies":[{"embeddable":true,"href":"https:\/\/jfrog.com\/fr\/wp-json\/wp\/v2\/comments?post=148314"}],"version-history":[{"count":11,"href":"https:\/\/jfrog.com\/fr\/wp-json\/wp\/v2\/pages\/148314\/revisions"}],"predecessor-version":[{"id":161771,"href":"https:\/\/jfrog.com\/fr\/wp-json\/wp\/v2\/pages\/148314\/revisions\/161771"}],"wp:attachment":[{"href":"https:\/\/jfrog.com\/fr\/wp-json\/wp\/v2\/media?parent=148314"}],"curies":[{"name":"wp","href":"https:\/\/api.w.org\/{rel}","templated":true}]}}