{"id":140845,"date":"2024-09-18T10:31:59","date_gmt":"2024-09-18T08:31:59","guid":{"rendered":"https:\/\/jfrog.com\/jfrog-and-nvidia\/"},"modified":"2025-10-23T12:52:44","modified_gmt":"2025-10-23T10:52:44","slug":"jfrog-and-nvidia","status":"publish","type":"page","link":"https:\/\/jfrog.com\/fr\/jfrog-and-nvidia\/","title":{"rendered":"JFrog et NVIDIA &#8211; IA haute performance, simplifi\u00e9e"},"content":{"rendered":"","protected":false},"excerpt":{"rendered":"","protected":false},"author":22,"featured_media":0,"parent":0,"menu_order":226,"comment_status":"closed","ping_status":"closed","template":"templates\/lp-v2025.php","meta":{"inline_featured_image":false,"footnotes":""},"class_list":["post-140845","page","type-page","status-publish","hentry"],"yoast_head":"<!-- This site is optimized with the Yoast SEO Premium plugin v22.6 (Yoast SEO v22.6) - https:\/\/yoast.com\/wordpress\/plugins\/seo\/ -->\n<title>JFrog et NVIDIA - IA haute performance, simplifi\u00e9e | JFrog<\/title>\n<meta name=\"description\" content=\"Simplifiez le d\u00e9ploiement de l\u2019IA avec la solution int\u00e9gr\u00e9e de JFrog et NVIDIA. S\u00e9curisez, faites \u00e9voluer et g\u00e9rez des mod\u00e8les d\u2019IA, du d\u00e9veloppement \u00e0 la production. Commencez gratuitement d\u00e8s aujourd\u2019hui.\" \/>\n<meta name=\"robots\" content=\"index, follow, max-snippet:-1, max-image-preview:large, max-video-preview:-1\" \/>\n<link rel=\"canonical\" href=\"https:\/\/jfrog.com\/fr\/wp-json\/wp\/v2\/pages\/140845\" \/>\n<meta property=\"og:locale\" content=\"fr_FR\" \/>\n<meta property=\"og:type\" content=\"article\" \/>\n<meta property=\"og:title\" content=\"JFrog et NVIDIA - IA haute performance, simplifi\u00e9e\" \/>\n<meta property=\"og:description\" content=\"Simplifiez le d\u00e9ploiement de l\u2019IA avec la solution int\u00e9gr\u00e9e de JFrog et NVIDIA. S\u00e9curisez, faites \u00e9voluer et g\u00e9rez des mod\u00e8les d\u2019IA, du d\u00e9veloppement \u00e0 la production. Commencez gratuitement d\u00e8s aujourd\u2019hui.\" \/>\n<meta property=\"og:url\" content=\"https:\/\/jfrog.com\/fr\/jfrog-and-nvidia\/\" \/>\n<meta property=\"og:site_name\" content=\"JFrog\" \/>\n<meta property=\"article:publisher\" content=\"https:\/\/www.facebook.com\/artifrog\" \/>\n<meta property=\"article:modified_time\" content=\"2025-10-23T10:52:44+00:00\" \/>\n<meta property=\"og:image\" content=\"https:\/\/speedmedia2.jfrog.com\/08612fe1-9391-4cf3-ac1a-6dd49c36b276\/media.jfrog.com\/wp-content\/uploads\/2018\/06\/20132021\/JFROG.png\" \/>\n\t<meta property=\"og:image:width\" content=\"1200\" \/>\n\t<meta property=\"og:image:height\" content=\"628\" \/>\n\t<meta property=\"og:image:type\" content=\"image\/png\" \/>\n<meta name=\"twitter:card\" content=\"summary_large_image\" \/>\n<meta name=\"twitter:site\" content=\"@jfrog\" \/>\n<script type=\"application\/ld+json\" class=\"yoast-schema-graph\">{\"@context\":\"https:\/\/schema.org\",\"@graph\":[{\"@type\":\"WebPage\",\"@id\":\"https:\/\/jfrog.com\/fr\/jfrog-and-nvidia\/\",\"url\":\"https:\/\/jfrog.com\/fr\/jfrog-and-nvidia\/\",\"name\":\"JFrog et NVIDIA - IA haute performance, simplifi\u00e9e | JFrog\",\"isPartOf\":{\"@id\":\"https:\/\/jfrog.com\/fr\/#website\"},\"datePublished\":\"2024-09-18T08:31:59+00:00\",\"dateModified\":\"2025-10-23T10:52:44+00:00\",\"description\":\"Simplifiez le d\u00e9ploiement de l\u2019IA avec la solution int\u00e9gr\u00e9e de JFrog et NVIDIA. S\u00e9curisez, faites \u00e9voluer et g\u00e9rez des mod\u00e8les d\u2019IA, du d\u00e9veloppement \u00e0 la production. Commencez gratuitement d\u00e8s aujourd\u2019hui.\",\"breadcrumb\":{\"@id\":\"https:\/\/jfrog.com\/fr\/jfrog-and-nvidia\/#breadcrumb\"},\"inLanguage\":\"fr-FR\",\"potentialAction\":[{\"@type\":\"ReadAction\",\"target\":[\"https:\/\/jfrog.com\/fr\/jfrog-and-nvidia\/\"]}]},{\"@type\":\"BreadcrumbList\",\"@id\":\"https:\/\/jfrog.com\/fr\/jfrog-and-nvidia\/#breadcrumb\",\"itemListElement\":[{\"@type\":\"ListItem\",\"position\":1,\"name\":\"Home\",\"item\":\"https:\/\/jfrog.com\/fr\/\"},{\"@type\":\"ListItem\",\"position\":2,\"name\":\"JFrog et NVIDIA &#8211; IA haute performance, simplifi\u00e9e\"}]},{\"@type\":\"WebSite\",\"@id\":\"https:\/\/jfrog.com\/fr\/#website\",\"url\":\"https:\/\/jfrog.com\/fr\/\",\"name\":\"JFrog\",\"description\":\"Deliver Trusted Software Releases at Speed and Scale\",\"publisher\":{\"@id\":\"https:\/\/jfrog.com\/fr\/#organization\"},\"potentialAction\":[{\"@type\":\"SearchAction\",\"target\":{\"@type\":\"EntryPoint\",\"urlTemplate\":\"https:\/\/jfrog.com\/fr\/?s={search_term_string}\"},\"query-input\":\"required name=search_term_string\"}],\"inLanguage\":\"fr-FR\"},{\"@type\":\"Organization\",\"@id\":\"https:\/\/jfrog.com\/fr\/#organization\",\"name\":\"JFrog\",\"url\":\"https:\/\/jfrog.com\/fr\/\",\"logo\":{\"@type\":\"ImageObject\",\"inLanguage\":\"fr-FR\",\"@id\":\"https:\/\/jfrog.com\/fr\/#\/schema\/logo\/image\/\",\"url\":\"https:\/\/speedmedia2.jfrog.com\/08612fe1-9391-4cf3-ac1a-6dd49c36b276\/media.jfrog.com\/wp-content\/uploads\/2025\/05\/27095207\/Logo.svg\",\"contentUrl\":\"https:\/\/speedmedia2.jfrog.com\/08612fe1-9391-4cf3-ac1a-6dd49c36b276\/media.jfrog.com\/wp-content\/uploads\/2025\/05\/27095207\/Logo.svg\",\"width\":74,\"height\":73,\"caption\":\"JFrog\"},\"image\":{\"@id\":\"https:\/\/jfrog.com\/fr\/#\/schema\/logo\/image\/\"},\"sameAs\":[\"https:\/\/www.facebook.com\/artifrog\",\"https:\/\/x.com\/jfrog\",\"https:\/\/www.linkedin.com\/company\/455737\",\"https:\/\/www.youtube.com\/channel\/UCh2hNg76zo3d1qQqTWIQxDg\",\"https:\/\/www.wikidata.org\/wiki\/Q98608948\"],\"description\":\"We set out on our Liquid Software journey in 2008, with the mission to transform the way enterprises manage and release software updates. The world expects software to update continuously, securely, non-intrusively and without user intervention. This hyper-connected experience can only be enabled by automation with an end-to-end DevOps platform and a binary-centric focus. With this in mind, we\u2019ve developed the JFrog Platform, ushering in a new era of DevOps and DevSecOps standards that power continuous updates. More than a decade after our founding, with thousands of customers and millions of users globally, JFrog has become the \u201cDatabase of DevOps\u201d and the de-facto standard in release and update management.\",\"legalName\":\"Jfrog, Inc.\",\"numberOfEmployees\":{\"@type\":\"QuantitativeValue\",\"minValue\":\"1001\",\"maxValue\":\"5000\"}}]}<\/script>\n<!-- \/ Yoast SEO Premium plugin. -->","yoast_head_json":{"title":"JFrog et NVIDIA - IA haute performance, simplifi\u00e9e | JFrog","description":"Simplifiez le d\u00e9ploiement de l\u2019IA avec la solution int\u00e9gr\u00e9e de JFrog et NVIDIA. S\u00e9curisez, faites \u00e9voluer et g\u00e9rez des mod\u00e8les d\u2019IA, du d\u00e9veloppement \u00e0 la production. Commencez gratuitement d\u00e8s aujourd\u2019hui.","robots":{"index":"index","follow":"follow","max-snippet":"max-snippet:-1","max-image-preview":"max-image-preview:large","max-video-preview":"max-video-preview:-1"},"canonical":"https:\/\/jfrog.com\/fr\/wp-json\/wp\/v2\/pages\/140845","og_locale":"fr_FR","og_type":"article","og_title":"JFrog et NVIDIA - IA haute performance, simplifi\u00e9e","og_description":"Simplifiez le d\u00e9ploiement de l\u2019IA avec la solution int\u00e9gr\u00e9e de JFrog et NVIDIA. S\u00e9curisez, faites \u00e9voluer et g\u00e9rez des mod\u00e8les d\u2019IA, du d\u00e9veloppement \u00e0 la production. Commencez gratuitement d\u00e8s aujourd\u2019hui.","og_url":"https:\/\/jfrog.com\/fr\/jfrog-and-nvidia\/","og_site_name":"JFrog","article_publisher":"https:\/\/www.facebook.com\/artifrog","article_modified_time":"2025-10-23T10:52:44+00:00","og_image":[{"width":1200,"height":628,"url":"https:\/\/speedmedia2.jfrog.com\/08612fe1-9391-4cf3-ac1a-6dd49c36b276\/media.jfrog.com\/wp-content\/uploads\/2018\/06\/20132021\/JFROG.png","type":"image\/png"}],"twitter_card":"summary_large_image","twitter_site":"@jfrog","schema":{"@context":"https:\/\/schema.org","@graph":[{"@type":"WebPage","@id":"https:\/\/jfrog.com\/fr\/jfrog-and-nvidia\/","url":"https:\/\/jfrog.com\/fr\/jfrog-and-nvidia\/","name":"JFrog et NVIDIA - IA haute performance, simplifi\u00e9e | JFrog","isPartOf":{"@id":"https:\/\/jfrog.com\/fr\/#website"},"datePublished":"2024-09-18T08:31:59+00:00","dateModified":"2025-10-23T10:52:44+00:00","description":"Simplifiez le d\u00e9ploiement de l\u2019IA avec la solution int\u00e9gr\u00e9e de JFrog et NVIDIA. S\u00e9curisez, faites \u00e9voluer et g\u00e9rez des mod\u00e8les d\u2019IA, du d\u00e9veloppement \u00e0 la production. Commencez gratuitement d\u00e8s aujourd\u2019hui.","breadcrumb":{"@id":"https:\/\/jfrog.com\/fr\/jfrog-and-nvidia\/#breadcrumb"},"inLanguage":"fr-FR","potentialAction":[{"@type":"ReadAction","target":["https:\/\/jfrog.com\/fr\/jfrog-and-nvidia\/"]}]},{"@type":"BreadcrumbList","@id":"https:\/\/jfrog.com\/fr\/jfrog-and-nvidia\/#breadcrumb","itemListElement":[{"@type":"ListItem","position":1,"name":"Home","item":"https:\/\/jfrog.com\/fr\/"},{"@type":"ListItem","position":2,"name":"JFrog et NVIDIA &#8211; IA haute performance, simplifi\u00e9e"}]},{"@type":"WebSite","@id":"https:\/\/jfrog.com\/fr\/#website","url":"https:\/\/jfrog.com\/fr\/","name":"JFrog","description":"Deliver Trusted Software Releases at Speed and Scale","publisher":{"@id":"https:\/\/jfrog.com\/fr\/#organization"},"potentialAction":[{"@type":"SearchAction","target":{"@type":"EntryPoint","urlTemplate":"https:\/\/jfrog.com\/fr\/?s={search_term_string}"},"query-input":"required name=search_term_string"}],"inLanguage":"fr-FR"},{"@type":"Organization","@id":"https:\/\/jfrog.com\/fr\/#organization","name":"JFrog","url":"https:\/\/jfrog.com\/fr\/","logo":{"@type":"ImageObject","inLanguage":"fr-FR","@id":"https:\/\/jfrog.com\/fr\/#\/schema\/logo\/image\/","url":"https:\/\/speedmedia2.jfrog.com\/08612fe1-9391-4cf3-ac1a-6dd49c36b276\/media.jfrog.com\/wp-content\/uploads\/2025\/05\/27095207\/Logo.svg","contentUrl":"https:\/\/speedmedia2.jfrog.com\/08612fe1-9391-4cf3-ac1a-6dd49c36b276\/media.jfrog.com\/wp-content\/uploads\/2025\/05\/27095207\/Logo.svg","width":74,"height":73,"caption":"JFrog"},"image":{"@id":"https:\/\/jfrog.com\/fr\/#\/schema\/logo\/image\/"},"sameAs":["https:\/\/www.facebook.com\/artifrog","https:\/\/x.com\/jfrog","https:\/\/www.linkedin.com\/company\/455737","https:\/\/www.youtube.com\/channel\/UCh2hNg76zo3d1qQqTWIQxDg","https:\/\/www.wikidata.org\/wiki\/Q98608948"],"description":"We set out on our Liquid Software journey in 2008, with the mission to transform the way enterprises manage and release software updates. The world expects software to update continuously, securely, non-intrusively and without user intervention. This hyper-connected experience can only be enabled by automation with an end-to-end DevOps platform and a binary-centric focus. With this in mind, we\u2019ve developed the JFrog Platform, ushering in a new era of DevOps and DevSecOps standards that power continuous updates. More than a decade after our founding, with thousands of customers and millions of users globally, JFrog has become the \u201cDatabase of DevOps\u201d and the de-facto standard in release and update management.","legalName":"Jfrog, Inc.","numberOfEmployees":{"@type":"QuantitativeValue","minValue":"1001","maxValue":"5000"}}]}},"_links":{"self":[{"href":"https:\/\/jfrog.com\/fr\/wp-json\/wp\/v2\/pages\/140845","targetHints":{"allow":["GET"]}}],"collection":[{"href":"https:\/\/jfrog.com\/fr\/wp-json\/wp\/v2\/pages"}],"about":[{"href":"https:\/\/jfrog.com\/fr\/wp-json\/wp\/v2\/types\/page"}],"author":[{"embeddable":true,"href":"https:\/\/jfrog.com\/fr\/wp-json\/wp\/v2\/users\/22"}],"replies":[{"embeddable":true,"href":"https:\/\/jfrog.com\/fr\/wp-json\/wp\/v2\/comments?post=140845"}],"version-history":[{"count":10,"href":"https:\/\/jfrog.com\/fr\/wp-json\/wp\/v2\/pages\/140845\/revisions"}],"predecessor-version":[{"id":159314,"href":"https:\/\/jfrog.com\/fr\/wp-json\/wp\/v2\/pages\/140845\/revisions\/159314"}],"wp:attachment":[{"href":"https:\/\/jfrog.com\/fr\/wp-json\/wp\/v2\/media?parent=140845"}],"curies":[{"name":"wp","href":"https:\/\/api.w.org\/{rel}","templated":true}]}}