{"id":136262,"date":"2024-07-10T13:18:29","date_gmt":"2024-07-10T11:18:29","guid":{"rendered":"https:\/\/jfrog.com\/sast\/schedule-a-demo\/"},"modified":"2024-07-11T14:42:14","modified_gmt":"2024-07-11T12:42:14","slug":"schedule-a-demo","status":"publish","type":"page","link":"https:\/\/jfrog.com\/fr\/sast\/schedule-a-demo\/","title":{"rendered":"SAST &#8211; Planifiez une d\u00e9mo"},"content":{"rendered":"<ul>\n<li>En savoir plus sur la s\u00e9curisation de votre code source avec JFrog<\/li>\n<li>D\u00e9couvrez la vitesse et la pr\u00e9cision de JFrog SAST<\/li>\n<li>D\u00e9couvrez le workflow du d\u00e9veloppeur SAST<\/li>\n<li>D\u00e9couvrez comment configurer votre propre exp\u00e9rience d\u2019essai<\/li>\n<li>Faites un essai avec votre propre environnement<\/li>\n<li>En savoir plus sur les solutions de s\u00e9curit\u00e9 de JFrog<\/li>\n<li>Posez des questions sur vos cas d\u2019utilisation<\/li>\n<\/ul>\n","protected":false},"excerpt":{"rendered":"<p>En savoir plus sur la s\u00e9curisation de votre code source avec JFrog D\u00e9couvrez la vitesse et la pr\u00e9cision de JFrog SAST D\u00e9couvrez le workflow du d\u00e9veloppeur SAST D\u00e9couvrez comment configurer votre propre exp\u00e9rience d\u2019essai Faites un essai avec votre propre environnement En savoir plus sur les solutions de s\u00e9curit\u00e9 de JFrog Posez des questions sur &hellip;<\/p>\n","protected":false},"author":410,"featured_media":0,"parent":121474,"menu_order":739,"comment_status":"closed","ping_status":"closed","template":"templates\/lp-curation-demo.php","meta":{"inline_featured_image":false,"footnotes":""},"class_list":["post-136262","page","type-page","status-publish","hentry"],"yoast_head":"<!-- This site is optimized with the Yoast SEO Premium plugin v22.6 (Yoast SEO v22.6) - https:\/\/yoast.com\/wordpress\/plugins\/seo\/ -->\n<title>SAST - Planifiez une d\u00e9mo | JFrog<\/title>\n<meta name=\"robots\" content=\"index, follow, max-snippet:-1, max-image-preview:large, max-video-preview:-1\" \/>\n<link rel=\"canonical\" href=\"https:\/\/jfrog.com\/fr\/wp-json\/wp\/v2\/pages\/136262\" \/>\n<meta property=\"og:locale\" content=\"fr_FR\" \/>\n<meta property=\"og:type\" content=\"article\" \/>\n<meta property=\"og:title\" content=\"SAST - Planifiez une d\u00e9mo\" \/>\n<meta property=\"og:description\" content=\"En savoir plus sur la s\u00e9curisation de votre code source avec JFrog D\u00e9couvrez la vitesse et la pr\u00e9cision de JFrog SAST D\u00e9couvrez le workflow du d\u00e9veloppeur SAST D\u00e9couvrez comment configurer votre propre exp\u00e9rience d\u2019essai Faites un essai avec votre propre environnement En savoir plus sur les solutions de s\u00e9curit\u00e9 de JFrog Posez des questions sur &hellip;\" \/>\n<meta property=\"og:url\" content=\"https:\/\/jfrog.com\/fr\/sast\/schedule-a-demo\/\" \/>\n<meta property=\"og:site_name\" content=\"JFrog\" \/>\n<meta property=\"article:publisher\" content=\"https:\/\/www.facebook.com\/artifrog\" \/>\n<meta property=\"article:modified_time\" content=\"2024-07-11T12:42:14+00:00\" \/>\n<meta property=\"og:image\" content=\"https:\/\/speedmedia2.jfrog.com\/08612fe1-9391-4cf3-ac1a-6dd49c36b276\/media.jfrog.com\/wp-content\/uploads\/2018\/06\/20132021\/JFROG.png\" \/>\n\t<meta property=\"og:image:width\" content=\"1200\" \/>\n\t<meta property=\"og:image:height\" content=\"628\" \/>\n\t<meta property=\"og:image:type\" content=\"image\/png\" \/>\n<meta name=\"twitter:card\" content=\"summary_large_image\" \/>\n<meta name=\"twitter:site\" content=\"@jfrog\" \/>\n<meta name=\"twitter:label1\" content=\"Est. reading time\" \/>\n\t<meta name=\"twitter:data1\" content=\"1 minute\" \/>\n<script type=\"application\/ld+json\" class=\"yoast-schema-graph\">{\"@context\":\"https:\/\/schema.org\",\"@graph\":[{\"@type\":\"WebPage\",\"@id\":\"https:\/\/jfrog.com\/fr\/sast\/schedule-a-demo\/\",\"url\":\"https:\/\/jfrog.com\/fr\/sast\/schedule-a-demo\/\",\"name\":\"SAST - Planifiez une d\u00e9mo | JFrog\",\"isPartOf\":{\"@id\":\"https:\/\/jfrog.com\/fr\/#website\"},\"datePublished\":\"2024-07-10T11:18:29+00:00\",\"dateModified\":\"2024-07-11T12:42:14+00:00\",\"breadcrumb\":{\"@id\":\"https:\/\/jfrog.com\/fr\/sast\/schedule-a-demo\/#breadcrumb\"},\"inLanguage\":\"fr-FR\",\"potentialAction\":[{\"@type\":\"ReadAction\",\"target\":[\"https:\/\/jfrog.com\/fr\/sast\/schedule-a-demo\/\"]}]},{\"@type\":\"BreadcrumbList\",\"@id\":\"https:\/\/jfrog.com\/fr\/sast\/schedule-a-demo\/#breadcrumb\",\"itemListElement\":[{\"@type\":\"ListItem\",\"position\":1,\"name\":\"Home\",\"item\":\"https:\/\/jfrog.com\/fr\/\"},{\"@type\":\"ListItem\",\"position\":2,\"name\":\"SAST\",\"item\":\"https:\/\/jfrog.com\/fr\/sast\/\"},{\"@type\":\"ListItem\",\"position\":3,\"name\":\"SAST &#8211; Planifiez une d\u00e9mo\"}]},{\"@type\":\"WebSite\",\"@id\":\"https:\/\/jfrog.com\/fr\/#website\",\"url\":\"https:\/\/jfrog.com\/fr\/\",\"name\":\"JFrog\",\"description\":\"Deliver Trusted Software Releases at Speed and Scale\",\"publisher\":{\"@id\":\"https:\/\/jfrog.com\/fr\/#organization\"},\"potentialAction\":[{\"@type\":\"SearchAction\",\"target\":{\"@type\":\"EntryPoint\",\"urlTemplate\":\"https:\/\/jfrog.com\/fr\/?s={search_term_string}\"},\"query-input\":\"required name=search_term_string\"}],\"inLanguage\":\"fr-FR\"},{\"@type\":\"Organization\",\"@id\":\"https:\/\/jfrog.com\/fr\/#organization\",\"name\":\"JFrog\",\"url\":\"https:\/\/jfrog.com\/fr\/\",\"logo\":{\"@type\":\"ImageObject\",\"inLanguage\":\"fr-FR\",\"@id\":\"https:\/\/jfrog.com\/fr\/#\/schema\/logo\/image\/\",\"url\":\"https:\/\/speedmedia2.jfrog.com\/08612fe1-9391-4cf3-ac1a-6dd49c36b276\/media.jfrog.com\/wp-content\/uploads\/2025\/05\/27095207\/Logo.svg\",\"contentUrl\":\"https:\/\/speedmedia2.jfrog.com\/08612fe1-9391-4cf3-ac1a-6dd49c36b276\/media.jfrog.com\/wp-content\/uploads\/2025\/05\/27095207\/Logo.svg\",\"width\":74,\"height\":73,\"caption\":\"JFrog\"},\"image\":{\"@id\":\"https:\/\/jfrog.com\/fr\/#\/schema\/logo\/image\/\"},\"sameAs\":[\"https:\/\/www.facebook.com\/artifrog\",\"https:\/\/x.com\/jfrog\",\"https:\/\/www.linkedin.com\/company\/455737\",\"https:\/\/www.youtube.com\/channel\/UCh2hNg76zo3d1qQqTWIQxDg\",\"https:\/\/www.wikidata.org\/wiki\/Q98608948\"],\"description\":\"We set out on our Liquid Software journey in 2008, with the mission to transform the way enterprises manage and release software updates. The world expects software to update continuously, securely, non-intrusively and without user intervention. This hyper-connected experience can only be enabled by automation with an end-to-end DevOps platform and a binary-centric focus. With this in mind, we\u2019ve developed the JFrog Platform, ushering in a new era of DevOps and DevSecOps standards that power continuous updates. More than a decade after our founding, with thousands of customers and millions of users globally, JFrog has become the \u201cDatabase of DevOps\u201d and the de-facto standard in release and update management.\",\"legalName\":\"Jfrog, Inc.\",\"numberOfEmployees\":{\"@type\":\"QuantitativeValue\",\"minValue\":\"1001\",\"maxValue\":\"5000\"}}]}<\/script>\n<!-- \/ Yoast SEO Premium plugin. -->","yoast_head_json":{"title":"SAST - Planifiez une d\u00e9mo | JFrog","robots":{"index":"index","follow":"follow","max-snippet":"max-snippet:-1","max-image-preview":"max-image-preview:large","max-video-preview":"max-video-preview:-1"},"canonical":"https:\/\/jfrog.com\/fr\/wp-json\/wp\/v2\/pages\/136262","og_locale":"fr_FR","og_type":"article","og_title":"SAST - Planifiez une d\u00e9mo","og_description":"En savoir plus sur la s\u00e9curisation de votre code source avec JFrog D\u00e9couvrez la vitesse et la pr\u00e9cision de JFrog SAST D\u00e9couvrez le workflow du d\u00e9veloppeur SAST D\u00e9couvrez comment configurer votre propre exp\u00e9rience d\u2019essai Faites un essai avec votre propre environnement En savoir plus sur les solutions de s\u00e9curit\u00e9 de JFrog Posez des questions sur &hellip;","og_url":"https:\/\/jfrog.com\/fr\/sast\/schedule-a-demo\/","og_site_name":"JFrog","article_publisher":"https:\/\/www.facebook.com\/artifrog","article_modified_time":"2024-07-11T12:42:14+00:00","og_image":[{"width":1200,"height":628,"url":"https:\/\/speedmedia2.jfrog.com\/08612fe1-9391-4cf3-ac1a-6dd49c36b276\/media.jfrog.com\/wp-content\/uploads\/2018\/06\/20132021\/JFROG.png","type":"image\/png"}],"twitter_card":"summary_large_image","twitter_site":"@jfrog","twitter_misc":{"Est. reading time":"1 minute"},"schema":{"@context":"https:\/\/schema.org","@graph":[{"@type":"WebPage","@id":"https:\/\/jfrog.com\/fr\/sast\/schedule-a-demo\/","url":"https:\/\/jfrog.com\/fr\/sast\/schedule-a-demo\/","name":"SAST - Planifiez une d\u00e9mo | JFrog","isPartOf":{"@id":"https:\/\/jfrog.com\/fr\/#website"},"datePublished":"2024-07-10T11:18:29+00:00","dateModified":"2024-07-11T12:42:14+00:00","breadcrumb":{"@id":"https:\/\/jfrog.com\/fr\/sast\/schedule-a-demo\/#breadcrumb"},"inLanguage":"fr-FR","potentialAction":[{"@type":"ReadAction","target":["https:\/\/jfrog.com\/fr\/sast\/schedule-a-demo\/"]}]},{"@type":"BreadcrumbList","@id":"https:\/\/jfrog.com\/fr\/sast\/schedule-a-demo\/#breadcrumb","itemListElement":[{"@type":"ListItem","position":1,"name":"Home","item":"https:\/\/jfrog.com\/fr\/"},{"@type":"ListItem","position":2,"name":"SAST","item":"https:\/\/jfrog.com\/fr\/sast\/"},{"@type":"ListItem","position":3,"name":"SAST &#8211; Planifiez une d\u00e9mo"}]},{"@type":"WebSite","@id":"https:\/\/jfrog.com\/fr\/#website","url":"https:\/\/jfrog.com\/fr\/","name":"JFrog","description":"Deliver Trusted Software Releases at Speed and Scale","publisher":{"@id":"https:\/\/jfrog.com\/fr\/#organization"},"potentialAction":[{"@type":"SearchAction","target":{"@type":"EntryPoint","urlTemplate":"https:\/\/jfrog.com\/fr\/?s={search_term_string}"},"query-input":"required name=search_term_string"}],"inLanguage":"fr-FR"},{"@type":"Organization","@id":"https:\/\/jfrog.com\/fr\/#organization","name":"JFrog","url":"https:\/\/jfrog.com\/fr\/","logo":{"@type":"ImageObject","inLanguage":"fr-FR","@id":"https:\/\/jfrog.com\/fr\/#\/schema\/logo\/image\/","url":"https:\/\/speedmedia2.jfrog.com\/08612fe1-9391-4cf3-ac1a-6dd49c36b276\/media.jfrog.com\/wp-content\/uploads\/2025\/05\/27095207\/Logo.svg","contentUrl":"https:\/\/speedmedia2.jfrog.com\/08612fe1-9391-4cf3-ac1a-6dd49c36b276\/media.jfrog.com\/wp-content\/uploads\/2025\/05\/27095207\/Logo.svg","width":74,"height":73,"caption":"JFrog"},"image":{"@id":"https:\/\/jfrog.com\/fr\/#\/schema\/logo\/image\/"},"sameAs":["https:\/\/www.facebook.com\/artifrog","https:\/\/x.com\/jfrog","https:\/\/www.linkedin.com\/company\/455737","https:\/\/www.youtube.com\/channel\/UCh2hNg76zo3d1qQqTWIQxDg","https:\/\/www.wikidata.org\/wiki\/Q98608948"],"description":"We set out on our Liquid Software journey in 2008, with the mission to transform the way enterprises manage and release software updates. The world expects software to update continuously, securely, non-intrusively and without user intervention. This hyper-connected experience can only be enabled by automation with an end-to-end DevOps platform and a binary-centric focus. With this in mind, we\u2019ve developed the JFrog Platform, ushering in a new era of DevOps and DevSecOps standards that power continuous updates. More than a decade after our founding, with thousands of customers and millions of users globally, JFrog has become the \u201cDatabase of DevOps\u201d and the de-facto standard in release and update management.","legalName":"Jfrog, Inc.","numberOfEmployees":{"@type":"QuantitativeValue","minValue":"1001","maxValue":"5000"}}]}},"_links":{"self":[{"href":"https:\/\/jfrog.com\/fr\/wp-json\/wp\/v2\/pages\/136262","targetHints":{"allow":["GET"]}}],"collection":[{"href":"https:\/\/jfrog.com\/fr\/wp-json\/wp\/v2\/pages"}],"about":[{"href":"https:\/\/jfrog.com\/fr\/wp-json\/wp\/v2\/types\/page"}],"author":[{"embeddable":true,"href":"https:\/\/jfrog.com\/fr\/wp-json\/wp\/v2\/users\/410"}],"replies":[{"embeddable":true,"href":"https:\/\/jfrog.com\/fr\/wp-json\/wp\/v2\/comments?post=136262"}],"version-history":[{"count":1,"href":"https:\/\/jfrog.com\/fr\/wp-json\/wp\/v2\/pages\/136262\/revisions"}],"predecessor-version":[{"id":136426,"href":"https:\/\/jfrog.com\/fr\/wp-json\/wp\/v2\/pages\/136262\/revisions\/136426"}],"up":[{"embeddable":true,"href":"https:\/\/jfrog.com\/fr\/wp-json\/wp\/v2\/pages\/121474"}],"wp:attachment":[{"href":"https:\/\/jfrog.com\/fr\/wp-json\/wp\/v2\/media?parent=136262"}],"curies":[{"name":"wp","href":"https:\/\/api.w.org\/{rel}","templated":true}]}}