{"id":114664,"date":"2023-04-30T09:12:35","date_gmt":"2023-04-30T07:12:35","guid":{"rendered":"https:\/\/jfrog.com\/home-page\/"},"modified":"2024-09-10T16:56:20","modified_gmt":"2024-09-10T14:56:20","slug":"homepage","status":"publish","type":"page","link":"https:\/\/jfrog.com\/fr\/homepage\/","title":{"rendered":"Page D&apos;Accueil"},"content":{"rendered":"","protected":false},"excerpt":{"rendered":"","protected":false},"author":22,"featured_media":0,"parent":0,"menu_order":1400,"comment_status":"closed","ping_status":"closed","template":"templates\/home-page-v2022.php","meta":{"inline_featured_image":false,"footnotes":""},"class_list":["post-114664","page","type-page","status-publish","hentry"],"yoast_head":"<!-- This site is optimized with the Yoast SEO Premium plugin v22.6 (Yoast SEO v22.6) - https:\/\/yoast.com\/wordpress\/plugins\/seo\/ -->\n<title>Plateforme de cha\u00eene d\u2019approvisionnement logicielle pour DevOps et la s\u00e9curit\u00e9 | JFrog<\/title>\n<meta name=\"description\" content=\"La Plateforme JFrog vous offre un pipeline int\u00e9gral pour contr\u00f4ler le flux de vos fichiers binaires du build \u00e0 la production. Propulsez vos mises \u00e0 jour logicielles \u00e0 la p\u00e9riph\u00e9rie\" \/>\n<meta name=\"robots\" content=\"index, follow, max-snippet:-1, max-image-preview:large, max-video-preview:-1\" \/>\n<link rel=\"canonical\" href=\"https:\/\/jfrog.com\/fr\/wp-json\/wp\/v2\/pages\/114664\" \/>\n<meta property=\"og:locale\" content=\"fr_FR\" \/>\n<meta property=\"og:type\" content=\"article\" \/>\n<meta property=\"og:title\" content=\"Page D&amp;apos;Accueil\" \/>\n<meta property=\"og:description\" content=\"La Plateforme JFrog vous offre un pipeline int\u00e9gral pour contr\u00f4ler le flux de vos fichiers binaires du build \u00e0 la production. Propulsez vos mises \u00e0 jour logicielles \u00e0 la p\u00e9riph\u00e9rie\" \/>\n<meta property=\"og:url\" content=\"https:\/\/jfrog.com\/fr\/homepage\/\" \/>\n<meta property=\"og:site_name\" content=\"JFrog\" \/>\n<meta property=\"article:publisher\" content=\"https:\/\/www.facebook.com\/artifrog\" \/>\n<meta property=\"article:modified_time\" content=\"2024-09-10T14:56:20+00:00\" \/>\n<meta property=\"og:image\" content=\"https:\/\/speedmedia2.jfrog.com\/08612fe1-9391-4cf3-ac1a-6dd49c36b276\/media.jfrog.com\/wp-content\/uploads\/2018\/06\/20132021\/JFROG.png\" \/>\n\t<meta property=\"og:image:width\" content=\"1200\" \/>\n\t<meta property=\"og:image:height\" content=\"628\" \/>\n\t<meta property=\"og:image:type\" content=\"image\/png\" \/>\n<meta name=\"twitter:card\" content=\"summary_large_image\" \/>\n<meta name=\"twitter:site\" content=\"@jfrog\" \/>\n<script type=\"application\/ld+json\" class=\"yoast-schema-graph\">{\"@context\":\"https:\/\/schema.org\",\"@graph\":[{\"@type\":\"WebPage\",\"@id\":\"https:\/\/jfrog.com\/fr\/homepage\/\",\"url\":\"https:\/\/jfrog.com\/fr\/homepage\/\",\"name\":\"Plateforme de cha\u00eene d\u2019approvisionnement logicielle pour DevOps et la s\u00e9curit\u00e9 | JFrog\",\"isPartOf\":{\"@id\":\"https:\/\/jfrog.com\/fr\/#website\"},\"datePublished\":\"2023-04-30T07:12:35+00:00\",\"dateModified\":\"2024-09-10T14:56:20+00:00\",\"description\":\"La Plateforme JFrog vous offre un pipeline int\u00e9gral pour contr\u00f4ler le flux de vos fichiers binaires du build \u00e0 la production. Propulsez vos mises \u00e0 jour logicielles \u00e0 la p\u00e9riph\u00e9rie\",\"breadcrumb\":{\"@id\":\"https:\/\/jfrog.com\/fr\/homepage\/#breadcrumb\"},\"inLanguage\":\"fr-FR\",\"potentialAction\":[{\"@type\":\"ReadAction\",\"target\":[\"https:\/\/jfrog.com\/fr\/homepage\/\"]}]},{\"@type\":\"BreadcrumbList\",\"@id\":\"https:\/\/jfrog.com\/fr\/homepage\/#breadcrumb\",\"itemListElement\":[{\"@type\":\"ListItem\",\"position\":1,\"name\":\"Home\",\"item\":\"https:\/\/jfrog.com\/fr\/\"},{\"@type\":\"ListItem\",\"position\":2,\"name\":\"Page D&apos;Accueil\"}]},{\"@type\":\"WebSite\",\"@id\":\"https:\/\/jfrog.com\/fr\/#website\",\"url\":\"https:\/\/jfrog.com\/fr\/\",\"name\":\"JFrog\",\"description\":\"Deliver Trusted Software Releases at Speed and Scale\",\"publisher\":{\"@id\":\"https:\/\/jfrog.com\/fr\/#organization\"},\"potentialAction\":[{\"@type\":\"SearchAction\",\"target\":{\"@type\":\"EntryPoint\",\"urlTemplate\":\"https:\/\/jfrog.com\/fr\/?s={search_term_string}\"},\"query-input\":\"required name=search_term_string\"}],\"inLanguage\":\"fr-FR\"},{\"@type\":\"Organization\",\"@id\":\"https:\/\/jfrog.com\/fr\/#organization\",\"name\":\"JFrog\",\"url\":\"https:\/\/jfrog.com\/fr\/\",\"logo\":{\"@type\":\"ImageObject\",\"inLanguage\":\"fr-FR\",\"@id\":\"https:\/\/jfrog.com\/fr\/#\/schema\/logo\/image\/\",\"url\":\"https:\/\/speedmedia2.jfrog.com\/08612fe1-9391-4cf3-ac1a-6dd49c36b276\/media.jfrog.com\/wp-content\/uploads\/2025\/05\/27095207\/Logo.svg\",\"contentUrl\":\"https:\/\/speedmedia2.jfrog.com\/08612fe1-9391-4cf3-ac1a-6dd49c36b276\/media.jfrog.com\/wp-content\/uploads\/2025\/05\/27095207\/Logo.svg\",\"width\":74,\"height\":73,\"caption\":\"JFrog\"},\"image\":{\"@id\":\"https:\/\/jfrog.com\/fr\/#\/schema\/logo\/image\/\"},\"sameAs\":[\"https:\/\/www.facebook.com\/artifrog\",\"https:\/\/x.com\/jfrog\",\"https:\/\/www.linkedin.com\/company\/455737\",\"https:\/\/www.youtube.com\/channel\/UCh2hNg76zo3d1qQqTWIQxDg\",\"https:\/\/www.wikidata.org\/wiki\/Q98608948\"],\"description\":\"We set out on our Liquid Software journey in 2008, with the mission to transform the way enterprises manage and release software updates. The world expects software to update continuously, securely, non-intrusively and without user intervention. This hyper-connected experience can only be enabled by automation with an end-to-end DevOps platform and a binary-centric focus. With this in mind, we\u2019ve developed the JFrog Platform, ushering in a new era of DevOps and DevSecOps standards that power continuous updates. More than a decade after our founding, with thousands of customers and millions of users globally, JFrog has become the \u201cDatabase of DevOps\u201d and the de-facto standard in release and update management.\",\"legalName\":\"Jfrog, Inc.\",\"numberOfEmployees\":{\"@type\":\"QuantitativeValue\",\"minValue\":\"1001\",\"maxValue\":\"5000\"}}]}<\/script>\n<!-- \/ Yoast SEO Premium plugin. -->","yoast_head_json":{"title":"Plateforme de cha\u00eene d\u2019approvisionnement logicielle pour DevOps et la s\u00e9curit\u00e9 | JFrog","description":"La Plateforme JFrog vous offre un pipeline int\u00e9gral pour contr\u00f4ler le flux de vos fichiers binaires du build \u00e0 la production. Propulsez vos mises \u00e0 jour logicielles \u00e0 la p\u00e9riph\u00e9rie","robots":{"index":"index","follow":"follow","max-snippet":"max-snippet:-1","max-image-preview":"max-image-preview:large","max-video-preview":"max-video-preview:-1"},"canonical":"https:\/\/jfrog.com\/fr\/wp-json\/wp\/v2\/pages\/114664","og_locale":"fr_FR","og_type":"article","og_title":"Page D&apos;Accueil","og_description":"La Plateforme JFrog vous offre un pipeline int\u00e9gral pour contr\u00f4ler le flux de vos fichiers binaires du build \u00e0 la production. Propulsez vos mises \u00e0 jour logicielles \u00e0 la p\u00e9riph\u00e9rie","og_url":"https:\/\/jfrog.com\/fr\/homepage\/","og_site_name":"JFrog","article_publisher":"https:\/\/www.facebook.com\/artifrog","article_modified_time":"2024-09-10T14:56:20+00:00","og_image":[{"width":1200,"height":628,"url":"https:\/\/speedmedia2.jfrog.com\/08612fe1-9391-4cf3-ac1a-6dd49c36b276\/media.jfrog.com\/wp-content\/uploads\/2018\/06\/20132021\/JFROG.png","type":"image\/png"}],"twitter_card":"summary_large_image","twitter_site":"@jfrog","schema":{"@context":"https:\/\/schema.org","@graph":[{"@type":"WebPage","@id":"https:\/\/jfrog.com\/fr\/homepage\/","url":"https:\/\/jfrog.com\/fr\/homepage\/","name":"Plateforme de cha\u00eene d\u2019approvisionnement logicielle pour DevOps et la s\u00e9curit\u00e9 | JFrog","isPartOf":{"@id":"https:\/\/jfrog.com\/fr\/#website"},"datePublished":"2023-04-30T07:12:35+00:00","dateModified":"2024-09-10T14:56:20+00:00","description":"La Plateforme JFrog vous offre un pipeline int\u00e9gral pour contr\u00f4ler le flux de vos fichiers binaires du build \u00e0 la production. Propulsez vos mises \u00e0 jour logicielles \u00e0 la p\u00e9riph\u00e9rie","breadcrumb":{"@id":"https:\/\/jfrog.com\/fr\/homepage\/#breadcrumb"},"inLanguage":"fr-FR","potentialAction":[{"@type":"ReadAction","target":["https:\/\/jfrog.com\/fr\/homepage\/"]}]},{"@type":"BreadcrumbList","@id":"https:\/\/jfrog.com\/fr\/homepage\/#breadcrumb","itemListElement":[{"@type":"ListItem","position":1,"name":"Home","item":"https:\/\/jfrog.com\/fr\/"},{"@type":"ListItem","position":2,"name":"Page D&apos;Accueil"}]},{"@type":"WebSite","@id":"https:\/\/jfrog.com\/fr\/#website","url":"https:\/\/jfrog.com\/fr\/","name":"JFrog","description":"Deliver Trusted Software Releases at Speed and Scale","publisher":{"@id":"https:\/\/jfrog.com\/fr\/#organization"},"potentialAction":[{"@type":"SearchAction","target":{"@type":"EntryPoint","urlTemplate":"https:\/\/jfrog.com\/fr\/?s={search_term_string}"},"query-input":"required name=search_term_string"}],"inLanguage":"fr-FR"},{"@type":"Organization","@id":"https:\/\/jfrog.com\/fr\/#organization","name":"JFrog","url":"https:\/\/jfrog.com\/fr\/","logo":{"@type":"ImageObject","inLanguage":"fr-FR","@id":"https:\/\/jfrog.com\/fr\/#\/schema\/logo\/image\/","url":"https:\/\/speedmedia2.jfrog.com\/08612fe1-9391-4cf3-ac1a-6dd49c36b276\/media.jfrog.com\/wp-content\/uploads\/2025\/05\/27095207\/Logo.svg","contentUrl":"https:\/\/speedmedia2.jfrog.com\/08612fe1-9391-4cf3-ac1a-6dd49c36b276\/media.jfrog.com\/wp-content\/uploads\/2025\/05\/27095207\/Logo.svg","width":74,"height":73,"caption":"JFrog"},"image":{"@id":"https:\/\/jfrog.com\/fr\/#\/schema\/logo\/image\/"},"sameAs":["https:\/\/www.facebook.com\/artifrog","https:\/\/x.com\/jfrog","https:\/\/www.linkedin.com\/company\/455737","https:\/\/www.youtube.com\/channel\/UCh2hNg76zo3d1qQqTWIQxDg","https:\/\/www.wikidata.org\/wiki\/Q98608948"],"description":"We set out on our Liquid Software journey in 2008, with the mission to transform the way enterprises manage and release software updates. The world expects software to update continuously, securely, non-intrusively and without user intervention. This hyper-connected experience can only be enabled by automation with an end-to-end DevOps platform and a binary-centric focus. With this in mind, we\u2019ve developed the JFrog Platform, ushering in a new era of DevOps and DevSecOps standards that power continuous updates. More than a decade after our founding, with thousands of customers and millions of users globally, JFrog has become the \u201cDatabase of DevOps\u201d and the de-facto standard in release and update management.","legalName":"Jfrog, Inc.","numberOfEmployees":{"@type":"QuantitativeValue","minValue":"1001","maxValue":"5000"}}]}},"_links":{"self":[{"href":"https:\/\/jfrog.com\/fr\/wp-json\/wp\/v2\/pages\/114664","targetHints":{"allow":["GET"]}}],"collection":[{"href":"https:\/\/jfrog.com\/fr\/wp-json\/wp\/v2\/pages"}],"about":[{"href":"https:\/\/jfrog.com\/fr\/wp-json\/wp\/v2\/types\/page"}],"author":[{"embeddable":true,"href":"https:\/\/jfrog.com\/fr\/wp-json\/wp\/v2\/users\/22"}],"replies":[{"embeddable":true,"href":"https:\/\/jfrog.com\/fr\/wp-json\/wp\/v2\/comments?post=114664"}],"version-history":[{"count":11,"href":"https:\/\/jfrog.com\/fr\/wp-json\/wp\/v2\/pages\/114664\/revisions"}],"predecessor-version":[{"id":140179,"href":"https:\/\/jfrog.com\/fr\/wp-json\/wp\/v2\/pages\/114664\/revisions\/140179"}],"wp:attachment":[{"href":"https:\/\/jfrog.com\/fr\/wp-json\/wp\/v2\/media?parent=114664"}],"curies":[{"name":"wp","href":"https:\/\/api.w.org\/{rel}","templated":true}]}}