{"id":113758,"date":"2023-04-16T10:15:23","date_gmt":"2023-04-16T08:15:23","guid":{"rendered":"https:\/\/jfrog.com\/artifact-state-of-union\/"},"modified":"2023-05-29T07:55:04","modified_gmt":"2023-05-29T05:55:04","slug":"artifact-state-of-union","status":"publish","type":"page","link":"https:\/\/jfrog.com\/fr\/artifact-state-of-union\/","title":{"rendered":"Situation actuelle des artefacts"},"content":{"rendered":"","protected":false},"excerpt":{"rendered":"","protected":false},"author":410,"featured_media":0,"parent":0,"menu_order":832,"comment_status":"closed","ping_status":"closed","template":"templates\/jfrog-state-of-package-report.php","meta":{"inline_featured_image":false,"footnotes":""},"class_list":["post-113758","page","type-page","status-publish","hentry"],"yoast_head":"<!-- This site is optimized with the Yoast SEO Premium plugin v22.6 (Yoast SEO v22.6) - https:\/\/yoast.com\/wordpress\/plugins\/seo\/ -->\n<title>Rapport\u00a02023 sur la situation actuelle des artefacts logiciels | JFrog<\/title>\n<meta name=\"description\" content=\"En utilisant les donn\u00e9es de plus de 7\u00a0000\u00a0clients dans le monde entier, JFrog d\u00e9taille les technologies r\u00e9elles utilis\u00e9es pour cr\u00e9er des logiciels pour les utilisateurs finaux dans ce rapport de donn\u00e9es\u00a02023. Voir les informations\" \/>\n<meta name=\"robots\" content=\"index, follow, max-snippet:-1, max-image-preview:large, max-video-preview:-1\" \/>\n<link rel=\"canonical\" href=\"https:\/\/jfrog.com\/fr\/wp-json\/wp\/v2\/pages\/113758\" \/>\n<meta property=\"og:locale\" content=\"fr_FR\" \/>\n<meta property=\"og:type\" content=\"article\" \/>\n<meta property=\"og:title\" content=\"Situation actuelle des artefacts\" \/>\n<meta property=\"og:description\" content=\"En utilisant les donn\u00e9es de plus de 7\u00a0000\u00a0clients dans le monde entier, JFrog d\u00e9taille les technologies r\u00e9elles utilis\u00e9es pour cr\u00e9er des logiciels pour les utilisateurs finaux dans ce rapport de donn\u00e9es\u00a02023. Voir les informations\" \/>\n<meta property=\"og:url\" content=\"https:\/\/jfrog.com\/fr\/artifact-state-of-union\/\" \/>\n<meta property=\"og:site_name\" content=\"JFrog\" \/>\n<meta property=\"article:publisher\" content=\"https:\/\/www.facebook.com\/artifrog\" \/>\n<meta property=\"article:modified_time\" content=\"2023-05-29T05:55:04+00:00\" \/>\n<meta property=\"og:image\" content=\"https:\/\/media.jfrog.com\/wp-content\/uploads\/2023\/02\/05172320\/Artifact-State-of-Union.png\" \/>\n<meta name=\"twitter:card\" content=\"summary_large_image\" \/>\n<meta name=\"twitter:site\" content=\"@jfrog\" \/>\n<script type=\"application\/ld+json\" class=\"yoast-schema-graph\">{\"@context\":\"https:\/\/schema.org\",\"@graph\":[{\"@type\":\"WebPage\",\"@id\":\"https:\/\/jfrog.com\/fr\/artifact-state-of-union\/\",\"url\":\"https:\/\/jfrog.com\/fr\/artifact-state-of-union\/\",\"name\":\"Rapport\u00a02023 sur la situation actuelle des artefacts logiciels | JFrog\",\"isPartOf\":{\"@id\":\"https:\/\/jfrog.com\/fr\/#website\"},\"datePublished\":\"2023-04-16T08:15:23+00:00\",\"dateModified\":\"2023-05-29T05:55:04+00:00\",\"description\":\"En utilisant les donn\u00e9es de plus de 7\u00a0000\u00a0clients dans le monde entier, JFrog d\u00e9taille les technologies r\u00e9elles utilis\u00e9es pour cr\u00e9er des logiciels pour les utilisateurs finaux dans ce rapport de donn\u00e9es\u00a02023. Voir les informations\",\"breadcrumb\":{\"@id\":\"https:\/\/jfrog.com\/fr\/artifact-state-of-union\/#breadcrumb\"},\"inLanguage\":\"fr-FR\",\"potentialAction\":[{\"@type\":\"ReadAction\",\"target\":[\"https:\/\/jfrog.com\/fr\/artifact-state-of-union\/\"]}]},{\"@type\":\"BreadcrumbList\",\"@id\":\"https:\/\/jfrog.com\/fr\/artifact-state-of-union\/#breadcrumb\",\"itemListElement\":[{\"@type\":\"ListItem\",\"position\":1,\"name\":\"Home\",\"item\":\"https:\/\/jfrog.com\/fr\/\"},{\"@type\":\"ListItem\",\"position\":2,\"name\":\"Situation actuelle des artefacts\"}]},{\"@type\":\"WebSite\",\"@id\":\"https:\/\/jfrog.com\/fr\/#website\",\"url\":\"https:\/\/jfrog.com\/fr\/\",\"name\":\"JFrog\",\"description\":\"Deliver Trusted Software Releases at Speed and Scale\",\"publisher\":{\"@id\":\"https:\/\/jfrog.com\/fr\/#organization\"},\"potentialAction\":[{\"@type\":\"SearchAction\",\"target\":{\"@type\":\"EntryPoint\",\"urlTemplate\":\"https:\/\/jfrog.com\/fr\/?s={search_term_string}\"},\"query-input\":\"required name=search_term_string\"}],\"inLanguage\":\"fr-FR\"},{\"@type\":\"Organization\",\"@id\":\"https:\/\/jfrog.com\/fr\/#organization\",\"name\":\"JFrog\",\"url\":\"https:\/\/jfrog.com\/fr\/\",\"logo\":{\"@type\":\"ImageObject\",\"inLanguage\":\"fr-FR\",\"@id\":\"https:\/\/jfrog.com\/fr\/#\/schema\/logo\/image\/\",\"url\":\"https:\/\/speedmedia2.jfrog.com\/08612fe1-9391-4cf3-ac1a-6dd49c36b276\/media.jfrog.com\/wp-content\/uploads\/2025\/05\/27095207\/Logo.svg\",\"contentUrl\":\"https:\/\/speedmedia2.jfrog.com\/08612fe1-9391-4cf3-ac1a-6dd49c36b276\/media.jfrog.com\/wp-content\/uploads\/2025\/05\/27095207\/Logo.svg\",\"width\":74,\"height\":73,\"caption\":\"JFrog\"},\"image\":{\"@id\":\"https:\/\/jfrog.com\/fr\/#\/schema\/logo\/image\/\"},\"sameAs\":[\"https:\/\/www.facebook.com\/artifrog\",\"https:\/\/x.com\/jfrog\",\"https:\/\/www.linkedin.com\/company\/455737\",\"https:\/\/www.youtube.com\/channel\/UCh2hNg76zo3d1qQqTWIQxDg\",\"https:\/\/www.wikidata.org\/wiki\/Q98608948\"],\"description\":\"We set out on our Liquid Software journey in 2008, with the mission to transform the way enterprises manage and release software updates. The world expects software to update continuously, securely, non-intrusively and without user intervention. This hyper-connected experience can only be enabled by automation with an end-to-end DevOps platform and a binary-centric focus. With this in mind, we\u2019ve developed the JFrog Platform, ushering in a new era of DevOps and DevSecOps standards that power continuous updates. More than a decade after our founding, with thousands of customers and millions of users globally, JFrog has become the \u201cDatabase of DevOps\u201d and the de-facto standard in release and update management.\",\"legalName\":\"Jfrog, Inc.\",\"numberOfEmployees\":{\"@type\":\"QuantitativeValue\",\"minValue\":\"1001\",\"maxValue\":\"5000\"}}]}<\/script>\n<!-- \/ Yoast SEO Premium plugin. -->","yoast_head_json":{"title":"Rapport\u00a02023 sur la situation actuelle des artefacts logiciels | JFrog","description":"En utilisant les donn\u00e9es de plus de 7\u00a0000\u00a0clients dans le monde entier, JFrog d\u00e9taille les technologies r\u00e9elles utilis\u00e9es pour cr\u00e9er des logiciels pour les utilisateurs finaux dans ce rapport de donn\u00e9es\u00a02023. Voir les informations","robots":{"index":"index","follow":"follow","max-snippet":"max-snippet:-1","max-image-preview":"max-image-preview:large","max-video-preview":"max-video-preview:-1"},"canonical":"https:\/\/jfrog.com\/fr\/wp-json\/wp\/v2\/pages\/113758","og_locale":"fr_FR","og_type":"article","og_title":"Situation actuelle des artefacts","og_description":"En utilisant les donn\u00e9es de plus de 7\u00a0000\u00a0clients dans le monde entier, JFrog d\u00e9taille les technologies r\u00e9elles utilis\u00e9es pour cr\u00e9er des logiciels pour les utilisateurs finaux dans ce rapport de donn\u00e9es\u00a02023. Voir les informations","og_url":"https:\/\/jfrog.com\/fr\/artifact-state-of-union\/","og_site_name":"JFrog","article_publisher":"https:\/\/www.facebook.com\/artifrog","article_modified_time":"2023-05-29T05:55:04+00:00","og_image":[{"url":"https:\/\/media.jfrog.com\/wp-content\/uploads\/2023\/02\/05172320\/Artifact-State-of-Union.png"}],"twitter_card":"summary_large_image","twitter_site":"@jfrog","schema":{"@context":"https:\/\/schema.org","@graph":[{"@type":"WebPage","@id":"https:\/\/jfrog.com\/fr\/artifact-state-of-union\/","url":"https:\/\/jfrog.com\/fr\/artifact-state-of-union\/","name":"Rapport\u00a02023 sur la situation actuelle des artefacts logiciels | JFrog","isPartOf":{"@id":"https:\/\/jfrog.com\/fr\/#website"},"datePublished":"2023-04-16T08:15:23+00:00","dateModified":"2023-05-29T05:55:04+00:00","description":"En utilisant les donn\u00e9es de plus de 7\u00a0000\u00a0clients dans le monde entier, JFrog d\u00e9taille les technologies r\u00e9elles utilis\u00e9es pour cr\u00e9er des logiciels pour les utilisateurs finaux dans ce rapport de donn\u00e9es\u00a02023. Voir les informations","breadcrumb":{"@id":"https:\/\/jfrog.com\/fr\/artifact-state-of-union\/#breadcrumb"},"inLanguage":"fr-FR","potentialAction":[{"@type":"ReadAction","target":["https:\/\/jfrog.com\/fr\/artifact-state-of-union\/"]}]},{"@type":"BreadcrumbList","@id":"https:\/\/jfrog.com\/fr\/artifact-state-of-union\/#breadcrumb","itemListElement":[{"@type":"ListItem","position":1,"name":"Home","item":"https:\/\/jfrog.com\/fr\/"},{"@type":"ListItem","position":2,"name":"Situation actuelle des artefacts"}]},{"@type":"WebSite","@id":"https:\/\/jfrog.com\/fr\/#website","url":"https:\/\/jfrog.com\/fr\/","name":"JFrog","description":"Deliver Trusted Software Releases at Speed and Scale","publisher":{"@id":"https:\/\/jfrog.com\/fr\/#organization"},"potentialAction":[{"@type":"SearchAction","target":{"@type":"EntryPoint","urlTemplate":"https:\/\/jfrog.com\/fr\/?s={search_term_string}"},"query-input":"required name=search_term_string"}],"inLanguage":"fr-FR"},{"@type":"Organization","@id":"https:\/\/jfrog.com\/fr\/#organization","name":"JFrog","url":"https:\/\/jfrog.com\/fr\/","logo":{"@type":"ImageObject","inLanguage":"fr-FR","@id":"https:\/\/jfrog.com\/fr\/#\/schema\/logo\/image\/","url":"https:\/\/speedmedia2.jfrog.com\/08612fe1-9391-4cf3-ac1a-6dd49c36b276\/media.jfrog.com\/wp-content\/uploads\/2025\/05\/27095207\/Logo.svg","contentUrl":"https:\/\/speedmedia2.jfrog.com\/08612fe1-9391-4cf3-ac1a-6dd49c36b276\/media.jfrog.com\/wp-content\/uploads\/2025\/05\/27095207\/Logo.svg","width":74,"height":73,"caption":"JFrog"},"image":{"@id":"https:\/\/jfrog.com\/fr\/#\/schema\/logo\/image\/"},"sameAs":["https:\/\/www.facebook.com\/artifrog","https:\/\/x.com\/jfrog","https:\/\/www.linkedin.com\/company\/455737","https:\/\/www.youtube.com\/channel\/UCh2hNg76zo3d1qQqTWIQxDg","https:\/\/www.wikidata.org\/wiki\/Q98608948"],"description":"We set out on our Liquid Software journey in 2008, with the mission to transform the way enterprises manage and release software updates. The world expects software to update continuously, securely, non-intrusively and without user intervention. This hyper-connected experience can only be enabled by automation with an end-to-end DevOps platform and a binary-centric focus. With this in mind, we\u2019ve developed the JFrog Platform, ushering in a new era of DevOps and DevSecOps standards that power continuous updates. More than a decade after our founding, with thousands of customers and millions of users globally, JFrog has become the \u201cDatabase of DevOps\u201d and the de-facto standard in release and update management.","legalName":"Jfrog, Inc.","numberOfEmployees":{"@type":"QuantitativeValue","minValue":"1001","maxValue":"5000"}}]}},"_links":{"self":[{"href":"https:\/\/jfrog.com\/fr\/wp-json\/wp\/v2\/pages\/113758","targetHints":{"allow":["GET"]}}],"collection":[{"href":"https:\/\/jfrog.com\/fr\/wp-json\/wp\/v2\/pages"}],"about":[{"href":"https:\/\/jfrog.com\/fr\/wp-json\/wp\/v2\/types\/page"}],"author":[{"embeddable":true,"href":"https:\/\/jfrog.com\/fr\/wp-json\/wp\/v2\/users\/410"}],"replies":[{"embeddable":true,"href":"https:\/\/jfrog.com\/fr\/wp-json\/wp\/v2\/comments?post=113758"}],"version-history":[{"count":3,"href":"https:\/\/jfrog.com\/fr\/wp-json\/wp\/v2\/pages\/113758\/revisions"}],"predecessor-version":[{"id":116108,"href":"https:\/\/jfrog.com\/fr\/wp-json\/wp\/v2\/pages\/113758\/revisions\/116108"}],"wp:attachment":[{"href":"https:\/\/jfrog.com\/fr\/wp-json\/wp\/v2\/media?parent=113758"}],"curies":[{"name":"wp","href":"https:\/\/api.w.org\/{rel}","templated":true}]}}