{"id":102864,"date":"2022-11-14T14:10:56","date_gmt":"2022-11-14T12:10:56","guid":{"rendered":"https:\/\/jfrog.com\/xray-2022\/"},"modified":"2025-07-01T10:28:39","modified_gmt":"2025-07-01T08:28:39","slug":"xray","status":"publish","type":"page","link":"https:\/\/jfrog.com\/fr\/xray\/","title":{"rendered":"Page d&#8217;accueil Xray \u2013 2023"},"content":{"rendered":"<p>&nbsp;<\/p>\n<h3>R\u00e9servez une d\u00e9mo avec un expert JFrog Security<\/h3>\n<ul>\n<li>D\u00e9couvrez comment emp\u00eacher l&#8217;entr\u00e9e des packages malveillants ou risqu\u00e9s dans votre organisation<\/li>\n<li>Faites des d\u00e9veloppeurs des professionnels de la s\u00e9curit\u00e9 avec les plug-ins IDE, l\u2019interface de ligne de commande et les outils de scan Git<\/li>\n<li>D\u00e9couvrez l\u2019exp\u00e9rience fluide pour les d\u00e9veloppeurs afin de s\u00e9curiser le code et les builds<\/li>\n<li>D\u00e9couvrez une s\u00e9curit\u00e9 holistique sur une seule plateforme avec les solutions de s\u00e9curit\u00e9 Curation, SAST, SCA, IaC, Secrets et Container<\/li>\n<li>D\u00e9couvrez \u00e0 quel point il est simple de faire vos premiers pas avec JFrog Security dans votre \u00e9cosyst\u00e8me<\/li>\n<\/ul>\n<p>&nbsp;<\/p>\n","protected":false},"excerpt":{"rendered":"<p>&nbsp; R\u00e9servez une d\u00e9mo avec un expert JFrog Security D\u00e9couvrez comment emp\u00eacher l&#8217;entr\u00e9e des packages malveillants ou risqu\u00e9s dans votre organisation Faites des d\u00e9veloppeurs des professionnels de la s\u00e9curit\u00e9 avec les plug-ins IDE, l\u2019interface de ligne de commande et les outils de scan Git D\u00e9couvrez l\u2019exp\u00e9rience fluide pour les d\u00e9veloppeurs afin de s\u00e9curiser le code &hellip;<\/p>\n","protected":false},"author":22,"featured_media":0,"parent":0,"menu_order":855,"comment_status":"closed","ping_status":"closed","template":"templates\/lp-curation.php","meta":{"inline_featured_image":false,"footnotes":""},"class_list":["post-102864","page","type-page","status-publish","hentry"],"yoast_head":"<!-- This site is optimized with the Yoast SEO Premium plugin v22.6 (Yoast SEO v22.6) - https:\/\/yoast.com\/wordpress\/plugins\/seo\/ -->\n<title>Outil de s\u00e9curit\u00e9 int\u00e9grale pour les \u00e9quipes DevOps \u2013 JFrog Security<\/title>\n<meta name=\"description\" content=\"S\u00e9curisez votre SDLC avec l&#039;un des meilleurs outils d&#039;analyse de s\u00e9curit\u00e9\u00a0! JFrog Xray analyse et identifie les vuln\u00e9rabilit\u00e9s de votre code et de vos fichiers binaires pour prot\u00e9ger votre logiciel contre les menaces potentielles. Essayez-le maintenant\u00a0!\" \/>\n<meta name=\"robots\" content=\"index, follow, max-snippet:-1, max-image-preview:large, max-video-preview:-1\" \/>\n<link rel=\"canonical\" href=\"https:\/\/jfrog.com\/fr\/wp-json\/wp\/v2\/pages\/102864\" \/>\n<meta property=\"og:locale\" content=\"fr_FR\" \/>\n<meta property=\"og:type\" content=\"article\" \/>\n<meta property=\"og:title\" content=\"Page d&#039;accueil Xray \u2013 2023\" \/>\n<meta property=\"og:description\" content=\"S\u00e9curisez votre SDLC avec l&#039;un des meilleurs outils d&#039;analyse de s\u00e9curit\u00e9\u00a0! JFrog Xray analyse et identifie les vuln\u00e9rabilit\u00e9s de votre code et de vos fichiers binaires pour prot\u00e9ger votre logiciel contre les menaces potentielles. Essayez-le maintenant\u00a0!\" \/>\n<meta property=\"og:url\" content=\"https:\/\/jfrog.com\/fr\/xray\/\" \/>\n<meta property=\"og:site_name\" content=\"JFrog\" \/>\n<meta property=\"article:publisher\" content=\"https:\/\/www.facebook.com\/artifrog\" \/>\n<meta property=\"article:modified_time\" content=\"2025-07-01T08:28:39+00:00\" \/>\n<meta property=\"og:image\" content=\"https:\/\/speedmedia2.jfrog.com\/08612fe1-9391-4cf3-ac1a-6dd49c36b276\/media.jfrog.com\/wp-content\/uploads\/2018\/06\/20132021\/JFROG.png\" \/>\n\t<meta property=\"og:image:width\" content=\"1200\" \/>\n\t<meta property=\"og:image:height\" content=\"628\" \/>\n\t<meta property=\"og:image:type\" content=\"image\/png\" \/>\n<meta name=\"twitter:card\" content=\"summary_large_image\" \/>\n<meta name=\"twitter:site\" content=\"@jfrog\" \/>\n<meta name=\"twitter:label1\" content=\"Est. reading time\" \/>\n\t<meta name=\"twitter:data1\" content=\"1 minute\" \/>\n<script type=\"application\/ld+json\" class=\"yoast-schema-graph\">{\"@context\":\"https:\/\/schema.org\",\"@graph\":[{\"@type\":\"WebPage\",\"@id\":\"https:\/\/jfrog.com\/fr\/xray\/\",\"url\":\"https:\/\/jfrog.com\/fr\/xray\/\",\"name\":\"Outil de s\u00e9curit\u00e9 int\u00e9grale pour les \u00e9quipes DevOps \u2013 JFrog Security\",\"isPartOf\":{\"@id\":\"https:\/\/jfrog.com\/fr\/#website\"},\"datePublished\":\"2022-11-14T12:10:56+00:00\",\"dateModified\":\"2025-07-01T08:28:39+00:00\",\"description\":\"S\u00e9curisez votre SDLC avec l'un des meilleurs outils d'analyse de s\u00e9curit\u00e9\u00a0! JFrog Xray analyse et identifie les vuln\u00e9rabilit\u00e9s de votre code et de vos fichiers binaires pour prot\u00e9ger votre logiciel contre les menaces potentielles. Essayez-le maintenant\u00a0!\",\"breadcrumb\":{\"@id\":\"https:\/\/jfrog.com\/fr\/xray\/#breadcrumb\"},\"inLanguage\":\"fr-FR\",\"potentialAction\":[{\"@type\":\"ReadAction\",\"target\":[\"https:\/\/jfrog.com\/fr\/xray\/\"]}]},{\"@type\":\"BreadcrumbList\",\"@id\":\"https:\/\/jfrog.com\/fr\/xray\/#breadcrumb\",\"itemListElement\":[{\"@type\":\"ListItem\",\"position\":1,\"name\":\"Home\",\"item\":\"https:\/\/jfrog.com\/fr\/\"},{\"@type\":\"ListItem\",\"position\":2,\"name\":\"Page d&#8217;accueil Xray \u2013 2023\"}]},{\"@type\":\"WebSite\",\"@id\":\"https:\/\/jfrog.com\/fr\/#website\",\"url\":\"https:\/\/jfrog.com\/fr\/\",\"name\":\"JFrog\",\"description\":\"Deliver Trusted Software Releases at Speed and Scale\",\"publisher\":{\"@id\":\"https:\/\/jfrog.com\/fr\/#organization\"},\"potentialAction\":[{\"@type\":\"SearchAction\",\"target\":{\"@type\":\"EntryPoint\",\"urlTemplate\":\"https:\/\/jfrog.com\/fr\/?s={search_term_string}\"},\"query-input\":\"required name=search_term_string\"}],\"inLanguage\":\"fr-FR\"},{\"@type\":\"Organization\",\"@id\":\"https:\/\/jfrog.com\/fr\/#organization\",\"name\":\"JFrog\",\"url\":\"https:\/\/jfrog.com\/fr\/\",\"logo\":{\"@type\":\"ImageObject\",\"inLanguage\":\"fr-FR\",\"@id\":\"https:\/\/jfrog.com\/fr\/#\/schema\/logo\/image\/\",\"url\":\"https:\/\/speedmedia2.jfrog.com\/08612fe1-9391-4cf3-ac1a-6dd49c36b276\/media.jfrog.com\/wp-content\/uploads\/2025\/05\/27095207\/Logo.svg\",\"contentUrl\":\"https:\/\/speedmedia2.jfrog.com\/08612fe1-9391-4cf3-ac1a-6dd49c36b276\/media.jfrog.com\/wp-content\/uploads\/2025\/05\/27095207\/Logo.svg\",\"width\":74,\"height\":73,\"caption\":\"JFrog\"},\"image\":{\"@id\":\"https:\/\/jfrog.com\/fr\/#\/schema\/logo\/image\/\"},\"sameAs\":[\"https:\/\/www.facebook.com\/artifrog\",\"https:\/\/x.com\/jfrog\",\"https:\/\/www.linkedin.com\/company\/455737\",\"https:\/\/www.youtube.com\/channel\/UCh2hNg76zo3d1qQqTWIQxDg\",\"https:\/\/www.wikidata.org\/wiki\/Q98608948\"],\"description\":\"We set out on our Liquid Software journey in 2008, with the mission to transform the way enterprises manage and release software updates. The world expects software to update continuously, securely, non-intrusively and without user intervention. This hyper-connected experience can only be enabled by automation with an end-to-end DevOps platform and a binary-centric focus. With this in mind, we\u2019ve developed the JFrog Platform, ushering in a new era of DevOps and DevSecOps standards that power continuous updates. More than a decade after our founding, with thousands of customers and millions of users globally, JFrog has become the \u201cDatabase of DevOps\u201d and the de-facto standard in release and update management.\",\"legalName\":\"Jfrog, Inc.\",\"numberOfEmployees\":{\"@type\":\"QuantitativeValue\",\"minValue\":\"1001\",\"maxValue\":\"5000\"}}]}<\/script>\n<!-- \/ Yoast SEO Premium plugin. -->","yoast_head_json":{"title":"Outil de s\u00e9curit\u00e9 int\u00e9grale pour les \u00e9quipes DevOps \u2013 JFrog Security","description":"S\u00e9curisez votre SDLC avec l'un des meilleurs outils d'analyse de s\u00e9curit\u00e9\u00a0! JFrog Xray analyse et identifie les vuln\u00e9rabilit\u00e9s de votre code et de vos fichiers binaires pour prot\u00e9ger votre logiciel contre les menaces potentielles. Essayez-le maintenant\u00a0!","robots":{"index":"index","follow":"follow","max-snippet":"max-snippet:-1","max-image-preview":"max-image-preview:large","max-video-preview":"max-video-preview:-1"},"canonical":"https:\/\/jfrog.com\/fr\/wp-json\/wp\/v2\/pages\/102864","og_locale":"fr_FR","og_type":"article","og_title":"Page d'accueil Xray \u2013 2023","og_description":"S\u00e9curisez votre SDLC avec l'un des meilleurs outils d'analyse de s\u00e9curit\u00e9\u00a0! JFrog Xray analyse et identifie les vuln\u00e9rabilit\u00e9s de votre code et de vos fichiers binaires pour prot\u00e9ger votre logiciel contre les menaces potentielles. Essayez-le maintenant\u00a0!","og_url":"https:\/\/jfrog.com\/fr\/xray\/","og_site_name":"JFrog","article_publisher":"https:\/\/www.facebook.com\/artifrog","article_modified_time":"2025-07-01T08:28:39+00:00","og_image":[{"width":1200,"height":628,"url":"https:\/\/speedmedia2.jfrog.com\/08612fe1-9391-4cf3-ac1a-6dd49c36b276\/media.jfrog.com\/wp-content\/uploads\/2018\/06\/20132021\/JFROG.png","type":"image\/png"}],"twitter_card":"summary_large_image","twitter_site":"@jfrog","twitter_misc":{"Est. reading time":"1 minute"},"schema":{"@context":"https:\/\/schema.org","@graph":[{"@type":"WebPage","@id":"https:\/\/jfrog.com\/fr\/xray\/","url":"https:\/\/jfrog.com\/fr\/xray\/","name":"Outil de s\u00e9curit\u00e9 int\u00e9grale pour les \u00e9quipes DevOps \u2013 JFrog Security","isPartOf":{"@id":"https:\/\/jfrog.com\/fr\/#website"},"datePublished":"2022-11-14T12:10:56+00:00","dateModified":"2025-07-01T08:28:39+00:00","description":"S\u00e9curisez votre SDLC avec l'un des meilleurs outils d'analyse de s\u00e9curit\u00e9\u00a0! JFrog Xray analyse et identifie les vuln\u00e9rabilit\u00e9s de votre code et de vos fichiers binaires pour prot\u00e9ger votre logiciel contre les menaces potentielles. Essayez-le maintenant\u00a0!","breadcrumb":{"@id":"https:\/\/jfrog.com\/fr\/xray\/#breadcrumb"},"inLanguage":"fr-FR","potentialAction":[{"@type":"ReadAction","target":["https:\/\/jfrog.com\/fr\/xray\/"]}]},{"@type":"BreadcrumbList","@id":"https:\/\/jfrog.com\/fr\/xray\/#breadcrumb","itemListElement":[{"@type":"ListItem","position":1,"name":"Home","item":"https:\/\/jfrog.com\/fr\/"},{"@type":"ListItem","position":2,"name":"Page d&#8217;accueil Xray \u2013 2023"}]},{"@type":"WebSite","@id":"https:\/\/jfrog.com\/fr\/#website","url":"https:\/\/jfrog.com\/fr\/","name":"JFrog","description":"Deliver Trusted Software Releases at Speed and Scale","publisher":{"@id":"https:\/\/jfrog.com\/fr\/#organization"},"potentialAction":[{"@type":"SearchAction","target":{"@type":"EntryPoint","urlTemplate":"https:\/\/jfrog.com\/fr\/?s={search_term_string}"},"query-input":"required name=search_term_string"}],"inLanguage":"fr-FR"},{"@type":"Organization","@id":"https:\/\/jfrog.com\/fr\/#organization","name":"JFrog","url":"https:\/\/jfrog.com\/fr\/","logo":{"@type":"ImageObject","inLanguage":"fr-FR","@id":"https:\/\/jfrog.com\/fr\/#\/schema\/logo\/image\/","url":"https:\/\/speedmedia2.jfrog.com\/08612fe1-9391-4cf3-ac1a-6dd49c36b276\/media.jfrog.com\/wp-content\/uploads\/2025\/05\/27095207\/Logo.svg","contentUrl":"https:\/\/speedmedia2.jfrog.com\/08612fe1-9391-4cf3-ac1a-6dd49c36b276\/media.jfrog.com\/wp-content\/uploads\/2025\/05\/27095207\/Logo.svg","width":74,"height":73,"caption":"JFrog"},"image":{"@id":"https:\/\/jfrog.com\/fr\/#\/schema\/logo\/image\/"},"sameAs":["https:\/\/www.facebook.com\/artifrog","https:\/\/x.com\/jfrog","https:\/\/www.linkedin.com\/company\/455737","https:\/\/www.youtube.com\/channel\/UCh2hNg76zo3d1qQqTWIQxDg","https:\/\/www.wikidata.org\/wiki\/Q98608948"],"description":"We set out on our Liquid Software journey in 2008, with the mission to transform the way enterprises manage and release software updates. The world expects software to update continuously, securely, non-intrusively and without user intervention. This hyper-connected experience can only be enabled by automation with an end-to-end DevOps platform and a binary-centric focus. With this in mind, we\u2019ve developed the JFrog Platform, ushering in a new era of DevOps and DevSecOps standards that power continuous updates. More than a decade after our founding, with thousands of customers and millions of users globally, JFrog has become the \u201cDatabase of DevOps\u201d and the de-facto standard in release and update management.","legalName":"Jfrog, Inc.","numberOfEmployees":{"@type":"QuantitativeValue","minValue":"1001","maxValue":"5000"}}]}},"_links":{"self":[{"href":"https:\/\/jfrog.com\/fr\/wp-json\/wp\/v2\/pages\/102864","targetHints":{"allow":["GET"]}}],"collection":[{"href":"https:\/\/jfrog.com\/fr\/wp-json\/wp\/v2\/pages"}],"about":[{"href":"https:\/\/jfrog.com\/fr\/wp-json\/wp\/v2\/types\/page"}],"author":[{"embeddable":true,"href":"https:\/\/jfrog.com\/fr\/wp-json\/wp\/v2\/users\/22"}],"replies":[{"embeddable":true,"href":"https:\/\/jfrog.com\/fr\/wp-json\/wp\/v2\/comments?post=102864"}],"version-history":[{"count":11,"href":"https:\/\/jfrog.com\/fr\/wp-json\/wp\/v2\/pages\/102864\/revisions"}],"predecessor-version":[{"id":154975,"href":"https:\/\/jfrog.com\/fr\/wp-json\/wp\/v2\/pages\/102864\/revisions\/154975"}],"wp:attachment":[{"href":"https:\/\/jfrog.com\/fr\/wp-json\/wp\/v2\/media?parent=102864"}],"curies":[{"name":"wp","href":"https:\/\/api.w.org\/{rel}","templated":true}]}}