{"id":88562,"date":"2022-01-20T15:39:55","date_gmt":"2022-01-20T13:39:55","guid":{"rendered":"https:\/\/jfrog.com\/assets\/8-reasons-for-devops-to-use-a-binary-repository-manager\/"},"modified":"2023-05-19T07:08:49","modified_gmt":"2023-05-19T05:08:49","slug":"8-reasons-for-devops-to-use-a-binary-repository-manager","status":"publish","type":"page","link":"https:\/\/jfrog.com\/de\/8-reasons-for-devops-to-use-a-binary-repository-manager\/","title":{"rendered":"8 Gr\u00fcnde f\u00fcr DevOps zur Verwendung eines Bin\u00e4r-Repository-Managers"},"content":{"rendered":"","protected":false},"excerpt":{"rendered":"","protected":false},"author":289,"featured_media":0,"parent":0,"menu_order":1162,"comment_status":"closed","ping_status":"closed","template":"templates\/resource-gated.php","meta":{"inline_featured_image":false,"footnotes":""},"class_list":["post-88562","page","type-page","status-publish","hentry"],"yoast_head":"<!-- This site is optimized with the Yoast SEO Premium plugin v22.6 (Yoast SEO v22.6) - https:\/\/yoast.com\/wordpress\/plugins\/seo\/ -->\n<title>8 Gr\u00fcnde f\u00fcr DevOps zur Verwendung eines Bin\u00e4r-Repository-Managers | JFrog<\/title>\n<meta name=\"description\" content=\"In diesem Whitepaper erfahren Sie, wo Entwicklung und Softwarebereitstellung zusammentreffen, indem wir 8 wesentliche Praktiken dieses auf Bin\u00e4rdateien ausgerichteten Ansatzes f\u00fcr DevOps vorstellen. Sie erfahren, wie Sie Reibungsverluste reduzieren, Sicherheit in die wichtigsten Phasen des Lebenszyklus integrieren und die Softwarebereitstellung beschleunigen k\u00f6nnen.\" \/>\n<meta name=\"robots\" content=\"index, follow, max-snippet:-1, max-image-preview:large, max-video-preview:-1\" \/>\n<link rel=\"canonical\" href=\"https:\/\/jfrog.com\/de\/wp-json\/wp\/v2\/pages\/88562\" \/>\n<meta property=\"og:locale\" content=\"de_DE\" \/>\n<meta property=\"og:type\" content=\"article\" \/>\n<meta property=\"og:title\" content=\"[Whitepaper]: 8 Gr\u00fcnde f\u00fcr DevOps zur Verwendung eines Bin\u00e4r-Repository-Managers\" \/>\n<meta property=\"og:description\" content=\"In diesem Whitepaper erfahren Sie, wo Entwicklung und Softwarebereitstellung zusammentreffen, indem wir 8 wesentliche Praktiken dieses auf Bin\u00e4rdateien ausgerichteten Ansatzes f\u00fcr DevOps vorstellen. Sie erfahren, wie Sie Reibungsverluste reduzieren, Sicherheit in die wichtigsten Phasen des Lebenszyklus integrieren und die Softwarebereitstellung beschleunigen k\u00f6nnen.\" \/>\n<meta property=\"og:url\" content=\"https:\/\/jfrog.com\/de\/8-reasons-for-devops-to-use-a-binary-repository-manager\/\" \/>\n<meta property=\"og:site_name\" content=\"JFrog\" \/>\n<meta property=\"article:publisher\" content=\"https:\/\/www.facebook.com\/artifrog\" \/>\n<meta property=\"article:modified_time\" content=\"2023-05-19T05:08:49+00:00\" \/>\n<meta property=\"og:image\" content=\"https:\/\/media.jfrog.com\/wp-content\/uploads\/2017\/11\/27231426\/8-Reasons-for-DevOps-to-use-a-Binary-Repository-Manager.png\" \/>\n<meta name=\"twitter:card\" content=\"summary_large_image\" \/>\n<meta name=\"twitter:title\" content=\"[Whitepaper]: 8 Gr\u00fcnde f\u00fcr DevOps zur Verwendung eines Bin\u00e4r-Repository-Managers\" \/>\n<meta name=\"twitter:description\" content=\"In diesem Whitepaper erfahren Sie, wo Entwicklung und Softwarebereitstellung zusammentreffen, indem wir 8 wesentliche Praktiken dieses auf Bin\u00e4rdateien ausgerichteten Ansatzes f\u00fcr DevOps vorstellen. Sie erfahren, wie Sie Reibungsverluste reduzieren, Sicherheit in die wichtigsten Phasen des Lebenszyklus integrieren und die Softwarebereitstellung beschleunigen k\u00f6nnen.\" \/>\n<meta name=\"twitter:image\" content=\"https:\/\/media.jfrog.com\/wp-content\/uploads\/2017\/11\/27224222\/8-Reasons-LifeCycle.png\" \/>\n<meta name=\"twitter:site\" content=\"@jfrog\" \/>\n<script type=\"application\/ld+json\" class=\"yoast-schema-graph\">{\"@context\":\"https:\/\/schema.org\",\"@graph\":[{\"@type\":\"WebPage\",\"@id\":\"https:\/\/jfrog.com\/de\/8-reasons-for-devops-to-use-a-binary-repository-manager\/\",\"url\":\"https:\/\/jfrog.com\/de\/8-reasons-for-devops-to-use-a-binary-repository-manager\/\",\"name\":\"8 Gr\u00fcnde f\u00fcr DevOps zur Verwendung eines Bin\u00e4r-Repository-Managers | JFrog\",\"isPartOf\":{\"@id\":\"https:\/\/jfrog.com\/de\/#website\"},\"datePublished\":\"2022-01-20T13:39:55+00:00\",\"dateModified\":\"2023-05-19T05:08:49+00:00\",\"description\":\"In diesem Whitepaper erfahren Sie, wo Entwicklung und Softwarebereitstellung zusammentreffen, indem wir 8 wesentliche Praktiken dieses auf Bin\u00e4rdateien ausgerichteten Ansatzes f\u00fcr DevOps vorstellen. Sie erfahren, wie Sie Reibungsverluste reduzieren, Sicherheit in die wichtigsten Phasen des Lebenszyklus integrieren und die Softwarebereitstellung beschleunigen k\u00f6nnen.\",\"breadcrumb\":{\"@id\":\"https:\/\/jfrog.com\/de\/8-reasons-for-devops-to-use-a-binary-repository-manager\/#breadcrumb\"},\"inLanguage\":\"de-DE\",\"potentialAction\":[{\"@type\":\"ReadAction\",\"target\":[\"https:\/\/jfrog.com\/de\/8-reasons-for-devops-to-use-a-binary-repository-manager\/\"]}]},{\"@type\":\"BreadcrumbList\",\"@id\":\"https:\/\/jfrog.com\/de\/8-reasons-for-devops-to-use-a-binary-repository-manager\/#breadcrumb\",\"itemListElement\":[{\"@type\":\"ListItem\",\"position\":1,\"name\":\"Home\",\"item\":\"https:\/\/jfrog.com\/de\/\"},{\"@type\":\"ListItem\",\"position\":2,\"name\":\"Assets &#8211; de\",\"item\":\"https:\/\/jfrog.com\/de\/assets\/\"},{\"@type\":\"ListItem\",\"position\":3,\"name\":\"8 Gr\u00fcnde f\u00fcr DevOps zur Verwendung eines Bin\u00e4r-Repository-Managers\"}]},{\"@type\":\"WebSite\",\"@id\":\"https:\/\/jfrog.com\/de\/#website\",\"url\":\"https:\/\/jfrog.com\/de\/\",\"name\":\"JFrog\",\"description\":\"Deliver Trusted Software Releases at Speed and Scale\",\"publisher\":{\"@id\":\"https:\/\/jfrog.com\/de\/#organization\"},\"potentialAction\":[{\"@type\":\"SearchAction\",\"target\":{\"@type\":\"EntryPoint\",\"urlTemplate\":\"https:\/\/jfrog.com\/de\/?s={search_term_string}\"},\"query-input\":\"required name=search_term_string\"}],\"inLanguage\":\"de-DE\"},{\"@type\":\"Organization\",\"@id\":\"https:\/\/jfrog.com\/de\/#organization\",\"name\":\"JFrog\",\"url\":\"https:\/\/jfrog.com\/de\/\",\"logo\":{\"@type\":\"ImageObject\",\"inLanguage\":\"de-DE\",\"@id\":\"https:\/\/jfrog.com\/de\/#\/schema\/logo\/image\/\",\"url\":\"https:\/\/speedmedia2.jfrog.com\/08612fe1-9391-4cf3-ac1a-6dd49c36b276\/media.jfrog.com\/wp-content\/uploads\/2025\/05\/27095207\/Logo.svg\",\"contentUrl\":\"https:\/\/speedmedia2.jfrog.com\/08612fe1-9391-4cf3-ac1a-6dd49c36b276\/media.jfrog.com\/wp-content\/uploads\/2025\/05\/27095207\/Logo.svg\",\"width\":74,\"height\":73,\"caption\":\"JFrog\"},\"image\":{\"@id\":\"https:\/\/jfrog.com\/de\/#\/schema\/logo\/image\/\"},\"sameAs\":[\"https:\/\/www.facebook.com\/artifrog\",\"https:\/\/x.com\/jfrog\",\"https:\/\/www.linkedin.com\/company\/455737\",\"https:\/\/www.youtube.com\/channel\/UCh2hNg76zo3d1qQqTWIQxDg\",\"https:\/\/www.wikidata.org\/wiki\/Q98608948\"],\"description\":\"We set out on our Liquid Software journey in 2008, with the mission to transform the way enterprises manage and release software updates. The world expects software to update continuously, securely, non-intrusively and without user intervention. This hyper-connected experience can only be enabled by automation with an end-to-end DevOps platform and a binary-centric focus. With this in mind, we\u2019ve developed the JFrog Platform, ushering in a new era of DevOps and DevSecOps standards that power continuous updates. More than a decade after our founding, with thousands of customers and millions of users globally, JFrog has become the \u201cDatabase of DevOps\u201d and the de-facto standard in release and update management.\",\"legalName\":\"Jfrog, Inc.\",\"numberOfEmployees\":{\"@type\":\"QuantitativeValue\",\"minValue\":\"1001\",\"maxValue\":\"5000\"}}]}<\/script>\n<!-- \/ Yoast SEO Premium plugin. -->","yoast_head_json":{"title":"8 Gr\u00fcnde f\u00fcr DevOps zur Verwendung eines Bin\u00e4r-Repository-Managers | JFrog","description":"In diesem Whitepaper erfahren Sie, wo Entwicklung und Softwarebereitstellung zusammentreffen, indem wir 8 wesentliche Praktiken dieses auf Bin\u00e4rdateien ausgerichteten Ansatzes f\u00fcr DevOps vorstellen. Sie erfahren, wie Sie Reibungsverluste reduzieren, Sicherheit in die wichtigsten Phasen des Lebenszyklus integrieren und die Softwarebereitstellung beschleunigen k\u00f6nnen.","robots":{"index":"index","follow":"follow","max-snippet":"max-snippet:-1","max-image-preview":"max-image-preview:large","max-video-preview":"max-video-preview:-1"},"canonical":"https:\/\/jfrog.com\/de\/wp-json\/wp\/v2\/pages\/88562","og_locale":"de_DE","og_type":"article","og_title":"[Whitepaper]: 8 Gr\u00fcnde f\u00fcr DevOps zur Verwendung eines Bin\u00e4r-Repository-Managers","og_description":"In diesem Whitepaper erfahren Sie, wo Entwicklung und Softwarebereitstellung zusammentreffen, indem wir 8 wesentliche Praktiken dieses auf Bin\u00e4rdateien ausgerichteten Ansatzes f\u00fcr DevOps vorstellen. Sie erfahren, wie Sie Reibungsverluste reduzieren, Sicherheit in die wichtigsten Phasen des Lebenszyklus integrieren und die Softwarebereitstellung beschleunigen k\u00f6nnen.","og_url":"https:\/\/jfrog.com\/de\/8-reasons-for-devops-to-use-a-binary-repository-manager\/","og_site_name":"JFrog","article_publisher":"https:\/\/www.facebook.com\/artifrog","article_modified_time":"2023-05-19T05:08:49+00:00","og_image":[{"url":"https:\/\/media.jfrog.com\/wp-content\/uploads\/2017\/11\/27231426\/8-Reasons-for-DevOps-to-use-a-Binary-Repository-Manager.png"}],"twitter_card":"summary_large_image","twitter_title":"[Whitepaper]: 8 Gr\u00fcnde f\u00fcr DevOps zur Verwendung eines Bin\u00e4r-Repository-Managers","twitter_description":"In diesem Whitepaper erfahren Sie, wo Entwicklung und Softwarebereitstellung zusammentreffen, indem wir 8 wesentliche Praktiken dieses auf Bin\u00e4rdateien ausgerichteten Ansatzes f\u00fcr DevOps vorstellen. Sie erfahren, wie Sie Reibungsverluste reduzieren, Sicherheit in die wichtigsten Phasen des Lebenszyklus integrieren und die Softwarebereitstellung beschleunigen k\u00f6nnen.","twitter_image":"https:\/\/media.jfrog.com\/wp-content\/uploads\/2017\/11\/27224222\/8-Reasons-LifeCycle.png","twitter_site":"@jfrog","schema":{"@context":"https:\/\/schema.org","@graph":[{"@type":"WebPage","@id":"https:\/\/jfrog.com\/de\/8-reasons-for-devops-to-use-a-binary-repository-manager\/","url":"https:\/\/jfrog.com\/de\/8-reasons-for-devops-to-use-a-binary-repository-manager\/","name":"8 Gr\u00fcnde f\u00fcr DevOps zur Verwendung eines Bin\u00e4r-Repository-Managers | JFrog","isPartOf":{"@id":"https:\/\/jfrog.com\/de\/#website"},"datePublished":"2022-01-20T13:39:55+00:00","dateModified":"2023-05-19T05:08:49+00:00","description":"In diesem Whitepaper erfahren Sie, wo Entwicklung und Softwarebereitstellung zusammentreffen, indem wir 8 wesentliche Praktiken dieses auf Bin\u00e4rdateien ausgerichteten Ansatzes f\u00fcr DevOps vorstellen. Sie erfahren, wie Sie Reibungsverluste reduzieren, Sicherheit in die wichtigsten Phasen des Lebenszyklus integrieren und die Softwarebereitstellung beschleunigen k\u00f6nnen.","breadcrumb":{"@id":"https:\/\/jfrog.com\/de\/8-reasons-for-devops-to-use-a-binary-repository-manager\/#breadcrumb"},"inLanguage":"de-DE","potentialAction":[{"@type":"ReadAction","target":["https:\/\/jfrog.com\/de\/8-reasons-for-devops-to-use-a-binary-repository-manager\/"]}]},{"@type":"BreadcrumbList","@id":"https:\/\/jfrog.com\/de\/8-reasons-for-devops-to-use-a-binary-repository-manager\/#breadcrumb","itemListElement":[{"@type":"ListItem","position":1,"name":"Home","item":"https:\/\/jfrog.com\/de\/"},{"@type":"ListItem","position":2,"name":"Assets &#8211; de","item":"https:\/\/jfrog.com\/de\/assets\/"},{"@type":"ListItem","position":3,"name":"8 Gr\u00fcnde f\u00fcr DevOps zur Verwendung eines Bin\u00e4r-Repository-Managers"}]},{"@type":"WebSite","@id":"https:\/\/jfrog.com\/de\/#website","url":"https:\/\/jfrog.com\/de\/","name":"JFrog","description":"Deliver Trusted Software Releases at Speed and Scale","publisher":{"@id":"https:\/\/jfrog.com\/de\/#organization"},"potentialAction":[{"@type":"SearchAction","target":{"@type":"EntryPoint","urlTemplate":"https:\/\/jfrog.com\/de\/?s={search_term_string}"},"query-input":"required name=search_term_string"}],"inLanguage":"de-DE"},{"@type":"Organization","@id":"https:\/\/jfrog.com\/de\/#organization","name":"JFrog","url":"https:\/\/jfrog.com\/de\/","logo":{"@type":"ImageObject","inLanguage":"de-DE","@id":"https:\/\/jfrog.com\/de\/#\/schema\/logo\/image\/","url":"https:\/\/speedmedia2.jfrog.com\/08612fe1-9391-4cf3-ac1a-6dd49c36b276\/media.jfrog.com\/wp-content\/uploads\/2025\/05\/27095207\/Logo.svg","contentUrl":"https:\/\/speedmedia2.jfrog.com\/08612fe1-9391-4cf3-ac1a-6dd49c36b276\/media.jfrog.com\/wp-content\/uploads\/2025\/05\/27095207\/Logo.svg","width":74,"height":73,"caption":"JFrog"},"image":{"@id":"https:\/\/jfrog.com\/de\/#\/schema\/logo\/image\/"},"sameAs":["https:\/\/www.facebook.com\/artifrog","https:\/\/x.com\/jfrog","https:\/\/www.linkedin.com\/company\/455737","https:\/\/www.youtube.com\/channel\/UCh2hNg76zo3d1qQqTWIQxDg","https:\/\/www.wikidata.org\/wiki\/Q98608948"],"description":"We set out on our Liquid Software journey in 2008, with the mission to transform the way enterprises manage and release software updates. The world expects software to update continuously, securely, non-intrusively and without user intervention. This hyper-connected experience can only be enabled by automation with an end-to-end DevOps platform and a binary-centric focus. With this in mind, we\u2019ve developed the JFrog Platform, ushering in a new era of DevOps and DevSecOps standards that power continuous updates. More than a decade after our founding, with thousands of customers and millions of users globally, JFrog has become the \u201cDatabase of DevOps\u201d and the de-facto standard in release and update management.","legalName":"Jfrog, Inc.","numberOfEmployees":{"@type":"QuantitativeValue","minValue":"1001","maxValue":"5000"}}]}},"_links":{"self":[{"href":"https:\/\/jfrog.com\/de\/wp-json\/wp\/v2\/pages\/88562","targetHints":{"allow":["GET"]}}],"collection":[{"href":"https:\/\/jfrog.com\/de\/wp-json\/wp\/v2\/pages"}],"about":[{"href":"https:\/\/jfrog.com\/de\/wp-json\/wp\/v2\/types\/page"}],"author":[{"embeddable":true,"href":"https:\/\/jfrog.com\/de\/wp-json\/wp\/v2\/users\/289"}],"replies":[{"embeddable":true,"href":"https:\/\/jfrog.com\/de\/wp-json\/wp\/v2\/comments?post=88562"}],"version-history":[{"count":3,"href":"https:\/\/jfrog.com\/de\/wp-json\/wp\/v2\/pages\/88562\/revisions"}],"predecessor-version":[{"id":115607,"href":"https:\/\/jfrog.com\/de\/wp-json\/wp\/v2\/pages\/88562\/revisions\/115607"}],"wp:attachment":[{"href":"https:\/\/jfrog.com\/de\/wp-json\/wp\/v2\/media?parent=88562"}],"curies":[{"name":"wp","href":"https:\/\/api.w.org\/{rel}","templated":true}]}}