{"id":81026,"date":"2021-09-12T11:05:14","date_gmt":"2021-09-12T09:05:14","guid":{"rendered":"https:\/\/jfrog.com\/?page_id=81026"},"modified":"2023-04-12T01:27:35","modified_gmt":"2023-04-11T23:27:35","slug":"cloud-native-aws","status":"publish","type":"page","link":"https:\/\/jfrog.com\/de\/artifactory\/cloud-native-aws\/","title":{"rendered":"Artifactory Cloud AWS &#8211; de"},"content":{"rendered":"<h2 style=\"text-align: center;margin-top: -20px\">Software <span class=\"green\">schneller ver\u00f6ffentlichen<\/span><\/h2>\n<div style=\"text-align: center;max-width: 790px;margin: 0 auto;padding-top: 15px\">Die auf AWS gehostete JFrog <a href=\"https:\/\/jfrog.com\/de\/artifactory\/cloud-automation\/\">Artifactory Cloud<\/a> gibt Entwicklern und DevOps-Ingenieuren die vollst\u00e4ndige Kontrolle, \u00dcbersicht und Verwaltung von bin\u00e4ren Artefakten w\u00e4hrend des gesamten Software-Entwicklungslebenszyklus. Artifactory Cloud auf AWS sorgt f\u00fcr Transparenz und Kontrolle \u00fcber den gesamten Build- und Release-Prozess und erm\u00f6glicht so, dass das Potenzial der der Cloud-basierten Entwicklung uneingeschr\u00e4nkt genutzt werden kann.<\/div>\n<div class=\"row justify-content-center\" style=\"margin-top: 60px\">\n<div class=\"col-md-6 col-lg-3\" style=\"text-align: center\">\n<p><img decoding=\"async\" class=\"alignnone wp-image-55406\" style=\"margin-bottom: -20px\" src=\"https:\/\/media.jfrog.com\/wp-content\/uploads\/2020\/03\/20125658\/Radically-Universal.png\" alt=\"Universal tools\" width=\"200\" height=\"200\" srcset=\"https:\/\/speedmedia2.jfrog.com\/08612fe1-9391-4cf3-ac1a-6dd49c36b276\/media.jfrog.com\/wp-content\/uploads\/2020\/03\/20125658\/Radically-Universal.png?speedsize=w_300 300w, https:\/\/speedmedia2.jfrog.com\/08612fe1-9391-4cf3-ac1a-6dd49c36b276\/media.jfrog.com\/wp-content\/uploads\/2020\/03\/20125658\/Radically-Universal.png?speedsize=w_150,h_150 150w\" sizes=\"(max-width: 200px) 100vw, 200px\" \/><\/p>\n<h3 style=\"text-align: center;font-family: 'Exo', 'Helvetica Neue Light', 'Helvetica Neue', 'Helvetica', 'Arial', sans-serif;font-size: 1.25rem;margin-bottom: 0;font-weight: bold;letter-spacing: -0.4px\">Radikal universell<\/h3>\n<p><span style=\"font-weight: 400\">Unterst\u00fctzt vollst\u00e4ndig alle wichtigen<br \/>\nEntwicklungstechnologien, Build-<br \/>\nTools und CI-Server<\/span><\/p>\n<\/div>\n<div class=\"col-md-6 col-lg-3\">\n<p><img decoding=\"async\" class=\"aligncenter wp-image-55409\" style=\"margin-bottom: -20px\" src=\"https:\/\/media.jfrog.com\/wp-content\/uploads\/2020\/03\/20125657\/Empowers-Automation.png\" alt=\"Software Automation\" width=\"200\" height=\"200\" srcset=\"https:\/\/speedmedia2.jfrog.com\/08612fe1-9391-4cf3-ac1a-6dd49c36b276\/media.jfrog.com\/wp-content\/uploads\/2020\/03\/20125657\/Empowers-Automation.png?speedsize=w_160 160w, https:\/\/speedmedia2.jfrog.com\/08612fe1-9391-4cf3-ac1a-6dd49c36b276\/media.jfrog.com\/wp-content\/uploads\/2020\/03\/20125657\/Empowers-Automation.png?speedsize=w_150,h_150 150w\" sizes=\"(max-width: 200px) 100vw, 200px\" \/><\/p>\n<h3 style=\"text-align: center;font-family: 'Exo', 'Helvetica Neue Light', 'Helvetica Neue', 'Helvetica', 'Arial', sans-serif;font-size: 1.25rem;font-weight: bold;letter-spacing: -0.4px;margin-bottom: 0\">Macht Automatisierung m\u00f6glich<\/h3>\n<div style=\"text-align: center\"><span style=\"font-weight: 400\">Erm\u00f6glicht die vollst\u00e4ndige Automatisierung Ihrer<br \/>\nSoftwarebereitstellungs-Pipeline mit einer<br \/>\nleistungsstarken REST-API<\/span><\/div>\n<\/div>\n<div class=\"col-md-6 col-lg-3\">\n<p><img decoding=\"async\" class=\"aligncenter wp-image-55410\" style=\"margin-bottom: -20px\" src=\"https:\/\/media.jfrog.com\/wp-content\/uploads\/2020\/03\/20125657\/Cloud-Native.png\" alt=\"Cloud Native\" width=\"200\" height=\"200\" srcset=\"https:\/\/speedmedia2.jfrog.com\/08612fe1-9391-4cf3-ac1a-6dd49c36b276\/media.jfrog.com\/wp-content\/uploads\/2020\/03\/20125657\/Cloud-Native.png?speedsize=w_160 160w, https:\/\/speedmedia2.jfrog.com\/08612fe1-9391-4cf3-ac1a-6dd49c36b276\/media.jfrog.com\/wp-content\/uploads\/2020\/03\/20125657\/Cloud-Native.png?speedsize=w_150,h_150 150w\" sizes=\"(max-width: 200px) 100vw, 200px\" \/><\/p>\n<h3 style=\"text-align: center;font-family: 'Exo', 'Helvetica Neue Light', 'Helvetica Neue', 'Helvetica', 'Arial', sans-serif;font-size: 1.25rem;margin-bottom: 0;font-weight: bold;letter-spacing: -0.4px\">Cloud-basiert<\/h3>\n<div style=\"text-align: center\">Lagern Sie das Repository-Management aus unter Verwendung der Artifactory Cloud mit Ihren anderen Diensten auf AWS<\/div>\n<div><\/div>\n<\/div>\n<\/div>\n<div class=\"row justify-content-center\">\n<div class=\"col-md-6 col-lg-3\">\n<p><img decoding=\"async\" class=\"aligncenter wp-image-55411\" style=\"margin-bottom: -20px\" src=\"https:\/\/media.jfrog.com\/wp-content\/uploads\/2020\/03\/20125657\/Unlimited-Repository-11.png\" alt=\"Cloud Container Registry\" width=\"200\" height=\"200\" srcset=\"https:\/\/speedmedia2.jfrog.com\/08612fe1-9391-4cf3-ac1a-6dd49c36b276\/media.jfrog.com\/wp-content\/uploads\/2020\/03\/20125657\/Unlimited-Repository-11.png?speedsize=w_160 160w, https:\/\/speedmedia2.jfrog.com\/08612fe1-9391-4cf3-ac1a-6dd49c36b276\/media.jfrog.com\/wp-content\/uploads\/2020\/03\/20125657\/Unlimited-Repository-11.png?speedsize=w_150,h_150 150w\" sizes=\"(max-width: 200px) 100vw, 200px\" \/><\/p>\n<h3 style=\"text-align: center;font-family: 'Exo', 'Helvetica Neue Light', 'Helvetica Neue', 'Helvetica', 'Arial', sans-serif;margin-bottom: 0;font-size: 1.25rem;font-weight: bold;letter-spacing: -0.4px\">Cloud-Container-Registry<\/h3>\n<div style=\"text-align: center\">Als Ihre <a href=\"https:\/\/jfrog.com\/de\/integration\/kubernetes-docker-registry\/\">Kubernetes-Docker-Registry<\/a> versorgt Artifactory Cloud Ihren K8s-Cluster mit Charts und Images, die zur Orchestrierung Ihrer AWS-Docker-Anwendung ben\u00f6tigt werden<\/div>\n<div><\/div>\n<\/div>\n<div class=\"col-md-6 col-lg-3\">\n<p><img decoding=\"async\" class=\"aligncenter wp-image-55438 size-full\" style=\"margin-bottom: -20px\" src=\"https:\/\/media.jfrog.com\/wp-content\/uploads\/2020\/03\/20125656\/Folder-icon.png\" alt=\"Repository storage\" width=\"200\" height=\"200\" \/><\/p>\n<h3 style=\"text-align: center;font-family: 'Exo', 'Helvetica Neue Light', 'Helvetica Neue', 'Helvetica', 'Arial', sans-serif;margin-bottom: 0;font-size: 1.25rem;font-weight: bold;letter-spacing: -0.4px\">Unbegrenztes Repository<\/h3>\n<div style=\"text-align: center\">Wenn Ihre Teams wachsen, wachsen auch Ihre Repositories mit \u2013 mit dem massiv skalierbaren Speicher auf Amazon S3<\/div>\n<\/div>\n<\/div>\n","protected":false},"excerpt":{"rendered":"<p>Software schneller ver\u00f6ffentlichen Die auf AWS gehostete JFrog Artifactory Cloud gibt Entwicklern und DevOps-Ingenieuren die vollst\u00e4ndige Kontrolle, \u00dcbersicht und Verwaltung von bin\u00e4ren Artefakten w\u00e4hrend des gesamten Software-Entwicklungslebenszyklus. Artifactory Cloud auf AWS sorgt f\u00fcr Transparenz und Kontrolle \u00fcber den gesamten Build- und Release-Prozess und erm\u00f6glicht so, dass das Potenzial der der Cloud-basierten Entwicklung uneingeschr\u00e4nkt genutzt werden &hellip;<\/p>\n","protected":false},"author":96,"featured_media":0,"parent":148315,"menu_order":1308,"comment_status":"closed","ping_status":"closed","template":"templates\/blank-page.php","meta":{"inline_featured_image":false,"footnotes":""},"class_list":["post-81026","page","type-page","status-publish","hentry"],"yoast_head":"<!-- This site is optimized with the Yoast SEO Premium plugin v22.6 (Yoast SEO v22.6) - https:\/\/yoast.com\/wordpress\/plugins\/seo\/ -->\n<title>Cloud-basierte DevOps auf Amazon Web Services | JFrog Artifactory<\/title>\n<meta name=\"description\" content=\"JFrog Artifactory ist Ihre Cloud-basierte L\u00f6sung auf AWS f\u00fcr eine vollautomatische Software-Release-Pipeline\" \/>\n<meta name=\"robots\" content=\"index, follow, max-snippet:-1, max-image-preview:large, max-video-preview:-1\" \/>\n<link rel=\"canonical\" href=\"https:\/\/jfrog.com\/de\/wp-json\/wp\/v2\/pages\/81026\" \/>\n<meta property=\"og:locale\" content=\"de_DE\" \/>\n<meta property=\"og:type\" content=\"article\" \/>\n<meta property=\"og:title\" content=\"Artifactory Cloud AWS - de\" \/>\n<meta property=\"og:description\" content=\"JFrog Artifactory ist Ihre Cloud-basierte L\u00f6sung auf AWS f\u00fcr eine vollautomatische Software-Release-Pipeline\" \/>\n<meta property=\"og:url\" content=\"https:\/\/jfrog.com\/de\/artifactory\/cloud-native-aws\/\" \/>\n<meta property=\"og:site_name\" content=\"JFrog\" \/>\n<meta property=\"article:publisher\" content=\"https:\/\/www.facebook.com\/artifrog\" \/>\n<meta property=\"article:modified_time\" content=\"2023-04-11T23:27:35+00:00\" \/>\n<meta property=\"og:image\" content=\"https:\/\/jfrog.com\/wp-content\/uploads\/2020\/03\/Radically-Universal.png\" \/>\n<meta name=\"twitter:card\" content=\"summary_large_image\" \/>\n<meta name=\"twitter:site\" content=\"@jfrog\" \/>\n<meta name=\"twitter:label1\" content=\"Est. reading time\" \/>\n\t<meta name=\"twitter:data1\" content=\"1 minute\" \/>\n<script type=\"application\/ld+json\" class=\"yoast-schema-graph\">{\"@context\":\"https:\/\/schema.org\",\"@graph\":[{\"@type\":\"WebPage\",\"@id\":\"https:\/\/jfrog.com\/de\/artifactory\/cloud-native-aws\/\",\"url\":\"https:\/\/jfrog.com\/de\/artifactory\/cloud-native-aws\/\",\"name\":\"Cloud-basierte DevOps auf Amazon Web Services | JFrog Artifactory\",\"isPartOf\":{\"@id\":\"https:\/\/jfrog.com\/de\/#website\"},\"primaryImageOfPage\":{\"@id\":\"https:\/\/jfrog.com\/de\/artifactory\/cloud-native-aws\/#primaryimage\"},\"image\":{\"@id\":\"https:\/\/jfrog.com\/de\/artifactory\/cloud-native-aws\/#primaryimage\"},\"thumbnailUrl\":\"https:\/\/jfrog.com\/wp-content\/uploads\/2020\/03\/Radically-Universal.png\",\"datePublished\":\"2021-09-12T09:05:14+00:00\",\"dateModified\":\"2023-04-11T23:27:35+00:00\",\"description\":\"JFrog Artifactory ist Ihre Cloud-basierte L\u00f6sung auf AWS f\u00fcr eine vollautomatische Software-Release-Pipeline\",\"breadcrumb\":{\"@id\":\"https:\/\/jfrog.com\/de\/artifactory\/cloud-native-aws\/#breadcrumb\"},\"inLanguage\":\"de-DE\",\"potentialAction\":[{\"@type\":\"ReadAction\",\"target\":[\"https:\/\/jfrog.com\/de\/artifactory\/cloud-native-aws\/\"]}]},{\"@type\":\"ImageObject\",\"inLanguage\":\"de-DE\",\"@id\":\"https:\/\/jfrog.com\/de\/artifactory\/cloud-native-aws\/#primaryimage\",\"url\":\"https:\/\/jfrog.com\/wp-content\/uploads\/2020\/03\/Radically-Universal.png\",\"contentUrl\":\"https:\/\/jfrog.com\/wp-content\/uploads\/2020\/03\/Radically-Universal.png\"},{\"@type\":\"BreadcrumbList\",\"@id\":\"https:\/\/jfrog.com\/de\/artifactory\/cloud-native-aws\/#breadcrumb\",\"itemListElement\":[{\"@type\":\"ListItem\",\"position\":1,\"name\":\"Home\",\"item\":\"https:\/\/jfrog.com\/de\/\"},{\"@type\":\"ListItem\",\"position\":2,\"name\":\"Artifactory &#8211; Hauptbereich\",\"item\":\"https:\/\/jfrog.com\/de\/artifactory\/\"},{\"@type\":\"ListItem\",\"position\":3,\"name\":\"Artifactory Cloud AWS &#8211; de\"}]},{\"@type\":\"WebSite\",\"@id\":\"https:\/\/jfrog.com\/de\/#website\",\"url\":\"https:\/\/jfrog.com\/de\/\",\"name\":\"JFrog\",\"description\":\"Deliver Trusted Software Releases at Speed and Scale\",\"publisher\":{\"@id\":\"https:\/\/jfrog.com\/de\/#organization\"},\"potentialAction\":[{\"@type\":\"SearchAction\",\"target\":{\"@type\":\"EntryPoint\",\"urlTemplate\":\"https:\/\/jfrog.com\/de\/?s={search_term_string}\"},\"query-input\":\"required name=search_term_string\"}],\"inLanguage\":\"de-DE\"},{\"@type\":\"Organization\",\"@id\":\"https:\/\/jfrog.com\/de\/#organization\",\"name\":\"JFrog\",\"url\":\"https:\/\/jfrog.com\/de\/\",\"logo\":{\"@type\":\"ImageObject\",\"inLanguage\":\"de-DE\",\"@id\":\"https:\/\/jfrog.com\/de\/#\/schema\/logo\/image\/\",\"url\":\"https:\/\/speedmedia2.jfrog.com\/08612fe1-9391-4cf3-ac1a-6dd49c36b276\/media.jfrog.com\/wp-content\/uploads\/2025\/05\/27095207\/Logo.svg\",\"contentUrl\":\"https:\/\/speedmedia2.jfrog.com\/08612fe1-9391-4cf3-ac1a-6dd49c36b276\/media.jfrog.com\/wp-content\/uploads\/2025\/05\/27095207\/Logo.svg\",\"width\":74,\"height\":73,\"caption\":\"JFrog\"},\"image\":{\"@id\":\"https:\/\/jfrog.com\/de\/#\/schema\/logo\/image\/\"},\"sameAs\":[\"https:\/\/www.facebook.com\/artifrog\",\"https:\/\/x.com\/jfrog\",\"https:\/\/www.linkedin.com\/company\/455737\",\"https:\/\/www.youtube.com\/channel\/UCh2hNg76zo3d1qQqTWIQxDg\",\"https:\/\/www.wikidata.org\/wiki\/Q98608948\"],\"description\":\"We set out on our Liquid Software journey in 2008, with the mission to transform the way enterprises manage and release software updates. The world expects software to update continuously, securely, non-intrusively and without user intervention. This hyper-connected experience can only be enabled by automation with an end-to-end DevOps platform and a binary-centric focus. With this in mind, we\u2019ve developed the JFrog Platform, ushering in a new era of DevOps and DevSecOps standards that power continuous updates. More than a decade after our founding, with thousands of customers and millions of users globally, JFrog has become the \u201cDatabase of DevOps\u201d and the de-facto standard in release and update management.\",\"legalName\":\"Jfrog, Inc.\",\"numberOfEmployees\":{\"@type\":\"QuantitativeValue\",\"minValue\":\"1001\",\"maxValue\":\"5000\"}}]}<\/script>\n<!-- \/ Yoast SEO Premium plugin. -->","yoast_head_json":{"title":"Cloud-basierte DevOps auf Amazon Web Services | JFrog Artifactory","description":"JFrog Artifactory ist Ihre Cloud-basierte L\u00f6sung auf AWS f\u00fcr eine vollautomatische Software-Release-Pipeline","robots":{"index":"index","follow":"follow","max-snippet":"max-snippet:-1","max-image-preview":"max-image-preview:large","max-video-preview":"max-video-preview:-1"},"canonical":"https:\/\/jfrog.com\/de\/wp-json\/wp\/v2\/pages\/81026","og_locale":"de_DE","og_type":"article","og_title":"Artifactory Cloud AWS - de","og_description":"JFrog Artifactory ist Ihre Cloud-basierte L\u00f6sung auf AWS f\u00fcr eine vollautomatische Software-Release-Pipeline","og_url":"https:\/\/jfrog.com\/de\/artifactory\/cloud-native-aws\/","og_site_name":"JFrog","article_publisher":"https:\/\/www.facebook.com\/artifrog","article_modified_time":"2023-04-11T23:27:35+00:00","og_image":[{"url":"https:\/\/jfrog.com\/wp-content\/uploads\/2020\/03\/Radically-Universal.png"}],"twitter_card":"summary_large_image","twitter_site":"@jfrog","twitter_misc":{"Est. reading time":"1 minute"},"schema":{"@context":"https:\/\/schema.org","@graph":[{"@type":"WebPage","@id":"https:\/\/jfrog.com\/de\/artifactory\/cloud-native-aws\/","url":"https:\/\/jfrog.com\/de\/artifactory\/cloud-native-aws\/","name":"Cloud-basierte DevOps auf Amazon Web Services | JFrog Artifactory","isPartOf":{"@id":"https:\/\/jfrog.com\/de\/#website"},"primaryImageOfPage":{"@id":"https:\/\/jfrog.com\/de\/artifactory\/cloud-native-aws\/#primaryimage"},"image":{"@id":"https:\/\/jfrog.com\/de\/artifactory\/cloud-native-aws\/#primaryimage"},"thumbnailUrl":"https:\/\/jfrog.com\/wp-content\/uploads\/2020\/03\/Radically-Universal.png","datePublished":"2021-09-12T09:05:14+00:00","dateModified":"2023-04-11T23:27:35+00:00","description":"JFrog Artifactory ist Ihre Cloud-basierte L\u00f6sung auf AWS f\u00fcr eine vollautomatische Software-Release-Pipeline","breadcrumb":{"@id":"https:\/\/jfrog.com\/de\/artifactory\/cloud-native-aws\/#breadcrumb"},"inLanguage":"de-DE","potentialAction":[{"@type":"ReadAction","target":["https:\/\/jfrog.com\/de\/artifactory\/cloud-native-aws\/"]}]},{"@type":"ImageObject","inLanguage":"de-DE","@id":"https:\/\/jfrog.com\/de\/artifactory\/cloud-native-aws\/#primaryimage","url":"https:\/\/jfrog.com\/wp-content\/uploads\/2020\/03\/Radically-Universal.png","contentUrl":"https:\/\/jfrog.com\/wp-content\/uploads\/2020\/03\/Radically-Universal.png"},{"@type":"BreadcrumbList","@id":"https:\/\/jfrog.com\/de\/artifactory\/cloud-native-aws\/#breadcrumb","itemListElement":[{"@type":"ListItem","position":1,"name":"Home","item":"https:\/\/jfrog.com\/de\/"},{"@type":"ListItem","position":2,"name":"Artifactory &#8211; Hauptbereich","item":"https:\/\/jfrog.com\/de\/artifactory\/"},{"@type":"ListItem","position":3,"name":"Artifactory Cloud AWS &#8211; de"}]},{"@type":"WebSite","@id":"https:\/\/jfrog.com\/de\/#website","url":"https:\/\/jfrog.com\/de\/","name":"JFrog","description":"Deliver Trusted Software Releases at Speed and Scale","publisher":{"@id":"https:\/\/jfrog.com\/de\/#organization"},"potentialAction":[{"@type":"SearchAction","target":{"@type":"EntryPoint","urlTemplate":"https:\/\/jfrog.com\/de\/?s={search_term_string}"},"query-input":"required name=search_term_string"}],"inLanguage":"de-DE"},{"@type":"Organization","@id":"https:\/\/jfrog.com\/de\/#organization","name":"JFrog","url":"https:\/\/jfrog.com\/de\/","logo":{"@type":"ImageObject","inLanguage":"de-DE","@id":"https:\/\/jfrog.com\/de\/#\/schema\/logo\/image\/","url":"https:\/\/speedmedia2.jfrog.com\/08612fe1-9391-4cf3-ac1a-6dd49c36b276\/media.jfrog.com\/wp-content\/uploads\/2025\/05\/27095207\/Logo.svg","contentUrl":"https:\/\/speedmedia2.jfrog.com\/08612fe1-9391-4cf3-ac1a-6dd49c36b276\/media.jfrog.com\/wp-content\/uploads\/2025\/05\/27095207\/Logo.svg","width":74,"height":73,"caption":"JFrog"},"image":{"@id":"https:\/\/jfrog.com\/de\/#\/schema\/logo\/image\/"},"sameAs":["https:\/\/www.facebook.com\/artifrog","https:\/\/x.com\/jfrog","https:\/\/www.linkedin.com\/company\/455737","https:\/\/www.youtube.com\/channel\/UCh2hNg76zo3d1qQqTWIQxDg","https:\/\/www.wikidata.org\/wiki\/Q98608948"],"description":"We set out on our Liquid Software journey in 2008, with the mission to transform the way enterprises manage and release software updates. The world expects software to update continuously, securely, non-intrusively and without user intervention. This hyper-connected experience can only be enabled by automation with an end-to-end DevOps platform and a binary-centric focus. With this in mind, we\u2019ve developed the JFrog Platform, ushering in a new era of DevOps and DevSecOps standards that power continuous updates. More than a decade after our founding, with thousands of customers and millions of users globally, JFrog has become the \u201cDatabase of DevOps\u201d and the de-facto standard in release and update management.","legalName":"Jfrog, Inc.","numberOfEmployees":{"@type":"QuantitativeValue","minValue":"1001","maxValue":"5000"}}]}},"_links":{"self":[{"href":"https:\/\/jfrog.com\/de\/wp-json\/wp\/v2\/pages\/81026","targetHints":{"allow":["GET"]}}],"collection":[{"href":"https:\/\/jfrog.com\/de\/wp-json\/wp\/v2\/pages"}],"about":[{"href":"https:\/\/jfrog.com\/de\/wp-json\/wp\/v2\/types\/page"}],"author":[{"embeddable":true,"href":"https:\/\/jfrog.com\/de\/wp-json\/wp\/v2\/users\/96"}],"replies":[{"embeddable":true,"href":"https:\/\/jfrog.com\/de\/wp-json\/wp\/v2\/comments?post=81026"}],"version-history":[{"count":5,"href":"https:\/\/jfrog.com\/de\/wp-json\/wp\/v2\/pages\/81026\/revisions"}],"predecessor-version":[{"id":113455,"href":"https:\/\/jfrog.com\/de\/wp-json\/wp\/v2\/pages\/81026\/revisions\/113455"}],"up":[{"embeddable":true,"href":"https:\/\/jfrog.com\/de\/wp-json\/wp\/v2\/pages\/148315"}],"wp:attachment":[{"href":"https:\/\/jfrog.com\/de\/wp-json\/wp\/v2\/media?parent=81026"}],"curies":[{"name":"wp","href":"https:\/\/api.w.org\/{rel}","templated":true}]}}