{"id":80968,"date":"2021-09-09T14:55:43","date_gmt":"2021-09-09T12:55:43","guid":{"rendered":"https:\/\/jfrog.com\/?page_id=80968"},"modified":"2025-04-07T11:27:43","modified_gmt":"2025-04-07T09:27:43","slug":"healthcare-services","status":"publish","type":"page","link":"https:\/\/jfrog.com\/de\/healthcare-services\/","title":{"rendered":"JFrog f\u00fcr den HealthCare-Bereich"},"content":{"rendered":"","protected":false},"excerpt":{"rendered":"","protected":false},"author":114,"featured_media":0,"parent":0,"menu_order":1056,"comment_status":"closed","ping_status":"closed","template":"templates\/solution-page.php","meta":{"inline_featured_image":false,"footnotes":""},"class_list":["post-80968","page","type-page","status-publish","hentry"],"yoast_head":"<!-- This site is optimized with the Yoast SEO Premium plugin v22.6 (Yoast SEO v22.6) - https:\/\/yoast.com\/wordpress\/plugins\/seo\/ -->\n<title>DevOps f\u00fcr die Healthcare-Branche mit der JFrog Plattform<\/title>\n<meta name=\"description\" content=\"Mit der JFrog Plattform lassen sich die Herausforderungen bei der Verwaltung von Bin\u00e4rdateien f\u00fcr die Softwareentwicklung im Healthcare-Bereich bew\u00e4ltigen. Sie liefert vertrauensw\u00fcrdige Software-Releases vom Code bis zur Produktion.\" \/>\n<meta name=\"robots\" content=\"index, follow, max-snippet:-1, max-image-preview:large, max-video-preview:-1\" \/>\n<link rel=\"canonical\" href=\"https:\/\/jfrog.com\/de\/wp-json\/wp\/v2\/pages\/80968\" \/>\n<meta property=\"og:locale\" content=\"de_DE\" \/>\n<meta property=\"og:type\" content=\"article\" \/>\n<meta property=\"og:title\" content=\"JFrog f\u00fcr den HealthCare-Bereich\" \/>\n<meta property=\"og:description\" content=\"Mit der JFrog Plattform lassen sich die Herausforderungen bei der Verwaltung von Bin\u00e4rdateien f\u00fcr die Softwareentwicklung im Healthcare-Bereich bew\u00e4ltigen. Sie liefert vertrauensw\u00fcrdige Software-Releases vom Code bis zur Produktion.\" \/>\n<meta property=\"og:url\" content=\"https:\/\/jfrog.com\/de\/healthcare-services\/\" \/>\n<meta property=\"og:site_name\" content=\"JFrog\" \/>\n<meta property=\"article:publisher\" content=\"https:\/\/www.facebook.com\/artifrog\" \/>\n<meta property=\"article:modified_time\" content=\"2025-04-07T09:27:43+00:00\" \/>\n<meta property=\"og:image\" content=\"https:\/\/speedmedia2.jfrog.com\/08612fe1-9391-4cf3-ac1a-6dd49c36b276\/media.jfrog.com\/wp-content\/uploads\/2018\/06\/20132021\/JFROG.png\" \/>\n\t<meta property=\"og:image:width\" content=\"1200\" \/>\n\t<meta property=\"og:image:height\" content=\"628\" \/>\n\t<meta property=\"og:image:type\" content=\"image\/png\" \/>\n<meta name=\"twitter:card\" content=\"summary_large_image\" \/>\n<meta name=\"twitter:site\" content=\"@jfrog\" \/>\n<script type=\"application\/ld+json\" class=\"yoast-schema-graph\">{\"@context\":\"https:\/\/schema.org\",\"@graph\":[{\"@type\":\"WebPage\",\"@id\":\"https:\/\/jfrog.com\/de\/healthcare-services\/\",\"url\":\"https:\/\/jfrog.com\/de\/healthcare-services\/\",\"name\":\"DevOps f\u00fcr die Healthcare-Branche mit der JFrog Plattform\",\"isPartOf\":{\"@id\":\"https:\/\/jfrog.com\/de\/#website\"},\"datePublished\":\"2021-09-09T12:55:43+00:00\",\"dateModified\":\"2025-04-07T09:27:43+00:00\",\"description\":\"Mit der JFrog Plattform lassen sich die Herausforderungen bei der Verwaltung von Bin\u00e4rdateien f\u00fcr die Softwareentwicklung im Healthcare-Bereich bew\u00e4ltigen. Sie liefert vertrauensw\u00fcrdige Software-Releases vom Code bis zur Produktion.\",\"breadcrumb\":{\"@id\":\"https:\/\/jfrog.com\/de\/healthcare-services\/#breadcrumb\"},\"inLanguage\":\"de-DE\",\"potentialAction\":[{\"@type\":\"ReadAction\",\"target\":[\"https:\/\/jfrog.com\/de\/healthcare-services\/\"]}]},{\"@type\":\"BreadcrumbList\",\"@id\":\"https:\/\/jfrog.com\/de\/healthcare-services\/#breadcrumb\",\"itemListElement\":[{\"@type\":\"ListItem\",\"position\":1,\"name\":\"Home\",\"item\":\"https:\/\/jfrog.com\/de\/\"},{\"@type\":\"ListItem\",\"position\":2,\"name\":\"JFrog f\u00fcr den HealthCare-Bereich\"}]},{\"@type\":\"WebSite\",\"@id\":\"https:\/\/jfrog.com\/de\/#website\",\"url\":\"https:\/\/jfrog.com\/de\/\",\"name\":\"JFrog\",\"description\":\"Deliver Trusted Software Releases at Speed and Scale\",\"publisher\":{\"@id\":\"https:\/\/jfrog.com\/de\/#organization\"},\"potentialAction\":[{\"@type\":\"SearchAction\",\"target\":{\"@type\":\"EntryPoint\",\"urlTemplate\":\"https:\/\/jfrog.com\/de\/?s={search_term_string}\"},\"query-input\":\"required name=search_term_string\"}],\"inLanguage\":\"de-DE\"},{\"@type\":\"Organization\",\"@id\":\"https:\/\/jfrog.com\/de\/#organization\",\"name\":\"JFrog\",\"url\":\"https:\/\/jfrog.com\/de\/\",\"logo\":{\"@type\":\"ImageObject\",\"inLanguage\":\"de-DE\",\"@id\":\"https:\/\/jfrog.com\/de\/#\/schema\/logo\/image\/\",\"url\":\"https:\/\/speedmedia2.jfrog.com\/08612fe1-9391-4cf3-ac1a-6dd49c36b276\/media.jfrog.com\/wp-content\/uploads\/2025\/05\/27095207\/Logo.svg\",\"contentUrl\":\"https:\/\/speedmedia2.jfrog.com\/08612fe1-9391-4cf3-ac1a-6dd49c36b276\/media.jfrog.com\/wp-content\/uploads\/2025\/05\/27095207\/Logo.svg\",\"width\":74,\"height\":73,\"caption\":\"JFrog\"},\"image\":{\"@id\":\"https:\/\/jfrog.com\/de\/#\/schema\/logo\/image\/\"},\"sameAs\":[\"https:\/\/www.facebook.com\/artifrog\",\"https:\/\/x.com\/jfrog\",\"https:\/\/www.linkedin.com\/company\/455737\",\"https:\/\/www.youtube.com\/channel\/UCh2hNg76zo3d1qQqTWIQxDg\",\"https:\/\/www.wikidata.org\/wiki\/Q98608948\"],\"description\":\"We set out on our Liquid Software journey in 2008, with the mission to transform the way enterprises manage and release software updates. The world expects software to update continuously, securely, non-intrusively and without user intervention. This hyper-connected experience can only be enabled by automation with an end-to-end DevOps platform and a binary-centric focus. With this in mind, we\u2019ve developed the JFrog Platform, ushering in a new era of DevOps and DevSecOps standards that power continuous updates. More than a decade after our founding, with thousands of customers and millions of users globally, JFrog has become the \u201cDatabase of DevOps\u201d and the de-facto standard in release and update management.\",\"legalName\":\"Jfrog, Inc.\",\"numberOfEmployees\":{\"@type\":\"QuantitativeValue\",\"minValue\":\"1001\",\"maxValue\":\"5000\"}}]}<\/script>\n<!-- \/ Yoast SEO Premium plugin. -->","yoast_head_json":{"title":"DevOps f\u00fcr die Healthcare-Branche mit der JFrog Plattform","description":"Mit der JFrog Plattform lassen sich die Herausforderungen bei der Verwaltung von Bin\u00e4rdateien f\u00fcr die Softwareentwicklung im Healthcare-Bereich bew\u00e4ltigen. Sie liefert vertrauensw\u00fcrdige Software-Releases vom Code bis zur Produktion.","robots":{"index":"index","follow":"follow","max-snippet":"max-snippet:-1","max-image-preview":"max-image-preview:large","max-video-preview":"max-video-preview:-1"},"canonical":"https:\/\/jfrog.com\/de\/wp-json\/wp\/v2\/pages\/80968","og_locale":"de_DE","og_type":"article","og_title":"JFrog f\u00fcr den HealthCare-Bereich","og_description":"Mit der JFrog Plattform lassen sich die Herausforderungen bei der Verwaltung von Bin\u00e4rdateien f\u00fcr die Softwareentwicklung im Healthcare-Bereich bew\u00e4ltigen. Sie liefert vertrauensw\u00fcrdige Software-Releases vom Code bis zur Produktion.","og_url":"https:\/\/jfrog.com\/de\/healthcare-services\/","og_site_name":"JFrog","article_publisher":"https:\/\/www.facebook.com\/artifrog","article_modified_time":"2025-04-07T09:27:43+00:00","og_image":[{"width":1200,"height":628,"url":"https:\/\/speedmedia2.jfrog.com\/08612fe1-9391-4cf3-ac1a-6dd49c36b276\/media.jfrog.com\/wp-content\/uploads\/2018\/06\/20132021\/JFROG.png","type":"image\/png"}],"twitter_card":"summary_large_image","twitter_site":"@jfrog","schema":{"@context":"https:\/\/schema.org","@graph":[{"@type":"WebPage","@id":"https:\/\/jfrog.com\/de\/healthcare-services\/","url":"https:\/\/jfrog.com\/de\/healthcare-services\/","name":"DevOps f\u00fcr die Healthcare-Branche mit der JFrog Plattform","isPartOf":{"@id":"https:\/\/jfrog.com\/de\/#website"},"datePublished":"2021-09-09T12:55:43+00:00","dateModified":"2025-04-07T09:27:43+00:00","description":"Mit der JFrog Plattform lassen sich die Herausforderungen bei der Verwaltung von Bin\u00e4rdateien f\u00fcr die Softwareentwicklung im Healthcare-Bereich bew\u00e4ltigen. Sie liefert vertrauensw\u00fcrdige Software-Releases vom Code bis zur Produktion.","breadcrumb":{"@id":"https:\/\/jfrog.com\/de\/healthcare-services\/#breadcrumb"},"inLanguage":"de-DE","potentialAction":[{"@type":"ReadAction","target":["https:\/\/jfrog.com\/de\/healthcare-services\/"]}]},{"@type":"BreadcrumbList","@id":"https:\/\/jfrog.com\/de\/healthcare-services\/#breadcrumb","itemListElement":[{"@type":"ListItem","position":1,"name":"Home","item":"https:\/\/jfrog.com\/de\/"},{"@type":"ListItem","position":2,"name":"JFrog f\u00fcr den HealthCare-Bereich"}]},{"@type":"WebSite","@id":"https:\/\/jfrog.com\/de\/#website","url":"https:\/\/jfrog.com\/de\/","name":"JFrog","description":"Deliver Trusted Software Releases at Speed and Scale","publisher":{"@id":"https:\/\/jfrog.com\/de\/#organization"},"potentialAction":[{"@type":"SearchAction","target":{"@type":"EntryPoint","urlTemplate":"https:\/\/jfrog.com\/de\/?s={search_term_string}"},"query-input":"required name=search_term_string"}],"inLanguage":"de-DE"},{"@type":"Organization","@id":"https:\/\/jfrog.com\/de\/#organization","name":"JFrog","url":"https:\/\/jfrog.com\/de\/","logo":{"@type":"ImageObject","inLanguage":"de-DE","@id":"https:\/\/jfrog.com\/de\/#\/schema\/logo\/image\/","url":"https:\/\/speedmedia2.jfrog.com\/08612fe1-9391-4cf3-ac1a-6dd49c36b276\/media.jfrog.com\/wp-content\/uploads\/2025\/05\/27095207\/Logo.svg","contentUrl":"https:\/\/speedmedia2.jfrog.com\/08612fe1-9391-4cf3-ac1a-6dd49c36b276\/media.jfrog.com\/wp-content\/uploads\/2025\/05\/27095207\/Logo.svg","width":74,"height":73,"caption":"JFrog"},"image":{"@id":"https:\/\/jfrog.com\/de\/#\/schema\/logo\/image\/"},"sameAs":["https:\/\/www.facebook.com\/artifrog","https:\/\/x.com\/jfrog","https:\/\/www.linkedin.com\/company\/455737","https:\/\/www.youtube.com\/channel\/UCh2hNg76zo3d1qQqTWIQxDg","https:\/\/www.wikidata.org\/wiki\/Q98608948"],"description":"We set out on our Liquid Software journey in 2008, with the mission to transform the way enterprises manage and release software updates. The world expects software to update continuously, securely, non-intrusively and without user intervention. This hyper-connected experience can only be enabled by automation with an end-to-end DevOps platform and a binary-centric focus. With this in mind, we\u2019ve developed the JFrog Platform, ushering in a new era of DevOps and DevSecOps standards that power continuous updates. More than a decade after our founding, with thousands of customers and millions of users globally, JFrog has become the \u201cDatabase of DevOps\u201d and the de-facto standard in release and update management.","legalName":"Jfrog, Inc.","numberOfEmployees":{"@type":"QuantitativeValue","minValue":"1001","maxValue":"5000"}}]}},"_links":{"self":[{"href":"https:\/\/jfrog.com\/de\/wp-json\/wp\/v2\/pages\/80968","targetHints":{"allow":["GET"]}}],"collection":[{"href":"https:\/\/jfrog.com\/de\/wp-json\/wp\/v2\/pages"}],"about":[{"href":"https:\/\/jfrog.com\/de\/wp-json\/wp\/v2\/types\/page"}],"author":[{"embeddable":true,"href":"https:\/\/jfrog.com\/de\/wp-json\/wp\/v2\/users\/114"}],"replies":[{"embeddable":true,"href":"https:\/\/jfrog.com\/de\/wp-json\/wp\/v2\/comments?post=80968"}],"version-history":[{"count":7,"href":"https:\/\/jfrog.com\/de\/wp-json\/wp\/v2\/pages\/80968\/revisions"}],"predecessor-version":[{"id":151410,"href":"https:\/\/jfrog.com\/de\/wp-json\/wp\/v2\/pages\/80968\/revisions\/151410"}],"wp:attachment":[{"href":"https:\/\/jfrog.com\/de\/wp-json\/wp\/v2\/media?parent=80968"}],"curies":[{"name":"wp","href":"https:\/\/api.w.org\/{rel}","templated":true}]}}