{"id":80629,"date":"2021-08-30T14:53:14","date_gmt":"2021-08-30T12:53:14","guid":{"rendered":"https:\/\/jfrog.com\/?page_id=80629"},"modified":"2024-07-29T14:26:26","modified_gmt":"2024-07-29T12:26:26","slug":"security-and-compliance","status":"publish","type":"page","link":"https:\/\/jfrog.com\/de\/security-and-compliance\/","title":{"rendered":"JFrog f\u00fcr Sicherheit und Compliance"},"content":{"rendered":"","protected":false},"excerpt":{"rendered":"","protected":false},"author":114,"featured_media":0,"parent":0,"menu_order":1031,"comment_status":"closed","ping_status":"closed","template":"templates\/security-and-compliance.php","meta":{"inline_featured_image":false,"footnotes":""},"class_list":["post-80629","page","type-page","status-publish","hentry"],"yoast_head":"<!-- This site is optimized with the Yoast SEO Premium plugin v22.6 (Yoast SEO v22.6) - https:\/\/yoast.com\/wordpress\/plugins\/seo\/ -->\n<title>Software Supply Chain Security &amp; Compliance Plattform | JFrog<\/title>\n<meta name=\"description\" content=\"Die JFrog Plattform bietet die Sicherheit &amp; Compliance, die Sie f\u00fcr die Verwaltung Ihrer Software-Lieferkette ben\u00f6tigen.\" \/>\n<meta name=\"robots\" content=\"index, follow, max-snippet:-1, max-image-preview:large, max-video-preview:-1\" \/>\n<link rel=\"canonical\" href=\"https:\/\/jfrog.com\/de\/wp-json\/wp\/v2\/pages\/80629\" \/>\n<meta property=\"og:locale\" content=\"de_DE\" \/>\n<meta property=\"og:type\" content=\"article\" \/>\n<meta property=\"og:title\" content=\"JFrog f\u00fcr Sicherheit und Compliance\" \/>\n<meta property=\"og:description\" content=\"Die JFrog Plattform bietet die Sicherheit &amp; Compliance, die Sie f\u00fcr die Verwaltung Ihrer Software-Lieferkette ben\u00f6tigen.\" \/>\n<meta property=\"og:url\" content=\"https:\/\/jfrog.com\/de\/security-and-compliance\/\" \/>\n<meta property=\"og:site_name\" content=\"JFrog\" \/>\n<meta property=\"article:publisher\" content=\"https:\/\/www.facebook.com\/artifrog\" \/>\n<meta property=\"article:modified_time\" content=\"2024-07-29T12:26:26+00:00\" \/>\n<meta property=\"og:image\" content=\"https:\/\/speedmedia2.jfrog.com\/08612fe1-9391-4cf3-ac1a-6dd49c36b276\/media.jfrog.com\/wp-content\/uploads\/2018\/06\/20132021\/JFROG.png\" \/>\n\t<meta property=\"og:image:width\" content=\"1200\" \/>\n\t<meta property=\"og:image:height\" content=\"628\" \/>\n\t<meta property=\"og:image:type\" content=\"image\/png\" \/>\n<meta name=\"twitter:card\" content=\"summary_large_image\" \/>\n<meta name=\"twitter:site\" content=\"@jfrog\" \/>\n<script type=\"application\/ld+json\" class=\"yoast-schema-graph\">{\"@context\":\"https:\/\/schema.org\",\"@graph\":[{\"@type\":\"WebPage\",\"@id\":\"https:\/\/jfrog.com\/de\/security-and-compliance\/\",\"url\":\"https:\/\/jfrog.com\/de\/security-and-compliance\/\",\"name\":\"Software Supply Chain Security & Compliance Plattform | JFrog\",\"isPartOf\":{\"@id\":\"https:\/\/jfrog.com\/de\/#website\"},\"datePublished\":\"2021-08-30T12:53:14+00:00\",\"dateModified\":\"2024-07-29T12:26:26+00:00\",\"description\":\"Die JFrog Plattform bietet die Sicherheit & Compliance, die Sie f\u00fcr die Verwaltung Ihrer Software-Lieferkette ben\u00f6tigen.\",\"breadcrumb\":{\"@id\":\"https:\/\/jfrog.com\/de\/security-and-compliance\/#breadcrumb\"},\"inLanguage\":\"de-DE\",\"potentialAction\":[{\"@type\":\"ReadAction\",\"target\":[\"https:\/\/jfrog.com\/de\/security-and-compliance\/\"]}]},{\"@type\":\"BreadcrumbList\",\"@id\":\"https:\/\/jfrog.com\/de\/security-and-compliance\/#breadcrumb\",\"itemListElement\":[{\"@type\":\"ListItem\",\"position\":1,\"name\":\"Home\",\"item\":\"https:\/\/jfrog.com\/de\/\"},{\"@type\":\"ListItem\",\"position\":2,\"name\":\"JFrog f\u00fcr Sicherheit und Compliance\"}]},{\"@type\":\"WebSite\",\"@id\":\"https:\/\/jfrog.com\/de\/#website\",\"url\":\"https:\/\/jfrog.com\/de\/\",\"name\":\"JFrog\",\"description\":\"Deliver Trusted Software Releases at Speed and Scale\",\"publisher\":{\"@id\":\"https:\/\/jfrog.com\/de\/#organization\"},\"potentialAction\":[{\"@type\":\"SearchAction\",\"target\":{\"@type\":\"EntryPoint\",\"urlTemplate\":\"https:\/\/jfrog.com\/de\/?s={search_term_string}\"},\"query-input\":\"required name=search_term_string\"}],\"inLanguage\":\"de-DE\"},{\"@type\":\"Organization\",\"@id\":\"https:\/\/jfrog.com\/de\/#organization\",\"name\":\"JFrog\",\"url\":\"https:\/\/jfrog.com\/de\/\",\"logo\":{\"@type\":\"ImageObject\",\"inLanguage\":\"de-DE\",\"@id\":\"https:\/\/jfrog.com\/de\/#\/schema\/logo\/image\/\",\"url\":\"https:\/\/speedmedia2.jfrog.com\/08612fe1-9391-4cf3-ac1a-6dd49c36b276\/media.jfrog.com\/wp-content\/uploads\/2025\/05\/27095207\/Logo.svg\",\"contentUrl\":\"https:\/\/speedmedia2.jfrog.com\/08612fe1-9391-4cf3-ac1a-6dd49c36b276\/media.jfrog.com\/wp-content\/uploads\/2025\/05\/27095207\/Logo.svg\",\"width\":74,\"height\":73,\"caption\":\"JFrog\"},\"image\":{\"@id\":\"https:\/\/jfrog.com\/de\/#\/schema\/logo\/image\/\"},\"sameAs\":[\"https:\/\/www.facebook.com\/artifrog\",\"https:\/\/x.com\/jfrog\",\"https:\/\/www.linkedin.com\/company\/455737\",\"https:\/\/www.youtube.com\/channel\/UCh2hNg76zo3d1qQqTWIQxDg\",\"https:\/\/www.wikidata.org\/wiki\/Q98608948\"],\"description\":\"We set out on our Liquid Software journey in 2008, with the mission to transform the way enterprises manage and release software updates. The world expects software to update continuously, securely, non-intrusively and without user intervention. This hyper-connected experience can only be enabled by automation with an end-to-end DevOps platform and a binary-centric focus. With this in mind, we\u2019ve developed the JFrog Platform, ushering in a new era of DevOps and DevSecOps standards that power continuous updates. More than a decade after our founding, with thousands of customers and millions of users globally, JFrog has become the \u201cDatabase of DevOps\u201d and the de-facto standard in release and update management.\",\"legalName\":\"Jfrog, Inc.\",\"numberOfEmployees\":{\"@type\":\"QuantitativeValue\",\"minValue\":\"1001\",\"maxValue\":\"5000\"}}]}<\/script>\n<!-- \/ Yoast SEO Premium plugin. -->","yoast_head_json":{"title":"Software Supply Chain Security & Compliance Plattform | JFrog","description":"Die JFrog Plattform bietet die Sicherheit & Compliance, die Sie f\u00fcr die Verwaltung Ihrer Software-Lieferkette ben\u00f6tigen.","robots":{"index":"index","follow":"follow","max-snippet":"max-snippet:-1","max-image-preview":"max-image-preview:large","max-video-preview":"max-video-preview:-1"},"canonical":"https:\/\/jfrog.com\/de\/wp-json\/wp\/v2\/pages\/80629","og_locale":"de_DE","og_type":"article","og_title":"JFrog f\u00fcr Sicherheit und Compliance","og_description":"Die JFrog Plattform bietet die Sicherheit & Compliance, die Sie f\u00fcr die Verwaltung Ihrer Software-Lieferkette ben\u00f6tigen.","og_url":"https:\/\/jfrog.com\/de\/security-and-compliance\/","og_site_name":"JFrog","article_publisher":"https:\/\/www.facebook.com\/artifrog","article_modified_time":"2024-07-29T12:26:26+00:00","og_image":[{"width":1200,"height":628,"url":"https:\/\/speedmedia2.jfrog.com\/08612fe1-9391-4cf3-ac1a-6dd49c36b276\/media.jfrog.com\/wp-content\/uploads\/2018\/06\/20132021\/JFROG.png","type":"image\/png"}],"twitter_card":"summary_large_image","twitter_site":"@jfrog","schema":{"@context":"https:\/\/schema.org","@graph":[{"@type":"WebPage","@id":"https:\/\/jfrog.com\/de\/security-and-compliance\/","url":"https:\/\/jfrog.com\/de\/security-and-compliance\/","name":"Software Supply Chain Security & Compliance Plattform | JFrog","isPartOf":{"@id":"https:\/\/jfrog.com\/de\/#website"},"datePublished":"2021-08-30T12:53:14+00:00","dateModified":"2024-07-29T12:26:26+00:00","description":"Die JFrog Plattform bietet die Sicherheit & Compliance, die Sie f\u00fcr die Verwaltung Ihrer Software-Lieferkette ben\u00f6tigen.","breadcrumb":{"@id":"https:\/\/jfrog.com\/de\/security-and-compliance\/#breadcrumb"},"inLanguage":"de-DE","potentialAction":[{"@type":"ReadAction","target":["https:\/\/jfrog.com\/de\/security-and-compliance\/"]}]},{"@type":"BreadcrumbList","@id":"https:\/\/jfrog.com\/de\/security-and-compliance\/#breadcrumb","itemListElement":[{"@type":"ListItem","position":1,"name":"Home","item":"https:\/\/jfrog.com\/de\/"},{"@type":"ListItem","position":2,"name":"JFrog f\u00fcr Sicherheit und Compliance"}]},{"@type":"WebSite","@id":"https:\/\/jfrog.com\/de\/#website","url":"https:\/\/jfrog.com\/de\/","name":"JFrog","description":"Deliver Trusted Software Releases at Speed and Scale","publisher":{"@id":"https:\/\/jfrog.com\/de\/#organization"},"potentialAction":[{"@type":"SearchAction","target":{"@type":"EntryPoint","urlTemplate":"https:\/\/jfrog.com\/de\/?s={search_term_string}"},"query-input":"required name=search_term_string"}],"inLanguage":"de-DE"},{"@type":"Organization","@id":"https:\/\/jfrog.com\/de\/#organization","name":"JFrog","url":"https:\/\/jfrog.com\/de\/","logo":{"@type":"ImageObject","inLanguage":"de-DE","@id":"https:\/\/jfrog.com\/de\/#\/schema\/logo\/image\/","url":"https:\/\/speedmedia2.jfrog.com\/08612fe1-9391-4cf3-ac1a-6dd49c36b276\/media.jfrog.com\/wp-content\/uploads\/2025\/05\/27095207\/Logo.svg","contentUrl":"https:\/\/speedmedia2.jfrog.com\/08612fe1-9391-4cf3-ac1a-6dd49c36b276\/media.jfrog.com\/wp-content\/uploads\/2025\/05\/27095207\/Logo.svg","width":74,"height":73,"caption":"JFrog"},"image":{"@id":"https:\/\/jfrog.com\/de\/#\/schema\/logo\/image\/"},"sameAs":["https:\/\/www.facebook.com\/artifrog","https:\/\/x.com\/jfrog","https:\/\/www.linkedin.com\/company\/455737","https:\/\/www.youtube.com\/channel\/UCh2hNg76zo3d1qQqTWIQxDg","https:\/\/www.wikidata.org\/wiki\/Q98608948"],"description":"We set out on our Liquid Software journey in 2008, with the mission to transform the way enterprises manage and release software updates. The world expects software to update continuously, securely, non-intrusively and without user intervention. This hyper-connected experience can only be enabled by automation with an end-to-end DevOps platform and a binary-centric focus. With this in mind, we\u2019ve developed the JFrog Platform, ushering in a new era of DevOps and DevSecOps standards that power continuous updates. More than a decade after our founding, with thousands of customers and millions of users globally, JFrog has become the \u201cDatabase of DevOps\u201d and the de-facto standard in release and update management.","legalName":"Jfrog, Inc.","numberOfEmployees":{"@type":"QuantitativeValue","minValue":"1001","maxValue":"5000"}}]}},"_links":{"self":[{"href":"https:\/\/jfrog.com\/de\/wp-json\/wp\/v2\/pages\/80629","targetHints":{"allow":["GET"]}}],"collection":[{"href":"https:\/\/jfrog.com\/de\/wp-json\/wp\/v2\/pages"}],"about":[{"href":"https:\/\/jfrog.com\/de\/wp-json\/wp\/v2\/types\/page"}],"author":[{"embeddable":true,"href":"https:\/\/jfrog.com\/de\/wp-json\/wp\/v2\/users\/114"}],"replies":[{"embeddable":true,"href":"https:\/\/jfrog.com\/de\/wp-json\/wp\/v2\/comments?post=80629"}],"version-history":[{"count":11,"href":"https:\/\/jfrog.com\/de\/wp-json\/wp\/v2\/pages\/80629\/revisions"}],"predecessor-version":[{"id":137763,"href":"https:\/\/jfrog.com\/de\/wp-json\/wp\/v2\/pages\/80629\/revisions\/137763"}],"wp:attachment":[{"href":"https:\/\/jfrog.com\/de\/wp-json\/wp\/v2\/media?parent=80629"}],"curies":[{"name":"wp","href":"https:\/\/api.w.org\/{rel}","templated":true}]}}