{"id":156451,"date":"2025-08-14T09:11:57","date_gmt":"2025-08-14T07:11:57","guid":{"rendered":"https:\/\/jfrog.com\/impressum\/"},"modified":"2025-08-14T09:12:38","modified_gmt":"2025-08-14T07:12:38","slug":"impressum","status":"publish","type":"page","link":"https:\/\/jfrog.com\/de\/impressum\/","title":{"rendered":"Impressum"},"content":{"rendered":"<p>Dieses Impressum gilt f\u00fcr die JFrog-Produkte unter der Domain jfrog.com, einschlie\u00dflich aller Subdomains (Unterseiten), sowie f\u00fcr alle JFrog-Websites und -Dienste, die auf dieses Impressum verweisen.<\/p>\n<p><strong>Anbieter im Sinne des \u00a7 5 DDG:<br \/>\nJFrog Ltd.<\/strong><br \/>\n3, Hamachshev Street<br \/>\nNetanya 4250713, Israel<\/p>\n<p><strong>Vertretungsberechtigter:<\/strong> Shlomi Ben Haim<br \/>\n<strong>Gesetzlicher Vertreter:<\/strong> Shanti Ariker<\/p>\n<p><strong>Handelsregisternummer:<\/strong> 514130491<\/p>\n<p><strong>Tel.:<\/strong> +972-9-894-1444<br \/>\n<strong>Fax:<\/strong> +972-9-8659977<\/p>\n<p><strong>Kontakt und technischer Support: <\/strong><br \/>\nAntworten auf die h\u00e4ufigsten Fragen finden Sie in unserem <a href=\"https:\/\/docs.jfrog.com\" target=\"_blank\" rel=\"noopener\">JFrog-Hilfezentrum<\/a>. Andernfalls besuchen Sie bitte unsere <a href=\"https:\/\/jfrog.com\/de\/contact-us\/\">Kontaktseite<\/a>, um uns zu kontaktieren oder technischen Support zu JFrog-Produkten oder -Dienstleistungen zu erhalten.<\/p>\n<p><strong>Datenschutz und Cookies:<\/strong><br \/>\nDer Schutz Ihrer Daten ist uns sehr wichtig. In <a href=\"https:\/\/jfrog.com\/de\/privacy-notice\/\">der Datenschutzerkl\u00e4rung von JFrog<\/a> wird erl\u00e4utert, welche personenbezogenen Daten wir von Ihnen erheben und wie wir diese verwenden. Wenn Sie Anmerkungen, Beschwerden oder Fragen zu unseren Datenschutzpraktiken haben, wenden Sie sich bitte per E-Mail an privacy@jfrog.com an unsere Datenschutzabteilung und unseren Datenschutzbeauftragten.<\/p>\n<p><strong>Informationen zur Online-Streitbeilegung:<\/strong><br \/>\nOnline-Streitbeilegung gem\u00e4\u00df Art. 14 Abs. 1 der ODR-Verordnung: Die Europ\u00e4ische Kommission stellt eine Plattform zur Online-Streitbeilegung (ODR) bereit, die unter folgender Adresse zu finden ist: <a href=\"http:\/\/ec.europa.eu\/consumers\/odr\" target=\"_blank\" rel=\"noopener\">http:\/\/ec.europa.eu\/consumers\/odr <\/a><br \/>\nWir sind weder bereit noch verpflichtet, an einem Streitbeilegungsverfahren vor einer Verbraucherschlichtungsstelle teilzunehmen.<\/p>\n<p>Diese Impressumsangaben gelten auch f\u00fcr die folgenden Social-Media-Profile: Facebook, X, YouTube, LinkedIn<\/p>\n","protected":false},"excerpt":{"rendered":"<p>Dieses Impressum gilt f\u00fcr die JFrog-Produkte unter der Domain jfrog.com, einschlie\u00dflich aller Subdomains (Unterseiten), sowie f\u00fcr alle JFrog-Websites und -Dienste, die auf dieses Impressum verweisen. Anbieter im Sinne des \u00a7 5 DDG: JFrog Ltd. 3, Hamachshev Street Netanya 4250713, Israel Vertretungsberechtigter: Shlomi Ben Haim Gesetzlicher Vertreter: Shanti Ariker Handelsregisternummer: 514130491 Tel.: +972-9-894-1444 Fax: +972-9-8659977 Kontakt &hellip;<\/p>\n","protected":false},"author":663,"featured_media":0,"parent":0,"menu_order":84,"comment_status":"closed","ping_status":"closed","template":"templates\/legal-page.php","meta":{"inline_featured_image":false,"footnotes":""},"class_list":["post-156451","page","type-page","status-publish","hentry"],"yoast_head":"<!-- This site is optimized with the Yoast SEO Premium plugin v22.6 (Yoast SEO v22.6) - https:\/\/yoast.com\/wordpress\/plugins\/seo\/ -->\n<title>Impressum | JFrog<\/title>\n<meta name=\"robots\" content=\"index, follow, max-snippet:-1, max-image-preview:large, max-video-preview:-1\" \/>\n<link rel=\"canonical\" href=\"https:\/\/jfrog.com\/de\/wp-json\/wp\/v2\/pages\/156451\" \/>\n<meta property=\"og:locale\" content=\"de_DE\" \/>\n<meta property=\"og:type\" content=\"article\" \/>\n<meta property=\"og:title\" content=\"Impressum\" \/>\n<meta property=\"og:description\" content=\"Dieses Impressum gilt f\u00fcr die JFrog-Produkte unter der Domain jfrog.com, einschlie\u00dflich aller Subdomains (Unterseiten), sowie f\u00fcr alle JFrog-Websites und -Dienste, die auf dieses Impressum verweisen. Anbieter im Sinne des \u00a7 5 DDG: JFrog Ltd. 3, Hamachshev Street Netanya 4250713, Israel Vertretungsberechtigter: Shlomi Ben Haim Gesetzlicher Vertreter: Shanti Ariker Handelsregisternummer: 514130491 Tel.: +972-9-894-1444 Fax: +972-9-8659977 Kontakt &hellip;\" \/>\n<meta property=\"og:url\" content=\"https:\/\/jfrog.com\/de\/impressum\/\" \/>\n<meta property=\"og:site_name\" content=\"JFrog\" \/>\n<meta property=\"article:publisher\" content=\"https:\/\/www.facebook.com\/artifrog\" \/>\n<meta property=\"article:modified_time\" content=\"2025-08-14T07:12:38+00:00\" \/>\n<meta property=\"og:image\" content=\"https:\/\/speedmedia2.jfrog.com\/08612fe1-9391-4cf3-ac1a-6dd49c36b276\/media.jfrog.com\/wp-content\/uploads\/2018\/06\/20132021\/JFROG.png\" \/>\n\t<meta property=\"og:image:width\" content=\"1200\" \/>\n\t<meta property=\"og:image:height\" content=\"628\" \/>\n\t<meta property=\"og:image:type\" content=\"image\/png\" \/>\n<meta name=\"twitter:card\" content=\"summary_large_image\" \/>\n<meta name=\"twitter:site\" content=\"@jfrog\" \/>\n<meta name=\"twitter:label1\" content=\"Est. reading time\" \/>\n\t<meta name=\"twitter:data1\" content=\"1 minute\" \/>\n<script type=\"application\/ld+json\" class=\"yoast-schema-graph\">{\"@context\":\"https:\/\/schema.org\",\"@graph\":[{\"@type\":\"WebPage\",\"@id\":\"https:\/\/jfrog.com\/de\/impressum\/\",\"url\":\"https:\/\/jfrog.com\/de\/impressum\/\",\"name\":\"Impressum | JFrog\",\"isPartOf\":{\"@id\":\"https:\/\/jfrog.com\/de\/#website\"},\"datePublished\":\"2025-08-14T07:11:57+00:00\",\"dateModified\":\"2025-08-14T07:12:38+00:00\",\"breadcrumb\":{\"@id\":\"https:\/\/jfrog.com\/de\/impressum\/#breadcrumb\"},\"inLanguage\":\"de-DE\",\"potentialAction\":[{\"@type\":\"ReadAction\",\"target\":[\"https:\/\/jfrog.com\/de\/impressum\/\"]}]},{\"@type\":\"BreadcrumbList\",\"@id\":\"https:\/\/jfrog.com\/de\/impressum\/#breadcrumb\",\"itemListElement\":[{\"@type\":\"ListItem\",\"position\":1,\"name\":\"Home\",\"item\":\"https:\/\/jfrog.com\/de\/\"},{\"@type\":\"ListItem\",\"position\":2,\"name\":\"Impressum\"}]},{\"@type\":\"WebSite\",\"@id\":\"https:\/\/jfrog.com\/de\/#website\",\"url\":\"https:\/\/jfrog.com\/de\/\",\"name\":\"JFrog\",\"description\":\"Deliver Trusted Software Releases at Speed and Scale\",\"publisher\":{\"@id\":\"https:\/\/jfrog.com\/de\/#organization\"},\"potentialAction\":[{\"@type\":\"SearchAction\",\"target\":{\"@type\":\"EntryPoint\",\"urlTemplate\":\"https:\/\/jfrog.com\/de\/?s={search_term_string}\"},\"query-input\":\"required name=search_term_string\"}],\"inLanguage\":\"de-DE\"},{\"@type\":\"Organization\",\"@id\":\"https:\/\/jfrog.com\/de\/#organization\",\"name\":\"JFrog\",\"url\":\"https:\/\/jfrog.com\/de\/\",\"logo\":{\"@type\":\"ImageObject\",\"inLanguage\":\"de-DE\",\"@id\":\"https:\/\/jfrog.com\/de\/#\/schema\/logo\/image\/\",\"url\":\"https:\/\/speedmedia2.jfrog.com\/08612fe1-9391-4cf3-ac1a-6dd49c36b276\/media.jfrog.com\/wp-content\/uploads\/2025\/05\/27095207\/Logo.svg\",\"contentUrl\":\"https:\/\/speedmedia2.jfrog.com\/08612fe1-9391-4cf3-ac1a-6dd49c36b276\/media.jfrog.com\/wp-content\/uploads\/2025\/05\/27095207\/Logo.svg\",\"width\":74,\"height\":73,\"caption\":\"JFrog\"},\"image\":{\"@id\":\"https:\/\/jfrog.com\/de\/#\/schema\/logo\/image\/\"},\"sameAs\":[\"https:\/\/www.facebook.com\/artifrog\",\"https:\/\/x.com\/jfrog\",\"https:\/\/www.linkedin.com\/company\/455737\",\"https:\/\/www.youtube.com\/channel\/UCh2hNg76zo3d1qQqTWIQxDg\",\"https:\/\/www.wikidata.org\/wiki\/Q98608948\"],\"description\":\"We set out on our Liquid Software journey in 2008, with the mission to transform the way enterprises manage and release software updates. The world expects software to update continuously, securely, non-intrusively and without user intervention. This hyper-connected experience can only be enabled by automation with an end-to-end DevOps platform and a binary-centric focus. With this in mind, we\u2019ve developed the JFrog Platform, ushering in a new era of DevOps and DevSecOps standards that power continuous updates. More than a decade after our founding, with thousands of customers and millions of users globally, JFrog has become the \u201cDatabase of DevOps\u201d and the de-facto standard in release and update management.\",\"legalName\":\"Jfrog, Inc.\",\"numberOfEmployees\":{\"@type\":\"QuantitativeValue\",\"minValue\":\"1001\",\"maxValue\":\"5000\"}}]}<\/script>\n<!-- \/ Yoast SEO Premium plugin. -->","yoast_head_json":{"title":"Impressum | JFrog","robots":{"index":"index","follow":"follow","max-snippet":"max-snippet:-1","max-image-preview":"max-image-preview:large","max-video-preview":"max-video-preview:-1"},"canonical":"https:\/\/jfrog.com\/de\/wp-json\/wp\/v2\/pages\/156451","og_locale":"de_DE","og_type":"article","og_title":"Impressum","og_description":"Dieses Impressum gilt f\u00fcr die JFrog-Produkte unter der Domain jfrog.com, einschlie\u00dflich aller Subdomains (Unterseiten), sowie f\u00fcr alle JFrog-Websites und -Dienste, die auf dieses Impressum verweisen. Anbieter im Sinne des \u00a7 5 DDG: JFrog Ltd. 3, Hamachshev Street Netanya 4250713, Israel Vertretungsberechtigter: Shlomi Ben Haim Gesetzlicher Vertreter: Shanti Ariker Handelsregisternummer: 514130491 Tel.: +972-9-894-1444 Fax: +972-9-8659977 Kontakt &hellip;","og_url":"https:\/\/jfrog.com\/de\/impressum\/","og_site_name":"JFrog","article_publisher":"https:\/\/www.facebook.com\/artifrog","article_modified_time":"2025-08-14T07:12:38+00:00","og_image":[{"width":1200,"height":628,"url":"https:\/\/speedmedia2.jfrog.com\/08612fe1-9391-4cf3-ac1a-6dd49c36b276\/media.jfrog.com\/wp-content\/uploads\/2018\/06\/20132021\/JFROG.png","type":"image\/png"}],"twitter_card":"summary_large_image","twitter_site":"@jfrog","twitter_misc":{"Est. reading time":"1 minute"},"schema":{"@context":"https:\/\/schema.org","@graph":[{"@type":"WebPage","@id":"https:\/\/jfrog.com\/de\/impressum\/","url":"https:\/\/jfrog.com\/de\/impressum\/","name":"Impressum | JFrog","isPartOf":{"@id":"https:\/\/jfrog.com\/de\/#website"},"datePublished":"2025-08-14T07:11:57+00:00","dateModified":"2025-08-14T07:12:38+00:00","breadcrumb":{"@id":"https:\/\/jfrog.com\/de\/impressum\/#breadcrumb"},"inLanguage":"de-DE","potentialAction":[{"@type":"ReadAction","target":["https:\/\/jfrog.com\/de\/impressum\/"]}]},{"@type":"BreadcrumbList","@id":"https:\/\/jfrog.com\/de\/impressum\/#breadcrumb","itemListElement":[{"@type":"ListItem","position":1,"name":"Home","item":"https:\/\/jfrog.com\/de\/"},{"@type":"ListItem","position":2,"name":"Impressum"}]},{"@type":"WebSite","@id":"https:\/\/jfrog.com\/de\/#website","url":"https:\/\/jfrog.com\/de\/","name":"JFrog","description":"Deliver Trusted Software Releases at Speed and Scale","publisher":{"@id":"https:\/\/jfrog.com\/de\/#organization"},"potentialAction":[{"@type":"SearchAction","target":{"@type":"EntryPoint","urlTemplate":"https:\/\/jfrog.com\/de\/?s={search_term_string}"},"query-input":"required name=search_term_string"}],"inLanguage":"de-DE"},{"@type":"Organization","@id":"https:\/\/jfrog.com\/de\/#organization","name":"JFrog","url":"https:\/\/jfrog.com\/de\/","logo":{"@type":"ImageObject","inLanguage":"de-DE","@id":"https:\/\/jfrog.com\/de\/#\/schema\/logo\/image\/","url":"https:\/\/speedmedia2.jfrog.com\/08612fe1-9391-4cf3-ac1a-6dd49c36b276\/media.jfrog.com\/wp-content\/uploads\/2025\/05\/27095207\/Logo.svg","contentUrl":"https:\/\/speedmedia2.jfrog.com\/08612fe1-9391-4cf3-ac1a-6dd49c36b276\/media.jfrog.com\/wp-content\/uploads\/2025\/05\/27095207\/Logo.svg","width":74,"height":73,"caption":"JFrog"},"image":{"@id":"https:\/\/jfrog.com\/de\/#\/schema\/logo\/image\/"},"sameAs":["https:\/\/www.facebook.com\/artifrog","https:\/\/x.com\/jfrog","https:\/\/www.linkedin.com\/company\/455737","https:\/\/www.youtube.com\/channel\/UCh2hNg76zo3d1qQqTWIQxDg","https:\/\/www.wikidata.org\/wiki\/Q98608948"],"description":"We set out on our Liquid Software journey in 2008, with the mission to transform the way enterprises manage and release software updates. The world expects software to update continuously, securely, non-intrusively and without user intervention. This hyper-connected experience can only be enabled by automation with an end-to-end DevOps platform and a binary-centric focus. With this in mind, we\u2019ve developed the JFrog Platform, ushering in a new era of DevOps and DevSecOps standards that power continuous updates. More than a decade after our founding, with thousands of customers and millions of users globally, JFrog has become the \u201cDatabase of DevOps\u201d and the de-facto standard in release and update management.","legalName":"Jfrog, Inc.","numberOfEmployees":{"@type":"QuantitativeValue","minValue":"1001","maxValue":"5000"}}]}},"_links":{"self":[{"href":"https:\/\/jfrog.com\/de\/wp-json\/wp\/v2\/pages\/156451","targetHints":{"allow":["GET"]}}],"collection":[{"href":"https:\/\/jfrog.com\/de\/wp-json\/wp\/v2\/pages"}],"about":[{"href":"https:\/\/jfrog.com\/de\/wp-json\/wp\/v2\/types\/page"}],"author":[{"embeddable":true,"href":"https:\/\/jfrog.com\/de\/wp-json\/wp\/v2\/users\/663"}],"replies":[{"embeddable":true,"href":"https:\/\/jfrog.com\/de\/wp-json\/wp\/v2\/comments?post=156451"}],"version-history":[{"count":2,"href":"https:\/\/jfrog.com\/de\/wp-json\/wp\/v2\/pages\/156451\/revisions"}],"predecessor-version":[{"id":156453,"href":"https:\/\/jfrog.com\/de\/wp-json\/wp\/v2\/pages\/156451\/revisions\/156453"}],"wp:attachment":[{"href":"https:\/\/jfrog.com\/de\/wp-json\/wp\/v2\/media?parent=156451"}],"curies":[{"name":"wp","href":"https:\/\/api.w.org\/{rel}","templated":true}]}}