{"id":155173,"date":"2025-07-04T12:51:14","date_gmt":"2025-07-04T10:51:14","guid":{"rendered":"https:\/\/jfrog.com\/start-free\/a\/"},"modified":"2026-01-29T12:17:17","modified_gmt":"2026-01-29T10:17:17","slug":"a","status":"publish","type":"page","link":"https:\/\/jfrog.com\/de\/start-free\/a\/","title":{"rendered":"Starten Sie eine Testversion mit Artifactory und Xray"},"content":{"rendered":"","protected":false},"excerpt":{"rendered":"","protected":false},"author":410,"featured_media":0,"parent":77958,"menu_order":117,"comment_status":"closed","ping_status":"closed","template":"templates\/form-cloud-sh-ppc-trials.php","meta":{"inline_featured_image":false,"footnotes":""},"class_list":["post-155173","page","type-page","status-publish","hentry"],"yoast_head":"<!-- This site is optimized with the Yoast SEO Premium plugin v22.6 (Yoast SEO v22.6) - https:\/\/yoast.com\/wordpress\/plugins\/seo\/ -->\n<title>Starten Sie eine Testversion mit Artifactory und Xray | JFrog<\/title>\n<meta name=\"description\" content=\"Aktivieren Sie Ihren sicheren Artifact Repository Manager, Multi-Cloud und lokal (On-Prem), mit \u00dcberpr\u00fcfung auf Sicherheitsl\u00fccken und auf Einhaltung von Lizenzen. Verf\u00fcgbar \u00fcber AWS, GCP oder Azure\" \/>\n<meta name=\"robots\" content=\"index, follow, max-snippet:-1, max-image-preview:large, max-video-preview:-1\" \/>\n<link rel=\"canonical\" href=\"https:\/\/jfrog.com\/de\/wp-json\/wp\/v2\/pages\/155173\" \/>\n<meta property=\"og:locale\" content=\"de_DE\" \/>\n<meta property=\"og:type\" content=\"article\" \/>\n<meta property=\"og:title\" content=\"Starten Sie eine Testversion mit Artifactory und Xray\" \/>\n<meta property=\"og:description\" content=\"Aktivieren Sie Ihren sicheren Artifact Repository Manager, Multi-Cloud und lokal (On-Prem), mit \u00dcberpr\u00fcfung auf Sicherheitsl\u00fccken und auf Einhaltung von Lizenzen. Verf\u00fcgbar \u00fcber AWS, GCP oder Azure\" \/>\n<meta property=\"og:url\" content=\"https:\/\/jfrog.com\/de\/start-free\/a\/\" \/>\n<meta property=\"og:site_name\" content=\"JFrog\" \/>\n<meta property=\"article:publisher\" content=\"https:\/\/www.facebook.com\/artifrog\" \/>\n<meta property=\"article:modified_time\" content=\"2026-01-29T10:17:17+00:00\" \/>\n<meta property=\"og:image\" content=\"https:\/\/speedmedia2.jfrog.com\/08612fe1-9391-4cf3-ac1a-6dd49c36b276\/media.jfrog.com\/wp-content\/uploads\/2018\/06\/20132021\/JFROG.png\" \/>\n\t<meta property=\"og:image:width\" content=\"1200\" \/>\n\t<meta property=\"og:image:height\" content=\"628\" \/>\n\t<meta property=\"og:image:type\" content=\"image\/png\" \/>\n<meta name=\"twitter:card\" content=\"summary_large_image\" \/>\n<meta name=\"twitter:site\" content=\"@jfrog\" \/>\n<script type=\"application\/ld+json\" class=\"yoast-schema-graph\">{\"@context\":\"https:\/\/schema.org\",\"@graph\":[{\"@type\":\"WebPage\",\"@id\":\"https:\/\/jfrog.com\/de\/start-free\/a\/\",\"url\":\"https:\/\/jfrog.com\/de\/start-free\/a\/\",\"name\":\"Starten Sie eine Testversion mit Artifactory und Xray | JFrog\",\"isPartOf\":{\"@id\":\"https:\/\/jfrog.com\/de\/#website\"},\"datePublished\":\"2025-07-04T10:51:14+00:00\",\"dateModified\":\"2026-01-29T10:17:17+00:00\",\"description\":\"Aktivieren Sie Ihren sicheren Artifact Repository Manager, Multi-Cloud und lokal (On-Prem), mit \u00dcberpr\u00fcfung auf Sicherheitsl\u00fccken und auf Einhaltung von Lizenzen. Verf\u00fcgbar \u00fcber AWS, GCP oder Azure\",\"breadcrumb\":{\"@id\":\"https:\/\/jfrog.com\/de\/start-free\/a\/#breadcrumb\"},\"inLanguage\":\"de-DE\",\"potentialAction\":[{\"@type\":\"ReadAction\",\"target\":[\"https:\/\/jfrog.com\/de\/start-free\/a\/\"]}]},{\"@type\":\"BreadcrumbList\",\"@id\":\"https:\/\/jfrog.com\/de\/start-free\/a\/#breadcrumb\",\"itemListElement\":[{\"@type\":\"ListItem\",\"position\":1,\"name\":\"Home\",\"item\":\"https:\/\/jfrog.com\/de\/\"},{\"@type\":\"ListItem\",\"position\":2,\"name\":\"Kostenlos starten\",\"item\":\"https:\/\/jfrog.com\/de\/start-free\/\"},{\"@type\":\"ListItem\",\"position\":3,\"name\":\"Starten Sie eine Testversion mit Artifactory und Xray\"}]},{\"@type\":\"WebSite\",\"@id\":\"https:\/\/jfrog.com\/de\/#website\",\"url\":\"https:\/\/jfrog.com\/de\/\",\"name\":\"JFrog\",\"description\":\"Deliver Trusted Software Releases at Speed and Scale\",\"publisher\":{\"@id\":\"https:\/\/jfrog.com\/de\/#organization\"},\"potentialAction\":[{\"@type\":\"SearchAction\",\"target\":{\"@type\":\"EntryPoint\",\"urlTemplate\":\"https:\/\/jfrog.com\/de\/?s={search_term_string}\"},\"query-input\":\"required name=search_term_string\"}],\"inLanguage\":\"de-DE\"},{\"@type\":\"Organization\",\"@id\":\"https:\/\/jfrog.com\/de\/#organization\",\"name\":\"JFrog\",\"url\":\"https:\/\/jfrog.com\/de\/\",\"logo\":{\"@type\":\"ImageObject\",\"inLanguage\":\"de-DE\",\"@id\":\"https:\/\/jfrog.com\/de\/#\/schema\/logo\/image\/\",\"url\":\"https:\/\/speedmedia2.jfrog.com\/08612fe1-9391-4cf3-ac1a-6dd49c36b276\/media.jfrog.com\/wp-content\/uploads\/2025\/05\/27095207\/Logo.svg\",\"contentUrl\":\"https:\/\/speedmedia2.jfrog.com\/08612fe1-9391-4cf3-ac1a-6dd49c36b276\/media.jfrog.com\/wp-content\/uploads\/2025\/05\/27095207\/Logo.svg\",\"width\":74,\"height\":73,\"caption\":\"JFrog\"},\"image\":{\"@id\":\"https:\/\/jfrog.com\/de\/#\/schema\/logo\/image\/\"},\"sameAs\":[\"https:\/\/www.facebook.com\/artifrog\",\"https:\/\/x.com\/jfrog\",\"https:\/\/www.linkedin.com\/company\/455737\",\"https:\/\/www.youtube.com\/channel\/UCh2hNg76zo3d1qQqTWIQxDg\",\"https:\/\/www.wikidata.org\/wiki\/Q98608948\"],\"description\":\"We set out on our Liquid Software journey in 2008, with the mission to transform the way enterprises manage and release software updates. The world expects software to update continuously, securely, non-intrusively and without user intervention. This hyper-connected experience can only be enabled by automation with an end-to-end DevOps platform and a binary-centric focus. With this in mind, we\u2019ve developed the JFrog Platform, ushering in a new era of DevOps and DevSecOps standards that power continuous updates. More than a decade after our founding, with thousands of customers and millions of users globally, JFrog has become the \u201cDatabase of DevOps\u201d and the de-facto standard in release and update management.\",\"legalName\":\"Jfrog, Inc.\",\"numberOfEmployees\":{\"@type\":\"QuantitativeValue\",\"minValue\":\"1001\",\"maxValue\":\"5000\"}}]}<\/script>\n<!-- \/ Yoast SEO Premium plugin. -->","yoast_head_json":{"title":"Starten Sie eine Testversion mit Artifactory und Xray | JFrog","description":"Aktivieren Sie Ihren sicheren Artifact Repository Manager, Multi-Cloud und lokal (On-Prem), mit \u00dcberpr\u00fcfung auf Sicherheitsl\u00fccken und auf Einhaltung von Lizenzen. Verf\u00fcgbar \u00fcber AWS, GCP oder Azure","robots":{"index":"index","follow":"follow","max-snippet":"max-snippet:-1","max-image-preview":"max-image-preview:large","max-video-preview":"max-video-preview:-1"},"canonical":"https:\/\/jfrog.com\/de\/wp-json\/wp\/v2\/pages\/155173","og_locale":"de_DE","og_type":"article","og_title":"Starten Sie eine Testversion mit Artifactory und Xray","og_description":"Aktivieren Sie Ihren sicheren Artifact Repository Manager, Multi-Cloud und lokal (On-Prem), mit \u00dcberpr\u00fcfung auf Sicherheitsl\u00fccken und auf Einhaltung von Lizenzen. Verf\u00fcgbar \u00fcber AWS, GCP oder Azure","og_url":"https:\/\/jfrog.com\/de\/start-free\/a\/","og_site_name":"JFrog","article_publisher":"https:\/\/www.facebook.com\/artifrog","article_modified_time":"2026-01-29T10:17:17+00:00","og_image":[{"width":1200,"height":628,"url":"https:\/\/speedmedia2.jfrog.com\/08612fe1-9391-4cf3-ac1a-6dd49c36b276\/media.jfrog.com\/wp-content\/uploads\/2018\/06\/20132021\/JFROG.png","type":"image\/png"}],"twitter_card":"summary_large_image","twitter_site":"@jfrog","schema":{"@context":"https:\/\/schema.org","@graph":[{"@type":"WebPage","@id":"https:\/\/jfrog.com\/de\/start-free\/a\/","url":"https:\/\/jfrog.com\/de\/start-free\/a\/","name":"Starten Sie eine Testversion mit Artifactory und Xray | JFrog","isPartOf":{"@id":"https:\/\/jfrog.com\/de\/#website"},"datePublished":"2025-07-04T10:51:14+00:00","dateModified":"2026-01-29T10:17:17+00:00","description":"Aktivieren Sie Ihren sicheren Artifact Repository Manager, Multi-Cloud und lokal (On-Prem), mit \u00dcberpr\u00fcfung auf Sicherheitsl\u00fccken und auf Einhaltung von Lizenzen. Verf\u00fcgbar \u00fcber AWS, GCP oder Azure","breadcrumb":{"@id":"https:\/\/jfrog.com\/de\/start-free\/a\/#breadcrumb"},"inLanguage":"de-DE","potentialAction":[{"@type":"ReadAction","target":["https:\/\/jfrog.com\/de\/start-free\/a\/"]}]},{"@type":"BreadcrumbList","@id":"https:\/\/jfrog.com\/de\/start-free\/a\/#breadcrumb","itemListElement":[{"@type":"ListItem","position":1,"name":"Home","item":"https:\/\/jfrog.com\/de\/"},{"@type":"ListItem","position":2,"name":"Kostenlos starten","item":"https:\/\/jfrog.com\/de\/start-free\/"},{"@type":"ListItem","position":3,"name":"Starten Sie eine Testversion mit Artifactory und Xray"}]},{"@type":"WebSite","@id":"https:\/\/jfrog.com\/de\/#website","url":"https:\/\/jfrog.com\/de\/","name":"JFrog","description":"Deliver Trusted Software Releases at Speed and Scale","publisher":{"@id":"https:\/\/jfrog.com\/de\/#organization"},"potentialAction":[{"@type":"SearchAction","target":{"@type":"EntryPoint","urlTemplate":"https:\/\/jfrog.com\/de\/?s={search_term_string}"},"query-input":"required name=search_term_string"}],"inLanguage":"de-DE"},{"@type":"Organization","@id":"https:\/\/jfrog.com\/de\/#organization","name":"JFrog","url":"https:\/\/jfrog.com\/de\/","logo":{"@type":"ImageObject","inLanguage":"de-DE","@id":"https:\/\/jfrog.com\/de\/#\/schema\/logo\/image\/","url":"https:\/\/speedmedia2.jfrog.com\/08612fe1-9391-4cf3-ac1a-6dd49c36b276\/media.jfrog.com\/wp-content\/uploads\/2025\/05\/27095207\/Logo.svg","contentUrl":"https:\/\/speedmedia2.jfrog.com\/08612fe1-9391-4cf3-ac1a-6dd49c36b276\/media.jfrog.com\/wp-content\/uploads\/2025\/05\/27095207\/Logo.svg","width":74,"height":73,"caption":"JFrog"},"image":{"@id":"https:\/\/jfrog.com\/de\/#\/schema\/logo\/image\/"},"sameAs":["https:\/\/www.facebook.com\/artifrog","https:\/\/x.com\/jfrog","https:\/\/www.linkedin.com\/company\/455737","https:\/\/www.youtube.com\/channel\/UCh2hNg76zo3d1qQqTWIQxDg","https:\/\/www.wikidata.org\/wiki\/Q98608948"],"description":"We set out on our Liquid Software journey in 2008, with the mission to transform the way enterprises manage and release software updates. The world expects software to update continuously, securely, non-intrusively and without user intervention. This hyper-connected experience can only be enabled by automation with an end-to-end DevOps platform and a binary-centric focus. With this in mind, we\u2019ve developed the JFrog Platform, ushering in a new era of DevOps and DevSecOps standards that power continuous updates. More than a decade after our founding, with thousands of customers and millions of users globally, JFrog has become the \u201cDatabase of DevOps\u201d and the de-facto standard in release and update management.","legalName":"Jfrog, Inc.","numberOfEmployees":{"@type":"QuantitativeValue","minValue":"1001","maxValue":"5000"}}]}},"_links":{"self":[{"href":"https:\/\/jfrog.com\/de\/wp-json\/wp\/v2\/pages\/155173","targetHints":{"allow":["GET"]}}],"collection":[{"href":"https:\/\/jfrog.com\/de\/wp-json\/wp\/v2\/pages"}],"about":[{"href":"https:\/\/jfrog.com\/de\/wp-json\/wp\/v2\/types\/page"}],"author":[{"embeddable":true,"href":"https:\/\/jfrog.com\/de\/wp-json\/wp\/v2\/users\/410"}],"replies":[{"embeddable":true,"href":"https:\/\/jfrog.com\/de\/wp-json\/wp\/v2\/comments?post=155173"}],"version-history":[{"count":5,"href":"https:\/\/jfrog.com\/de\/wp-json\/wp\/v2\/pages\/155173\/revisions"}],"predecessor-version":[{"id":162764,"href":"https:\/\/jfrog.com\/de\/wp-json\/wp\/v2\/pages\/155173\/revisions\/162764"}],"up":[{"embeddable":true,"href":"https:\/\/jfrog.com\/de\/wp-json\/wp\/v2\/pages\/77958"}],"wp:attachment":[{"href":"https:\/\/jfrog.com\/de\/wp-json\/wp\/v2\/media?parent=155173"}],"curies":[{"name":"wp","href":"https:\/\/api.w.org\/{rel}","templated":true}]}}