{"id":154884,"date":"2025-06-30T06:21:14","date_gmt":"2025-06-30T04:21:14","guid":{"rendered":"https:\/\/jfrog.com\/rlm-2\/"},"modified":"2025-07-09T08:14:12","modified_gmt":"2025-07-09T06:14:12","slug":"rlm","status":"publish","type":"page","link":"https:\/\/jfrog.com\/de\/rlm\/","title":{"rendered":"RLM"},"content":{"rendered":"","protected":false},"excerpt":{"rendered":"","protected":false},"author":663,"featured_media":0,"parent":0,"menu_order":145,"comment_status":"closed","ping_status":"closed","template":"templates\/product-v2025.php","meta":{"inline_featured_image":false,"footnotes":""},"class_list":["post-154884","page","type-page","status-publish","hentry"],"yoast_head":"<!-- This site is optimized with the Yoast SEO Premium plugin v22.6 (Yoast SEO v22.6) - https:\/\/yoast.com\/wordpress\/plugins\/seo\/ -->\n<title>Release-Lifecycle-Management von JFrog | SDLC-Governance optimieren<\/title>\n<meta name=\"description\" content=\"Weniger als 160 Zeichen. Eine Zusammenfassung der Seite. Dies wird allen Benutzern in Suchmaschinen angezeigt. Passt die Beschreibung zum Gesuchten, ist die Wahrscheinlichkeit h\u00f6her, dass sie auf den Link klicken. JFrog Release Lifecycle Management: Beschleunigen Sie vertrauensw\u00fcrdige Software-Releases mit automatisierter Governance und vereinfachten Audits. Optimieren Sie den SDLC, setzen Sie Compliance durch und st\u00e4rken Sie das Vertrauen in die Ver\u00f6ffentlichung. All dies ist innerhalb der JFrog Platform m\u00f6glich.\" \/>\n<meta name=\"robots\" content=\"index, follow, max-snippet:-1, max-image-preview:large, max-video-preview:-1\" \/>\n<link rel=\"canonical\" href=\"https:\/\/jfrog.com\/de\/wp-json\/wp\/v2\/pages\/154884\" \/>\n<meta property=\"og:locale\" content=\"de_DE\" \/>\n<meta property=\"og:type\" content=\"article\" \/>\n<meta property=\"og:title\" content=\"RLM\" \/>\n<meta property=\"og:description\" content=\"Weniger als 160 Zeichen. Eine Zusammenfassung der Seite. Dies wird allen Benutzern in Suchmaschinen angezeigt. Passt die Beschreibung zum Gesuchten, ist die Wahrscheinlichkeit h\u00f6her, dass sie auf den Link klicken. JFrog Release Lifecycle Management: Beschleunigen Sie vertrauensw\u00fcrdige Software-Releases mit automatisierter Governance und vereinfachten Audits. Optimieren Sie den SDLC, setzen Sie Compliance durch und st\u00e4rken Sie das Vertrauen in die Ver\u00f6ffentlichung. All dies ist innerhalb der JFrog Platform m\u00f6glich.\" \/>\n<meta property=\"og:url\" content=\"https:\/\/jfrog.com\/de\/rlm\/\" \/>\n<meta property=\"og:site_name\" content=\"JFrog\" \/>\n<meta property=\"article:publisher\" content=\"https:\/\/www.facebook.com\/artifrog\" \/>\n<meta property=\"article:modified_time\" content=\"2025-07-09T06:14:12+00:00\" \/>\n<meta property=\"og:image\" content=\"https:\/\/speedmedia2.jfrog.com\/08612fe1-9391-4cf3-ac1a-6dd49c36b276\/media.jfrog.com\/wp-content\/uploads\/2018\/06\/20132021\/JFROG.png\" \/>\n\t<meta property=\"og:image:width\" content=\"1200\" \/>\n\t<meta property=\"og:image:height\" content=\"628\" \/>\n\t<meta property=\"og:image:type\" content=\"image\/png\" \/>\n<meta name=\"twitter:card\" content=\"summary_large_image\" \/>\n<meta name=\"twitter:site\" content=\"@jfrog\" \/>\n<script type=\"application\/ld+json\" class=\"yoast-schema-graph\">{\"@context\":\"https:\/\/schema.org\",\"@graph\":[{\"@type\":\"WebPage\",\"@id\":\"https:\/\/jfrog.com\/de\/rlm\/\",\"url\":\"https:\/\/jfrog.com\/de\/rlm\/\",\"name\":\"Release-Lifecycle-Management von JFrog | SDLC-Governance optimieren\",\"isPartOf\":{\"@id\":\"https:\/\/jfrog.com\/de\/#website\"},\"datePublished\":\"2025-06-30T04:21:14+00:00\",\"dateModified\":\"2025-07-09T06:14:12+00:00\",\"description\":\"Weniger als 160 Zeichen. Eine Zusammenfassung der Seite. Dies wird allen Benutzern in Suchmaschinen angezeigt. Passt die Beschreibung zum Gesuchten, ist die Wahrscheinlichkeit h\u00f6her, dass sie auf den Link klicken. JFrog Release Lifecycle Management: Beschleunigen Sie vertrauensw\u00fcrdige Software-Releases mit automatisierter Governance und vereinfachten Audits. Optimieren Sie den SDLC, setzen Sie Compliance durch und st\u00e4rken Sie das Vertrauen in die Ver\u00f6ffentlichung. All dies ist innerhalb der JFrog Platform m\u00f6glich.\",\"breadcrumb\":{\"@id\":\"https:\/\/jfrog.com\/de\/rlm\/#breadcrumb\"},\"inLanguage\":\"de-DE\",\"potentialAction\":[{\"@type\":\"ReadAction\",\"target\":[\"https:\/\/jfrog.com\/de\/rlm\/\"]}]},{\"@type\":\"BreadcrumbList\",\"@id\":\"https:\/\/jfrog.com\/de\/rlm\/#breadcrumb\",\"itemListElement\":[{\"@type\":\"ListItem\",\"position\":1,\"name\":\"Home\",\"item\":\"https:\/\/jfrog.com\/de\/\"},{\"@type\":\"ListItem\",\"position\":2,\"name\":\"RLM\"}]},{\"@type\":\"WebSite\",\"@id\":\"https:\/\/jfrog.com\/de\/#website\",\"url\":\"https:\/\/jfrog.com\/de\/\",\"name\":\"JFrog\",\"description\":\"Deliver Trusted Software Releases at Speed and Scale\",\"publisher\":{\"@id\":\"https:\/\/jfrog.com\/de\/#organization\"},\"potentialAction\":[{\"@type\":\"SearchAction\",\"target\":{\"@type\":\"EntryPoint\",\"urlTemplate\":\"https:\/\/jfrog.com\/de\/?s={search_term_string}\"},\"query-input\":\"required name=search_term_string\"}],\"inLanguage\":\"de-DE\"},{\"@type\":\"Organization\",\"@id\":\"https:\/\/jfrog.com\/de\/#organization\",\"name\":\"JFrog\",\"url\":\"https:\/\/jfrog.com\/de\/\",\"logo\":{\"@type\":\"ImageObject\",\"inLanguage\":\"de-DE\",\"@id\":\"https:\/\/jfrog.com\/de\/#\/schema\/logo\/image\/\",\"url\":\"https:\/\/speedmedia2.jfrog.com\/08612fe1-9391-4cf3-ac1a-6dd49c36b276\/media.jfrog.com\/wp-content\/uploads\/2025\/05\/27095207\/Logo.svg\",\"contentUrl\":\"https:\/\/speedmedia2.jfrog.com\/08612fe1-9391-4cf3-ac1a-6dd49c36b276\/media.jfrog.com\/wp-content\/uploads\/2025\/05\/27095207\/Logo.svg\",\"width\":74,\"height\":73,\"caption\":\"JFrog\"},\"image\":{\"@id\":\"https:\/\/jfrog.com\/de\/#\/schema\/logo\/image\/\"},\"sameAs\":[\"https:\/\/www.facebook.com\/artifrog\",\"https:\/\/x.com\/jfrog\",\"https:\/\/www.linkedin.com\/company\/455737\",\"https:\/\/www.youtube.com\/channel\/UCh2hNg76zo3d1qQqTWIQxDg\",\"https:\/\/www.wikidata.org\/wiki\/Q98608948\"],\"description\":\"We set out on our Liquid Software journey in 2008, with the mission to transform the way enterprises manage and release software updates. The world expects software to update continuously, securely, non-intrusively and without user intervention. This hyper-connected experience can only be enabled by automation with an end-to-end DevOps platform and a binary-centric focus. With this in mind, we\u2019ve developed the JFrog Platform, ushering in a new era of DevOps and DevSecOps standards that power continuous updates. More than a decade after our founding, with thousands of customers and millions of users globally, JFrog has become the \u201cDatabase of DevOps\u201d and the de-facto standard in release and update management.\",\"legalName\":\"Jfrog, Inc.\",\"numberOfEmployees\":{\"@type\":\"QuantitativeValue\",\"minValue\":\"1001\",\"maxValue\":\"5000\"}}]}<\/script>\n<!-- \/ Yoast SEO Premium plugin. -->","yoast_head_json":{"title":"Release-Lifecycle-Management von JFrog | SDLC-Governance optimieren","description":"Weniger als 160 Zeichen. Eine Zusammenfassung der Seite. Dies wird allen Benutzern in Suchmaschinen angezeigt. Passt die Beschreibung zum Gesuchten, ist die Wahrscheinlichkeit h\u00f6her, dass sie auf den Link klicken. JFrog Release Lifecycle Management: Beschleunigen Sie vertrauensw\u00fcrdige Software-Releases mit automatisierter Governance und vereinfachten Audits. Optimieren Sie den SDLC, setzen Sie Compliance durch und st\u00e4rken Sie das Vertrauen in die Ver\u00f6ffentlichung. All dies ist innerhalb der JFrog Platform m\u00f6glich.","robots":{"index":"index","follow":"follow","max-snippet":"max-snippet:-1","max-image-preview":"max-image-preview:large","max-video-preview":"max-video-preview:-1"},"canonical":"https:\/\/jfrog.com\/de\/wp-json\/wp\/v2\/pages\/154884","og_locale":"de_DE","og_type":"article","og_title":"RLM","og_description":"Weniger als 160 Zeichen. Eine Zusammenfassung der Seite. Dies wird allen Benutzern in Suchmaschinen angezeigt. Passt die Beschreibung zum Gesuchten, ist die Wahrscheinlichkeit h\u00f6her, dass sie auf den Link klicken. JFrog Release Lifecycle Management: Beschleunigen Sie vertrauensw\u00fcrdige Software-Releases mit automatisierter Governance und vereinfachten Audits. Optimieren Sie den SDLC, setzen Sie Compliance durch und st\u00e4rken Sie das Vertrauen in die Ver\u00f6ffentlichung. All dies ist innerhalb der JFrog Platform m\u00f6glich.","og_url":"https:\/\/jfrog.com\/de\/rlm\/","og_site_name":"JFrog","article_publisher":"https:\/\/www.facebook.com\/artifrog","article_modified_time":"2025-07-09T06:14:12+00:00","og_image":[{"width":1200,"height":628,"url":"https:\/\/speedmedia2.jfrog.com\/08612fe1-9391-4cf3-ac1a-6dd49c36b276\/media.jfrog.com\/wp-content\/uploads\/2018\/06\/20132021\/JFROG.png","type":"image\/png"}],"twitter_card":"summary_large_image","twitter_site":"@jfrog","schema":{"@context":"https:\/\/schema.org","@graph":[{"@type":"WebPage","@id":"https:\/\/jfrog.com\/de\/rlm\/","url":"https:\/\/jfrog.com\/de\/rlm\/","name":"Release-Lifecycle-Management von JFrog | SDLC-Governance optimieren","isPartOf":{"@id":"https:\/\/jfrog.com\/de\/#website"},"datePublished":"2025-06-30T04:21:14+00:00","dateModified":"2025-07-09T06:14:12+00:00","description":"Weniger als 160 Zeichen. Eine Zusammenfassung der Seite. Dies wird allen Benutzern in Suchmaschinen angezeigt. Passt die Beschreibung zum Gesuchten, ist die Wahrscheinlichkeit h\u00f6her, dass sie auf den Link klicken. JFrog Release Lifecycle Management: Beschleunigen Sie vertrauensw\u00fcrdige Software-Releases mit automatisierter Governance und vereinfachten Audits. Optimieren Sie den SDLC, setzen Sie Compliance durch und st\u00e4rken Sie das Vertrauen in die Ver\u00f6ffentlichung. All dies ist innerhalb der JFrog Platform m\u00f6glich.","breadcrumb":{"@id":"https:\/\/jfrog.com\/de\/rlm\/#breadcrumb"},"inLanguage":"de-DE","potentialAction":[{"@type":"ReadAction","target":["https:\/\/jfrog.com\/de\/rlm\/"]}]},{"@type":"BreadcrumbList","@id":"https:\/\/jfrog.com\/de\/rlm\/#breadcrumb","itemListElement":[{"@type":"ListItem","position":1,"name":"Home","item":"https:\/\/jfrog.com\/de\/"},{"@type":"ListItem","position":2,"name":"RLM"}]},{"@type":"WebSite","@id":"https:\/\/jfrog.com\/de\/#website","url":"https:\/\/jfrog.com\/de\/","name":"JFrog","description":"Deliver Trusted Software Releases at Speed and Scale","publisher":{"@id":"https:\/\/jfrog.com\/de\/#organization"},"potentialAction":[{"@type":"SearchAction","target":{"@type":"EntryPoint","urlTemplate":"https:\/\/jfrog.com\/de\/?s={search_term_string}"},"query-input":"required name=search_term_string"}],"inLanguage":"de-DE"},{"@type":"Organization","@id":"https:\/\/jfrog.com\/de\/#organization","name":"JFrog","url":"https:\/\/jfrog.com\/de\/","logo":{"@type":"ImageObject","inLanguage":"de-DE","@id":"https:\/\/jfrog.com\/de\/#\/schema\/logo\/image\/","url":"https:\/\/speedmedia2.jfrog.com\/08612fe1-9391-4cf3-ac1a-6dd49c36b276\/media.jfrog.com\/wp-content\/uploads\/2025\/05\/27095207\/Logo.svg","contentUrl":"https:\/\/speedmedia2.jfrog.com\/08612fe1-9391-4cf3-ac1a-6dd49c36b276\/media.jfrog.com\/wp-content\/uploads\/2025\/05\/27095207\/Logo.svg","width":74,"height":73,"caption":"JFrog"},"image":{"@id":"https:\/\/jfrog.com\/de\/#\/schema\/logo\/image\/"},"sameAs":["https:\/\/www.facebook.com\/artifrog","https:\/\/x.com\/jfrog","https:\/\/www.linkedin.com\/company\/455737","https:\/\/www.youtube.com\/channel\/UCh2hNg76zo3d1qQqTWIQxDg","https:\/\/www.wikidata.org\/wiki\/Q98608948"],"description":"We set out on our Liquid Software journey in 2008, with the mission to transform the way enterprises manage and release software updates. The world expects software to update continuously, securely, non-intrusively and without user intervention. This hyper-connected experience can only be enabled by automation with an end-to-end DevOps platform and a binary-centric focus. With this in mind, we\u2019ve developed the JFrog Platform, ushering in a new era of DevOps and DevSecOps standards that power continuous updates. More than a decade after our founding, with thousands of customers and millions of users globally, JFrog has become the \u201cDatabase of DevOps\u201d and the de-facto standard in release and update management.","legalName":"Jfrog, Inc.","numberOfEmployees":{"@type":"QuantitativeValue","minValue":"1001","maxValue":"5000"}}]}},"_links":{"self":[{"href":"https:\/\/jfrog.com\/de\/wp-json\/wp\/v2\/pages\/154884","targetHints":{"allow":["GET"]}}],"collection":[{"href":"https:\/\/jfrog.com\/de\/wp-json\/wp\/v2\/pages"}],"about":[{"href":"https:\/\/jfrog.com\/de\/wp-json\/wp\/v2\/types\/page"}],"author":[{"embeddable":true,"href":"https:\/\/jfrog.com\/de\/wp-json\/wp\/v2\/users\/663"}],"replies":[{"embeddable":true,"href":"https:\/\/jfrog.com\/de\/wp-json\/wp\/v2\/comments?post=154884"}],"version-history":[{"count":4,"href":"https:\/\/jfrog.com\/de\/wp-json\/wp\/v2\/pages\/154884\/revisions"}],"predecessor-version":[{"id":155355,"href":"https:\/\/jfrog.com\/de\/wp-json\/wp\/v2\/pages\/154884\/revisions\/155355"}],"wp:attachment":[{"href":"https:\/\/jfrog.com\/de\/wp-json\/wp\/v2\/media?parent=154884"}],"curies":[{"name":"wp","href":"https:\/\/api.w.org\/{rel}","templated":true}]}}