{"id":148315,"date":"2025-02-09T11:18:03","date_gmt":"2025-02-09T09:18:03","guid":{"rendered":"https:\/\/jfrog.com\/artifactory-2\/"},"modified":"2026-04-19T10:33:20","modified_gmt":"2026-04-19T08:33:20","slug":"artifactory","status":"publish","type":"page","link":"https:\/\/jfrog.com\/de\/artifactory\/","title":{"rendered":"Artifactory &#8211; Hauptbereich"},"content":{"rendered":"","protected":false},"excerpt":{"rendered":"","protected":false},"author":506,"featured_media":0,"parent":0,"menu_order":172,"comment_status":"closed","ping_status":"closed","template":"templates\/product-v2025.php","meta":{"inline_featured_image":false,"footnotes":""},"class_list":["post-148315","page","type-page","status-publish","hentry"],"yoast_head":"<!-- This site is optimized with the Yoast SEO Premium plugin v22.6 (Yoast SEO v22.6) - https:\/\/yoast.com\/wordpress\/plugins\/seo\/ -->\n<title>JFrog Artifactory - Universeller Artifact-Repository-Manager<\/title>\n<meta name=\"description\" content=\"JFrog Artifactory ist eine sichere, skalierbare, unternehmenstaugliche L\u00f6sung f\u00fcr die Verwaltung des gesamten Lebenszyklus von Software-Artefakten, Bin\u00e4rdateien, KI\/ML-Modellen, Containern und Paketen.\" \/>\n<meta name=\"robots\" content=\"index, follow, max-snippet:-1, max-image-preview:large, max-video-preview:-1\" \/>\n<link rel=\"canonical\" href=\"https:\/\/jfrog.com\/de\/wp-json\/wp\/v2\/pages\/148315\" \/>\n<meta property=\"og:locale\" content=\"de_DE\" \/>\n<meta property=\"og:type\" content=\"article\" \/>\n<meta property=\"og:title\" content=\"Artifactory - Universelle Artefaktverwaltung\" \/>\n<meta property=\"og:description\" content=\"Als weltweit erstes universelles Repository ist JFrog Artifactory das Herzst\u00fcck der JFrog Plattform und fungiert als Single Source of Truth f\u00fcr alle Packages auf ihrem Weg durch die gesamte DevOps-Pipeline.\" \/>\n<meta property=\"og:url\" content=\"https:\/\/jfrog.com\/de\/artifactory\/\" \/>\n<meta property=\"og:site_name\" content=\"JFrog\" \/>\n<meta property=\"article:publisher\" content=\"https:\/\/www.facebook.com\/artifrog\" \/>\n<meta property=\"article:modified_time\" content=\"2026-04-19T08:33:20+00:00\" \/>\n<meta property=\"og:image\" content=\"https:\/\/media.jfrog.com\/wp-content\/uploads\/2020\/03\/03200428\/Artifactmanagementsocial-06.jpg\" \/>\n<meta name=\"twitter:card\" content=\"summary_large_image\" \/>\n<meta name=\"twitter:title\" content=\"Artifactory - Universelle Artefaktverwaltung\" \/>\n<meta name=\"twitter:description\" content=\"Als weltweit erstes universelles Repository ist JFrog Artifactory das Herzst\u00fcck der JFrog Plattform und fungiert als Single Source of Truth f\u00fcr alle Packages auf ihrem Weg durch die gesamte DevOps-Pipeline.\" \/>\n<meta name=\"twitter:image\" content=\"https:\/\/media.jfrog.com\/wp-content\/uploads\/2020\/03\/03200428\/Artifactmanagementsocial-06.jpg\" \/>\n<meta name=\"twitter:site\" content=\"@jfrog\" \/>\n<script type=\"application\/ld+json\" class=\"yoast-schema-graph\">{\"@context\":\"https:\/\/schema.org\",\"@graph\":[{\"@type\":\"WebPage\",\"@id\":\"https:\/\/jfrog.com\/de\/artifactory\/\",\"url\":\"https:\/\/jfrog.com\/de\/artifactory\/\",\"name\":\"JFrog Artifactory - Universeller Artifact-Repository-Manager\",\"isPartOf\":{\"@id\":\"https:\/\/jfrog.com\/de\/#website\"},\"datePublished\":\"2025-02-09T09:18:03+00:00\",\"dateModified\":\"2026-04-19T08:33:20+00:00\",\"description\":\"JFrog Artifactory ist eine sichere, skalierbare, unternehmenstaugliche L\u00f6sung f\u00fcr die Verwaltung des gesamten Lebenszyklus von Software-Artefakten, Bin\u00e4rdateien, KI\/ML-Modellen, Containern und Paketen.\",\"breadcrumb\":{\"@id\":\"https:\/\/jfrog.com\/de\/artifactory\/#breadcrumb\"},\"inLanguage\":\"de-DE\",\"potentialAction\":[{\"@type\":\"ReadAction\",\"target\":[\"https:\/\/jfrog.com\/de\/artifactory\/\"]}]},{\"@type\":\"BreadcrumbList\",\"@id\":\"https:\/\/jfrog.com\/de\/artifactory\/#breadcrumb\",\"itemListElement\":[{\"@type\":\"ListItem\",\"position\":1,\"name\":\"Home\",\"item\":\"https:\/\/jfrog.com\/de\/\"},{\"@type\":\"ListItem\",\"position\":2,\"name\":\"Artifactory &#8211; Hauptbereich\"}]},{\"@type\":\"WebSite\",\"@id\":\"https:\/\/jfrog.com\/de\/#website\",\"url\":\"https:\/\/jfrog.com\/de\/\",\"name\":\"JFrog\",\"description\":\"Deliver Trusted Software Releases at Speed and Scale\",\"publisher\":{\"@id\":\"https:\/\/jfrog.com\/de\/#organization\"},\"potentialAction\":[{\"@type\":\"SearchAction\",\"target\":{\"@type\":\"EntryPoint\",\"urlTemplate\":\"https:\/\/jfrog.com\/de\/?s={search_term_string}\"},\"query-input\":\"required name=search_term_string\"}],\"inLanguage\":\"de-DE\"},{\"@type\":\"Organization\",\"@id\":\"https:\/\/jfrog.com\/de\/#organization\",\"name\":\"JFrog\",\"url\":\"https:\/\/jfrog.com\/de\/\",\"logo\":{\"@type\":\"ImageObject\",\"inLanguage\":\"de-DE\",\"@id\":\"https:\/\/jfrog.com\/de\/#\/schema\/logo\/image\/\",\"url\":\"https:\/\/speedmedia2.jfrog.com\/08612fe1-9391-4cf3-ac1a-6dd49c36b276\/media.jfrog.com\/wp-content\/uploads\/2025\/05\/27095207\/Logo.svg\",\"contentUrl\":\"https:\/\/speedmedia2.jfrog.com\/08612fe1-9391-4cf3-ac1a-6dd49c36b276\/media.jfrog.com\/wp-content\/uploads\/2025\/05\/27095207\/Logo.svg\",\"width\":74,\"height\":73,\"caption\":\"JFrog\"},\"image\":{\"@id\":\"https:\/\/jfrog.com\/de\/#\/schema\/logo\/image\/\"},\"sameAs\":[\"https:\/\/www.facebook.com\/artifrog\",\"https:\/\/x.com\/jfrog\",\"https:\/\/www.linkedin.com\/company\/455737\",\"https:\/\/www.youtube.com\/channel\/UCh2hNg76zo3d1qQqTWIQxDg\",\"https:\/\/www.wikidata.org\/wiki\/Q98608948\"],\"description\":\"We set out on our Liquid Software journey in 2008, with the mission to transform the way enterprises manage and release software updates. The world expects software to update continuously, securely, non-intrusively and without user intervention. This hyper-connected experience can only be enabled by automation with an end-to-end DevOps platform and a binary-centric focus. With this in mind, we\u2019ve developed the JFrog Platform, ushering in a new era of DevOps and DevSecOps standards that power continuous updates. More than a decade after our founding, with thousands of customers and millions of users globally, JFrog has become the \u201cDatabase of DevOps\u201d and the de-facto standard in release and update management.\",\"legalName\":\"Jfrog, Inc.\",\"numberOfEmployees\":{\"@type\":\"QuantitativeValue\",\"minValue\":\"1001\",\"maxValue\":\"5000\"}}]}<\/script>\n<!-- \/ Yoast SEO Premium plugin. -->","yoast_head_json":{"title":"JFrog Artifactory - Universeller Artifact-Repository-Manager","description":"JFrog Artifactory ist eine sichere, skalierbare, unternehmenstaugliche L\u00f6sung f\u00fcr die Verwaltung des gesamten Lebenszyklus von Software-Artefakten, Bin\u00e4rdateien, KI\/ML-Modellen, Containern und Paketen.","robots":{"index":"index","follow":"follow","max-snippet":"max-snippet:-1","max-image-preview":"max-image-preview:large","max-video-preview":"max-video-preview:-1"},"canonical":"https:\/\/jfrog.com\/de\/wp-json\/wp\/v2\/pages\/148315","og_locale":"de_DE","og_type":"article","og_title":"Artifactory - Universelle Artefaktverwaltung","og_description":"Als weltweit erstes universelles Repository ist JFrog Artifactory das Herzst\u00fcck der JFrog Plattform und fungiert als Single Source of Truth f\u00fcr alle Packages auf ihrem Weg durch die gesamte DevOps-Pipeline.","og_url":"https:\/\/jfrog.com\/de\/artifactory\/","og_site_name":"JFrog","article_publisher":"https:\/\/www.facebook.com\/artifrog","article_modified_time":"2026-04-19T08:33:20+00:00","og_image":[{"url":"https:\/\/media.jfrog.com\/wp-content\/uploads\/2020\/03\/03200428\/Artifactmanagementsocial-06.jpg"}],"twitter_card":"summary_large_image","twitter_title":"Artifactory - Universelle Artefaktverwaltung","twitter_description":"Als weltweit erstes universelles Repository ist JFrog Artifactory das Herzst\u00fcck der JFrog Plattform und fungiert als Single Source of Truth f\u00fcr alle Packages auf ihrem Weg durch die gesamte DevOps-Pipeline.","twitter_image":"https:\/\/media.jfrog.com\/wp-content\/uploads\/2020\/03\/03200428\/Artifactmanagementsocial-06.jpg","twitter_site":"@jfrog","schema":{"@context":"https:\/\/schema.org","@graph":[{"@type":"WebPage","@id":"https:\/\/jfrog.com\/de\/artifactory\/","url":"https:\/\/jfrog.com\/de\/artifactory\/","name":"JFrog Artifactory - Universeller Artifact-Repository-Manager","isPartOf":{"@id":"https:\/\/jfrog.com\/de\/#website"},"datePublished":"2025-02-09T09:18:03+00:00","dateModified":"2026-04-19T08:33:20+00:00","description":"JFrog Artifactory ist eine sichere, skalierbare, unternehmenstaugliche L\u00f6sung f\u00fcr die Verwaltung des gesamten Lebenszyklus von Software-Artefakten, Bin\u00e4rdateien, KI\/ML-Modellen, Containern und Paketen.","breadcrumb":{"@id":"https:\/\/jfrog.com\/de\/artifactory\/#breadcrumb"},"inLanguage":"de-DE","potentialAction":[{"@type":"ReadAction","target":["https:\/\/jfrog.com\/de\/artifactory\/"]}]},{"@type":"BreadcrumbList","@id":"https:\/\/jfrog.com\/de\/artifactory\/#breadcrumb","itemListElement":[{"@type":"ListItem","position":1,"name":"Home","item":"https:\/\/jfrog.com\/de\/"},{"@type":"ListItem","position":2,"name":"Artifactory &#8211; Hauptbereich"}]},{"@type":"WebSite","@id":"https:\/\/jfrog.com\/de\/#website","url":"https:\/\/jfrog.com\/de\/","name":"JFrog","description":"Deliver Trusted Software Releases at Speed and Scale","publisher":{"@id":"https:\/\/jfrog.com\/de\/#organization"},"potentialAction":[{"@type":"SearchAction","target":{"@type":"EntryPoint","urlTemplate":"https:\/\/jfrog.com\/de\/?s={search_term_string}"},"query-input":"required name=search_term_string"}],"inLanguage":"de-DE"},{"@type":"Organization","@id":"https:\/\/jfrog.com\/de\/#organization","name":"JFrog","url":"https:\/\/jfrog.com\/de\/","logo":{"@type":"ImageObject","inLanguage":"de-DE","@id":"https:\/\/jfrog.com\/de\/#\/schema\/logo\/image\/","url":"https:\/\/speedmedia2.jfrog.com\/08612fe1-9391-4cf3-ac1a-6dd49c36b276\/media.jfrog.com\/wp-content\/uploads\/2025\/05\/27095207\/Logo.svg","contentUrl":"https:\/\/speedmedia2.jfrog.com\/08612fe1-9391-4cf3-ac1a-6dd49c36b276\/media.jfrog.com\/wp-content\/uploads\/2025\/05\/27095207\/Logo.svg","width":74,"height":73,"caption":"JFrog"},"image":{"@id":"https:\/\/jfrog.com\/de\/#\/schema\/logo\/image\/"},"sameAs":["https:\/\/www.facebook.com\/artifrog","https:\/\/x.com\/jfrog","https:\/\/www.linkedin.com\/company\/455737","https:\/\/www.youtube.com\/channel\/UCh2hNg76zo3d1qQqTWIQxDg","https:\/\/www.wikidata.org\/wiki\/Q98608948"],"description":"We set out on our Liquid Software journey in 2008, with the mission to transform the way enterprises manage and release software updates. The world expects software to update continuously, securely, non-intrusively and without user intervention. This hyper-connected experience can only be enabled by automation with an end-to-end DevOps platform and a binary-centric focus. With this in mind, we\u2019ve developed the JFrog Platform, ushering in a new era of DevOps and DevSecOps standards that power continuous updates. More than a decade after our founding, with thousands of customers and millions of users globally, JFrog has become the \u201cDatabase of DevOps\u201d and the de-facto standard in release and update management.","legalName":"Jfrog, Inc.","numberOfEmployees":{"@type":"QuantitativeValue","minValue":"1001","maxValue":"5000"}}]}},"_links":{"self":[{"href":"https:\/\/jfrog.com\/de\/wp-json\/wp\/v2\/pages\/148315","targetHints":{"allow":["GET"]}}],"collection":[{"href":"https:\/\/jfrog.com\/de\/wp-json\/wp\/v2\/pages"}],"about":[{"href":"https:\/\/jfrog.com\/de\/wp-json\/wp\/v2\/types\/page"}],"author":[{"embeddable":true,"href":"https:\/\/jfrog.com\/de\/wp-json\/wp\/v2\/users\/506"}],"replies":[{"embeddable":true,"href":"https:\/\/jfrog.com\/de\/wp-json\/wp\/v2\/comments?post=148315"}],"version-history":[{"count":10,"href":"https:\/\/jfrog.com\/de\/wp-json\/wp\/v2\/pages\/148315\/revisions"}],"predecessor-version":[{"id":165639,"href":"https:\/\/jfrog.com\/de\/wp-json\/wp\/v2\/pages\/148315\/revisions\/165639"}],"wp:attachment":[{"href":"https:\/\/jfrog.com\/de\/wp-json\/wp\/v2\/media?parent=148315"}],"curies":[{"name":"wp","href":"https:\/\/api.w.org\/{rel}","templated":true}]}}