{"id":136270,"date":"2024-07-10T13:18:33","date_gmt":"2024-07-10T11:18:33","guid":{"rendered":"https:\/\/jfrog.com\/sast\/schedule-a-demo\/"},"modified":"2024-07-11T14:44:32","modified_gmt":"2024-07-11T12:44:32","slug":"schedule-a-demo","status":"publish","type":"page","link":"https:\/\/jfrog.com\/de\/sast\/schedule-a-demo\/","title":{"rendered":"SAST &#8211; Demo planen"},"content":{"rendered":"<ul>\n<li>Erfahren Sie mehr \u00fcber die Sicherung Ihres Quellcodes mit JFrog<\/li>\n<li>Sehen Sie die Geschwindigkeit und Genauigkeit von JFrog SAST<\/li>\n<li>Erleben Sie den Arbeitsablauf der SAST-Entwickler<\/li>\n<li>Erfahren Sie, wie Sie Ihre eigene Testversion einrichten k\u00f6nnen<\/li>\n<li>Testen Sie in Ihrer eigenen Umgebung<\/li>\n<li>Entdecken Sie mehr \u00fcber die Sicherheitsl\u00f6sungen von JFrog<\/li>\n<li>Stellen Sie Fragen zu Ihren Anwendungsf\u00e4llen<\/li>\n<\/ul>\n","protected":false},"excerpt":{"rendered":"<p>Erfahren Sie mehr \u00fcber die Sicherung Ihres Quellcodes mit JFrog Sehen Sie die Geschwindigkeit und Genauigkeit von JFrog SAST Erleben Sie den Arbeitsablauf der SAST-Entwickler Erfahren Sie, wie Sie Ihre eigene Testversion einrichten k\u00f6nnen Testen Sie in Ihrer eigenen Umgebung Entdecken Sie mehr \u00fcber die Sicherheitsl\u00f6sungen von JFrog Stellen Sie Fragen zu Ihren Anwendungsf\u00e4llen<\/p>\n","protected":false},"author":410,"featured_media":0,"parent":121475,"menu_order":726,"comment_status":"closed","ping_status":"closed","template":"templates\/lp-curation-demo.php","meta":{"inline_featured_image":false,"footnotes":""},"class_list":["post-136270","page","type-page","status-publish","hentry"],"yoast_head":"<!-- This site is optimized with the Yoast SEO Premium plugin v22.6 (Yoast SEO v22.6) - https:\/\/yoast.com\/wordpress\/plugins\/seo\/ -->\n<title>SAST - Demo planen | JFrog<\/title>\n<meta name=\"robots\" content=\"index, follow, max-snippet:-1, max-image-preview:large, max-video-preview:-1\" \/>\n<link rel=\"canonical\" href=\"https:\/\/jfrog.com\/de\/wp-json\/wp\/v2\/pages\/136270\" \/>\n<meta property=\"og:locale\" content=\"de_DE\" \/>\n<meta property=\"og:type\" content=\"article\" \/>\n<meta property=\"og:title\" content=\"SAST - Demo planen\" \/>\n<meta property=\"og:description\" content=\"Erfahren Sie mehr \u00fcber die Sicherung Ihres Quellcodes mit JFrog Sehen Sie die Geschwindigkeit und Genauigkeit von JFrog SAST Erleben Sie den Arbeitsablauf der SAST-Entwickler Erfahren Sie, wie Sie Ihre eigene Testversion einrichten k\u00f6nnen Testen Sie in Ihrer eigenen Umgebung Entdecken Sie mehr \u00fcber die Sicherheitsl\u00f6sungen von JFrog Stellen Sie Fragen zu Ihren Anwendungsf\u00e4llen\" \/>\n<meta property=\"og:url\" content=\"https:\/\/jfrog.com\/de\/sast\/schedule-a-demo\/\" \/>\n<meta property=\"og:site_name\" content=\"JFrog\" \/>\n<meta property=\"article:publisher\" content=\"https:\/\/www.facebook.com\/artifrog\" \/>\n<meta property=\"article:modified_time\" content=\"2024-07-11T12:44:32+00:00\" \/>\n<meta property=\"og:image\" content=\"https:\/\/speedmedia2.jfrog.com\/08612fe1-9391-4cf3-ac1a-6dd49c36b276\/media.jfrog.com\/wp-content\/uploads\/2018\/06\/20132021\/JFROG.png\" \/>\n\t<meta property=\"og:image:width\" content=\"1200\" \/>\n\t<meta property=\"og:image:height\" content=\"628\" \/>\n\t<meta property=\"og:image:type\" content=\"image\/png\" \/>\n<meta name=\"twitter:card\" content=\"summary_large_image\" \/>\n<meta name=\"twitter:site\" content=\"@jfrog\" \/>\n<meta name=\"twitter:label1\" content=\"Est. reading time\" \/>\n\t<meta name=\"twitter:data1\" content=\"1 minute\" \/>\n<script type=\"application\/ld+json\" class=\"yoast-schema-graph\">{\"@context\":\"https:\/\/schema.org\",\"@graph\":[{\"@type\":\"WebPage\",\"@id\":\"https:\/\/jfrog.com\/de\/sast\/schedule-a-demo\/\",\"url\":\"https:\/\/jfrog.com\/de\/sast\/schedule-a-demo\/\",\"name\":\"SAST - Demo planen | JFrog\",\"isPartOf\":{\"@id\":\"https:\/\/jfrog.com\/de\/#website\"},\"datePublished\":\"2024-07-10T11:18:33+00:00\",\"dateModified\":\"2024-07-11T12:44:32+00:00\",\"breadcrumb\":{\"@id\":\"https:\/\/jfrog.com\/de\/sast\/schedule-a-demo\/#breadcrumb\"},\"inLanguage\":\"de-DE\",\"potentialAction\":[{\"@type\":\"ReadAction\",\"target\":[\"https:\/\/jfrog.com\/de\/sast\/schedule-a-demo\/\"]}]},{\"@type\":\"BreadcrumbList\",\"@id\":\"https:\/\/jfrog.com\/de\/sast\/schedule-a-demo\/#breadcrumb\",\"itemListElement\":[{\"@type\":\"ListItem\",\"position\":1,\"name\":\"Home\",\"item\":\"https:\/\/jfrog.com\/de\/\"},{\"@type\":\"ListItem\",\"position\":2,\"name\":\"SAST\",\"item\":\"https:\/\/jfrog.com\/de\/sast\/\"},{\"@type\":\"ListItem\",\"position\":3,\"name\":\"SAST &#8211; Demo planen\"}]},{\"@type\":\"WebSite\",\"@id\":\"https:\/\/jfrog.com\/de\/#website\",\"url\":\"https:\/\/jfrog.com\/de\/\",\"name\":\"JFrog\",\"description\":\"Deliver Trusted Software Releases at Speed and Scale\",\"publisher\":{\"@id\":\"https:\/\/jfrog.com\/de\/#organization\"},\"potentialAction\":[{\"@type\":\"SearchAction\",\"target\":{\"@type\":\"EntryPoint\",\"urlTemplate\":\"https:\/\/jfrog.com\/de\/?s={search_term_string}\"},\"query-input\":\"required name=search_term_string\"}],\"inLanguage\":\"de-DE\"},{\"@type\":\"Organization\",\"@id\":\"https:\/\/jfrog.com\/de\/#organization\",\"name\":\"JFrog\",\"url\":\"https:\/\/jfrog.com\/de\/\",\"logo\":{\"@type\":\"ImageObject\",\"inLanguage\":\"de-DE\",\"@id\":\"https:\/\/jfrog.com\/de\/#\/schema\/logo\/image\/\",\"url\":\"https:\/\/speedmedia2.jfrog.com\/08612fe1-9391-4cf3-ac1a-6dd49c36b276\/media.jfrog.com\/wp-content\/uploads\/2025\/05\/27095207\/Logo.svg\",\"contentUrl\":\"https:\/\/speedmedia2.jfrog.com\/08612fe1-9391-4cf3-ac1a-6dd49c36b276\/media.jfrog.com\/wp-content\/uploads\/2025\/05\/27095207\/Logo.svg\",\"width\":74,\"height\":73,\"caption\":\"JFrog\"},\"image\":{\"@id\":\"https:\/\/jfrog.com\/de\/#\/schema\/logo\/image\/\"},\"sameAs\":[\"https:\/\/www.facebook.com\/artifrog\",\"https:\/\/x.com\/jfrog\",\"https:\/\/www.linkedin.com\/company\/455737\",\"https:\/\/www.youtube.com\/channel\/UCh2hNg76zo3d1qQqTWIQxDg\",\"https:\/\/www.wikidata.org\/wiki\/Q98608948\"],\"description\":\"We set out on our Liquid Software journey in 2008, with the mission to transform the way enterprises manage and release software updates. The world expects software to update continuously, securely, non-intrusively and without user intervention. This hyper-connected experience can only be enabled by automation with an end-to-end DevOps platform and a binary-centric focus. With this in mind, we\u2019ve developed the JFrog Platform, ushering in a new era of DevOps and DevSecOps standards that power continuous updates. More than a decade after our founding, with thousands of customers and millions of users globally, JFrog has become the \u201cDatabase of DevOps\u201d and the de-facto standard in release and update management.\",\"legalName\":\"Jfrog, Inc.\",\"numberOfEmployees\":{\"@type\":\"QuantitativeValue\",\"minValue\":\"1001\",\"maxValue\":\"5000\"}}]}<\/script>\n<!-- \/ Yoast SEO Premium plugin. -->","yoast_head_json":{"title":"SAST - Demo planen | JFrog","robots":{"index":"index","follow":"follow","max-snippet":"max-snippet:-1","max-image-preview":"max-image-preview:large","max-video-preview":"max-video-preview:-1"},"canonical":"https:\/\/jfrog.com\/de\/wp-json\/wp\/v2\/pages\/136270","og_locale":"de_DE","og_type":"article","og_title":"SAST - Demo planen","og_description":"Erfahren Sie mehr \u00fcber die Sicherung Ihres Quellcodes mit JFrog Sehen Sie die Geschwindigkeit und Genauigkeit von JFrog SAST Erleben Sie den Arbeitsablauf der SAST-Entwickler Erfahren Sie, wie Sie Ihre eigene Testversion einrichten k\u00f6nnen Testen Sie in Ihrer eigenen Umgebung Entdecken Sie mehr \u00fcber die Sicherheitsl\u00f6sungen von JFrog Stellen Sie Fragen zu Ihren Anwendungsf\u00e4llen","og_url":"https:\/\/jfrog.com\/de\/sast\/schedule-a-demo\/","og_site_name":"JFrog","article_publisher":"https:\/\/www.facebook.com\/artifrog","article_modified_time":"2024-07-11T12:44:32+00:00","og_image":[{"width":1200,"height":628,"url":"https:\/\/speedmedia2.jfrog.com\/08612fe1-9391-4cf3-ac1a-6dd49c36b276\/media.jfrog.com\/wp-content\/uploads\/2018\/06\/20132021\/JFROG.png","type":"image\/png"}],"twitter_card":"summary_large_image","twitter_site":"@jfrog","twitter_misc":{"Est. reading time":"1 minute"},"schema":{"@context":"https:\/\/schema.org","@graph":[{"@type":"WebPage","@id":"https:\/\/jfrog.com\/de\/sast\/schedule-a-demo\/","url":"https:\/\/jfrog.com\/de\/sast\/schedule-a-demo\/","name":"SAST - Demo planen | JFrog","isPartOf":{"@id":"https:\/\/jfrog.com\/de\/#website"},"datePublished":"2024-07-10T11:18:33+00:00","dateModified":"2024-07-11T12:44:32+00:00","breadcrumb":{"@id":"https:\/\/jfrog.com\/de\/sast\/schedule-a-demo\/#breadcrumb"},"inLanguage":"de-DE","potentialAction":[{"@type":"ReadAction","target":["https:\/\/jfrog.com\/de\/sast\/schedule-a-demo\/"]}]},{"@type":"BreadcrumbList","@id":"https:\/\/jfrog.com\/de\/sast\/schedule-a-demo\/#breadcrumb","itemListElement":[{"@type":"ListItem","position":1,"name":"Home","item":"https:\/\/jfrog.com\/de\/"},{"@type":"ListItem","position":2,"name":"SAST","item":"https:\/\/jfrog.com\/de\/sast\/"},{"@type":"ListItem","position":3,"name":"SAST &#8211; Demo planen"}]},{"@type":"WebSite","@id":"https:\/\/jfrog.com\/de\/#website","url":"https:\/\/jfrog.com\/de\/","name":"JFrog","description":"Deliver Trusted Software Releases at Speed and Scale","publisher":{"@id":"https:\/\/jfrog.com\/de\/#organization"},"potentialAction":[{"@type":"SearchAction","target":{"@type":"EntryPoint","urlTemplate":"https:\/\/jfrog.com\/de\/?s={search_term_string}"},"query-input":"required name=search_term_string"}],"inLanguage":"de-DE"},{"@type":"Organization","@id":"https:\/\/jfrog.com\/de\/#organization","name":"JFrog","url":"https:\/\/jfrog.com\/de\/","logo":{"@type":"ImageObject","inLanguage":"de-DE","@id":"https:\/\/jfrog.com\/de\/#\/schema\/logo\/image\/","url":"https:\/\/speedmedia2.jfrog.com\/08612fe1-9391-4cf3-ac1a-6dd49c36b276\/media.jfrog.com\/wp-content\/uploads\/2025\/05\/27095207\/Logo.svg","contentUrl":"https:\/\/speedmedia2.jfrog.com\/08612fe1-9391-4cf3-ac1a-6dd49c36b276\/media.jfrog.com\/wp-content\/uploads\/2025\/05\/27095207\/Logo.svg","width":74,"height":73,"caption":"JFrog"},"image":{"@id":"https:\/\/jfrog.com\/de\/#\/schema\/logo\/image\/"},"sameAs":["https:\/\/www.facebook.com\/artifrog","https:\/\/x.com\/jfrog","https:\/\/www.linkedin.com\/company\/455737","https:\/\/www.youtube.com\/channel\/UCh2hNg76zo3d1qQqTWIQxDg","https:\/\/www.wikidata.org\/wiki\/Q98608948"],"description":"We set out on our Liquid Software journey in 2008, with the mission to transform the way enterprises manage and release software updates. The world expects software to update continuously, securely, non-intrusively and without user intervention. This hyper-connected experience can only be enabled by automation with an end-to-end DevOps platform and a binary-centric focus. With this in mind, we\u2019ve developed the JFrog Platform, ushering in a new era of DevOps and DevSecOps standards that power continuous updates. More than a decade after our founding, with thousands of customers and millions of users globally, JFrog has become the \u201cDatabase of DevOps\u201d and the de-facto standard in release and update management.","legalName":"Jfrog, Inc.","numberOfEmployees":{"@type":"QuantitativeValue","minValue":"1001","maxValue":"5000"}}]}},"_links":{"self":[{"href":"https:\/\/jfrog.com\/de\/wp-json\/wp\/v2\/pages\/136270","targetHints":{"allow":["GET"]}}],"collection":[{"href":"https:\/\/jfrog.com\/de\/wp-json\/wp\/v2\/pages"}],"about":[{"href":"https:\/\/jfrog.com\/de\/wp-json\/wp\/v2\/types\/page"}],"author":[{"embeddable":true,"href":"https:\/\/jfrog.com\/de\/wp-json\/wp\/v2\/users\/410"}],"replies":[{"embeddable":true,"href":"https:\/\/jfrog.com\/de\/wp-json\/wp\/v2\/comments?post=136270"}],"version-history":[{"count":1,"href":"https:\/\/jfrog.com\/de\/wp-json\/wp\/v2\/pages\/136270\/revisions"}],"predecessor-version":[{"id":136427,"href":"https:\/\/jfrog.com\/de\/wp-json\/wp\/v2\/pages\/136270\/revisions\/136427"}],"up":[{"embeddable":true,"href":"https:\/\/jfrog.com\/de\/wp-json\/wp\/v2\/pages\/121475"}],"wp:attachment":[{"href":"https:\/\/jfrog.com\/de\/wp-json\/wp\/v2\/media?parent=136270"}],"curies":[{"name":"wp","href":"https:\/\/api.w.org\/{rel}","templated":true}]}}