{"id":111186,"date":"2023-03-07T10:41:53","date_gmt":"2023-03-07T08:41:53","guid":{"rendered":"https:\/\/jfrog.com\/artifact-state-of-union\/"},"modified":"2023-05-29T08:01:05","modified_gmt":"2023-05-29T06:01:05","slug":"artifact-state-of-union","status":"publish","type":"page","link":"https:\/\/jfrog.com\/de\/artifact-state-of-union\/","title":{"rendered":"Bericht zur Artefakt-Lage"},"content":{"rendered":"","protected":false},"excerpt":{"rendered":"","protected":false},"author":410,"featured_media":0,"parent":0,"menu_order":830,"comment_status":"closed","ping_status":"closed","template":"templates\/jfrog-state-of-package-report.php","meta":{"inline_featured_image":false,"footnotes":""},"class_list":["post-111186","page","type-page","status-publish","hentry"],"yoast_head":"<!-- This site is optimized with the Yoast SEO Premium plugin v22.6 (Yoast SEO v22.6) - https:\/\/yoast.com\/wordpress\/plugins\/seo\/ -->\n<title>Bericht zur Lage der Artefakt-Software 2023 | JFrog<\/title>\n<meta name=\"description\" content=\"Anhand der Daten von \u00fcber 7.000 Kunden weltweit zeigt JFrog in diesem Datenbericht 2023 detailliert auf, welche Technologien tats\u00e4chlich zur Erstellung von Software f\u00fcr Endanwender eingesetzt werden. Erkenntnisse sehen\" \/>\n<meta name=\"robots\" content=\"index, follow, max-snippet:-1, max-image-preview:large, max-video-preview:-1\" \/>\n<link rel=\"canonical\" href=\"https:\/\/jfrog.com\/de\/wp-json\/wp\/v2\/pages\/111186\" \/>\n<meta property=\"og:locale\" content=\"de_DE\" \/>\n<meta property=\"og:type\" content=\"article\" \/>\n<meta property=\"og:title\" content=\"Bericht zur Artefakt-Lage\" \/>\n<meta property=\"og:description\" content=\"Anhand der Daten von \u00fcber 7.000 Kunden weltweit zeigt JFrog in diesem Datenbericht 2023 detailliert auf, welche Technologien tats\u00e4chlich zur Erstellung von Software f\u00fcr Endanwender eingesetzt werden. Erkenntnisse sehen\" \/>\n<meta property=\"og:url\" content=\"https:\/\/jfrog.com\/de\/artifact-state-of-union\/\" \/>\n<meta property=\"og:site_name\" content=\"JFrog\" \/>\n<meta property=\"article:publisher\" content=\"https:\/\/www.facebook.com\/artifrog\" \/>\n<meta property=\"article:modified_time\" content=\"2023-05-29T06:01:05+00:00\" \/>\n<meta property=\"og:image\" content=\"https:\/\/media.jfrog.com\/wp-content\/uploads\/2023\/02\/05172320\/Artifact-State-of-Union.png\" \/>\n<meta name=\"twitter:card\" content=\"summary_large_image\" \/>\n<meta name=\"twitter:site\" content=\"@jfrog\" \/>\n<script type=\"application\/ld+json\" class=\"yoast-schema-graph\">{\"@context\":\"https:\/\/schema.org\",\"@graph\":[{\"@type\":\"WebPage\",\"@id\":\"https:\/\/jfrog.com\/de\/artifact-state-of-union\/\",\"url\":\"https:\/\/jfrog.com\/de\/artifact-state-of-union\/\",\"name\":\"Bericht zur Lage der Artefakt-Software 2023 | JFrog\",\"isPartOf\":{\"@id\":\"https:\/\/jfrog.com\/de\/#website\"},\"datePublished\":\"2023-03-07T08:41:53+00:00\",\"dateModified\":\"2023-05-29T06:01:05+00:00\",\"description\":\"Anhand der Daten von \u00fcber 7.000 Kunden weltweit zeigt JFrog in diesem Datenbericht 2023 detailliert auf, welche Technologien tats\u00e4chlich zur Erstellung von Software f\u00fcr Endanwender eingesetzt werden. Erkenntnisse sehen\",\"breadcrumb\":{\"@id\":\"https:\/\/jfrog.com\/de\/artifact-state-of-union\/#breadcrumb\"},\"inLanguage\":\"de-DE\",\"potentialAction\":[{\"@type\":\"ReadAction\",\"target\":[\"https:\/\/jfrog.com\/de\/artifact-state-of-union\/\"]}]},{\"@type\":\"BreadcrumbList\",\"@id\":\"https:\/\/jfrog.com\/de\/artifact-state-of-union\/#breadcrumb\",\"itemListElement\":[{\"@type\":\"ListItem\",\"position\":1,\"name\":\"Home\",\"item\":\"https:\/\/jfrog.com\/de\/\"},{\"@type\":\"ListItem\",\"position\":2,\"name\":\"Bericht zur Artefakt-Lage\"}]},{\"@type\":\"WebSite\",\"@id\":\"https:\/\/jfrog.com\/de\/#website\",\"url\":\"https:\/\/jfrog.com\/de\/\",\"name\":\"JFrog\",\"description\":\"Deliver Trusted Software Releases at Speed and Scale\",\"publisher\":{\"@id\":\"https:\/\/jfrog.com\/de\/#organization\"},\"potentialAction\":[{\"@type\":\"SearchAction\",\"target\":{\"@type\":\"EntryPoint\",\"urlTemplate\":\"https:\/\/jfrog.com\/de\/?s={search_term_string}\"},\"query-input\":\"required name=search_term_string\"}],\"inLanguage\":\"de-DE\"},{\"@type\":\"Organization\",\"@id\":\"https:\/\/jfrog.com\/de\/#organization\",\"name\":\"JFrog\",\"url\":\"https:\/\/jfrog.com\/de\/\",\"logo\":{\"@type\":\"ImageObject\",\"inLanguage\":\"de-DE\",\"@id\":\"https:\/\/jfrog.com\/de\/#\/schema\/logo\/image\/\",\"url\":\"https:\/\/speedmedia2.jfrog.com\/08612fe1-9391-4cf3-ac1a-6dd49c36b276\/media.jfrog.com\/wp-content\/uploads\/2025\/05\/27095207\/Logo.svg\",\"contentUrl\":\"https:\/\/speedmedia2.jfrog.com\/08612fe1-9391-4cf3-ac1a-6dd49c36b276\/media.jfrog.com\/wp-content\/uploads\/2025\/05\/27095207\/Logo.svg\",\"width\":74,\"height\":73,\"caption\":\"JFrog\"},\"image\":{\"@id\":\"https:\/\/jfrog.com\/de\/#\/schema\/logo\/image\/\"},\"sameAs\":[\"https:\/\/www.facebook.com\/artifrog\",\"https:\/\/x.com\/jfrog\",\"https:\/\/www.linkedin.com\/company\/455737\",\"https:\/\/www.youtube.com\/channel\/UCh2hNg76zo3d1qQqTWIQxDg\",\"https:\/\/www.wikidata.org\/wiki\/Q98608948\"],\"description\":\"We set out on our Liquid Software journey in 2008, with the mission to transform the way enterprises manage and release software updates. The world expects software to update continuously, securely, non-intrusively and without user intervention. This hyper-connected experience can only be enabled by automation with an end-to-end DevOps platform and a binary-centric focus. With this in mind, we\u2019ve developed the JFrog Platform, ushering in a new era of DevOps and DevSecOps standards that power continuous updates. More than a decade after our founding, with thousands of customers and millions of users globally, JFrog has become the \u201cDatabase of DevOps\u201d and the de-facto standard in release and update management.\",\"legalName\":\"Jfrog, Inc.\",\"numberOfEmployees\":{\"@type\":\"QuantitativeValue\",\"minValue\":\"1001\",\"maxValue\":\"5000\"}}]}<\/script>\n<!-- \/ Yoast SEO Premium plugin. -->","yoast_head_json":{"title":"Bericht zur Lage der Artefakt-Software 2023 | JFrog","description":"Anhand der Daten von \u00fcber 7.000 Kunden weltweit zeigt JFrog in diesem Datenbericht 2023 detailliert auf, welche Technologien tats\u00e4chlich zur Erstellung von Software f\u00fcr Endanwender eingesetzt werden. Erkenntnisse sehen","robots":{"index":"index","follow":"follow","max-snippet":"max-snippet:-1","max-image-preview":"max-image-preview:large","max-video-preview":"max-video-preview:-1"},"canonical":"https:\/\/jfrog.com\/de\/wp-json\/wp\/v2\/pages\/111186","og_locale":"de_DE","og_type":"article","og_title":"Bericht zur Artefakt-Lage","og_description":"Anhand der Daten von \u00fcber 7.000 Kunden weltweit zeigt JFrog in diesem Datenbericht 2023 detailliert auf, welche Technologien tats\u00e4chlich zur Erstellung von Software f\u00fcr Endanwender eingesetzt werden. Erkenntnisse sehen","og_url":"https:\/\/jfrog.com\/de\/artifact-state-of-union\/","og_site_name":"JFrog","article_publisher":"https:\/\/www.facebook.com\/artifrog","article_modified_time":"2023-05-29T06:01:05+00:00","og_image":[{"url":"https:\/\/media.jfrog.com\/wp-content\/uploads\/2023\/02\/05172320\/Artifact-State-of-Union.png"}],"twitter_card":"summary_large_image","twitter_site":"@jfrog","schema":{"@context":"https:\/\/schema.org","@graph":[{"@type":"WebPage","@id":"https:\/\/jfrog.com\/de\/artifact-state-of-union\/","url":"https:\/\/jfrog.com\/de\/artifact-state-of-union\/","name":"Bericht zur Lage der Artefakt-Software 2023 | JFrog","isPartOf":{"@id":"https:\/\/jfrog.com\/de\/#website"},"datePublished":"2023-03-07T08:41:53+00:00","dateModified":"2023-05-29T06:01:05+00:00","description":"Anhand der Daten von \u00fcber 7.000 Kunden weltweit zeigt JFrog in diesem Datenbericht 2023 detailliert auf, welche Technologien tats\u00e4chlich zur Erstellung von Software f\u00fcr Endanwender eingesetzt werden. Erkenntnisse sehen","breadcrumb":{"@id":"https:\/\/jfrog.com\/de\/artifact-state-of-union\/#breadcrumb"},"inLanguage":"de-DE","potentialAction":[{"@type":"ReadAction","target":["https:\/\/jfrog.com\/de\/artifact-state-of-union\/"]}]},{"@type":"BreadcrumbList","@id":"https:\/\/jfrog.com\/de\/artifact-state-of-union\/#breadcrumb","itemListElement":[{"@type":"ListItem","position":1,"name":"Home","item":"https:\/\/jfrog.com\/de\/"},{"@type":"ListItem","position":2,"name":"Bericht zur Artefakt-Lage"}]},{"@type":"WebSite","@id":"https:\/\/jfrog.com\/de\/#website","url":"https:\/\/jfrog.com\/de\/","name":"JFrog","description":"Deliver Trusted Software Releases at Speed and Scale","publisher":{"@id":"https:\/\/jfrog.com\/de\/#organization"},"potentialAction":[{"@type":"SearchAction","target":{"@type":"EntryPoint","urlTemplate":"https:\/\/jfrog.com\/de\/?s={search_term_string}"},"query-input":"required name=search_term_string"}],"inLanguage":"de-DE"},{"@type":"Organization","@id":"https:\/\/jfrog.com\/de\/#organization","name":"JFrog","url":"https:\/\/jfrog.com\/de\/","logo":{"@type":"ImageObject","inLanguage":"de-DE","@id":"https:\/\/jfrog.com\/de\/#\/schema\/logo\/image\/","url":"https:\/\/speedmedia2.jfrog.com\/08612fe1-9391-4cf3-ac1a-6dd49c36b276\/media.jfrog.com\/wp-content\/uploads\/2025\/05\/27095207\/Logo.svg","contentUrl":"https:\/\/speedmedia2.jfrog.com\/08612fe1-9391-4cf3-ac1a-6dd49c36b276\/media.jfrog.com\/wp-content\/uploads\/2025\/05\/27095207\/Logo.svg","width":74,"height":73,"caption":"JFrog"},"image":{"@id":"https:\/\/jfrog.com\/de\/#\/schema\/logo\/image\/"},"sameAs":["https:\/\/www.facebook.com\/artifrog","https:\/\/x.com\/jfrog","https:\/\/www.linkedin.com\/company\/455737","https:\/\/www.youtube.com\/channel\/UCh2hNg76zo3d1qQqTWIQxDg","https:\/\/www.wikidata.org\/wiki\/Q98608948"],"description":"We set out on our Liquid Software journey in 2008, with the mission to transform the way enterprises manage and release software updates. The world expects software to update continuously, securely, non-intrusively and without user intervention. This hyper-connected experience can only be enabled by automation with an end-to-end DevOps platform and a binary-centric focus. With this in mind, we\u2019ve developed the JFrog Platform, ushering in a new era of DevOps and DevSecOps standards that power continuous updates. More than a decade after our founding, with thousands of customers and millions of users globally, JFrog has become the \u201cDatabase of DevOps\u201d and the de-facto standard in release and update management.","legalName":"Jfrog, Inc.","numberOfEmployees":{"@type":"QuantitativeValue","minValue":"1001","maxValue":"5000"}}]}},"_links":{"self":[{"href":"https:\/\/jfrog.com\/de\/wp-json\/wp\/v2\/pages\/111186","targetHints":{"allow":["GET"]}}],"collection":[{"href":"https:\/\/jfrog.com\/de\/wp-json\/wp\/v2\/pages"}],"about":[{"href":"https:\/\/jfrog.com\/de\/wp-json\/wp\/v2\/types\/page"}],"author":[{"embeddable":true,"href":"https:\/\/jfrog.com\/de\/wp-json\/wp\/v2\/users\/410"}],"replies":[{"embeddable":true,"href":"https:\/\/jfrog.com\/de\/wp-json\/wp\/v2\/comments?post=111186"}],"version-history":[{"count":7,"href":"https:\/\/jfrog.com\/de\/wp-json\/wp\/v2\/pages\/111186\/revisions"}],"predecessor-version":[{"id":116109,"href":"https:\/\/jfrog.com\/de\/wp-json\/wp\/v2\/pages\/111186\/revisions\/116109"}],"wp:attachment":[{"href":"https:\/\/jfrog.com\/de\/wp-json\/wp\/v2\/media?parent=111186"}],"curies":[{"name":"wp","href":"https:\/\/api.w.org\/{rel}","templated":true}]}}